{"id":267,"date":"2025-09-08T10:21:13","date_gmt":"2025-09-08T07:21:13","guid":{"rendered":"https:\/\/jaakkolareindeerfarm.com\/ota-yhteytta\/"},"modified":"2025-09-29T10:45:00","modified_gmt":"2025-09-29T07:45:00","slug":"ota-yhteytta","status":"publish","type":"page","link":"https:\/\/jaakkolareindeerfarm.com\/fi\/ota-yhteytta\/","title":{"rendered":"Ota yhteytt\u00e4"},"content":{"rendered":"<div>Tervetuloa Jaakkolan<\/div>\n<div>Tervetuloa Jaakkolan<\/div>\n<h1>Porotilalle<\/h1>\n<div>\n<h3>Jaakkolan porotila<\/h3>\n<div>\n<p><strong>Luoston porosafarit<\/strong><\/p>\n<p>Alakitisentie 899<br \/>FI \u2013 99555 Luosto<\/p>\n<p>Y-tunnus: 2764319-6<\/p>\n<p><a href=\"mailto:info@jaakkolareindeerfarm.com\">info@jaakkolareindeerfarm.com<\/a><\/p>\n<p><a href=\"tel:+358401634270\">+358 40 163 4270<\/a><\/p>\n<\/div>\n<\/div>\n<div>\n<h3>Varaa helposti verkossa<\/h3>\n<div>\n<p><em><strong>Varaathan vierailusi verkkokauppamme kautta.<\/strong><\/em> Jos varauskalenterissa ei ole saatavuutta, tai kyseess\u00e4 on ryhm\u00e4varaus, l\u00e4het\u00e4 varauspyynt\u00f6 s\u00e4hk\u00f6postitse <a href=\"mailto:info@jaakkolareindeerfarm.com\">info@jaakkolareindeerfarm.com<\/a>.<\/p>\n<h3>Puhelimitse yhteydenotto<\/h3>\n<p>Kiireellisiss\u00e4 tapauksissa voit yritt\u00e4\u00e4 tavoittaa meit\u00e4 puhelimitse arkisin ja lauantaisin klo 09:00\u201316:00 v\u00e4lill\u00e4. <em><strong>Emme kuitenkaan aina pysty vastaamaan puheluihin ollessamme asiakkaiden parissa.<\/strong><\/em> Sunnuntaisin emme ole tavoitettavissa.<\/p>\n<\/div>\n<\/div>\n<div>\n<h3>Laskutus<\/h3>\n<div>\n<p>Otamme mieluiten vastaan verkkolaskuja. Mik\u00e4li verkkolaskutusmahdollisuutta ei ole, pyyd\u00e4mme toimittamaan laskut s\u00e4hk\u00f6postitse omana pdf-tiedostona osoitteeseen: laskut@administer.fi josta ne skannataan ostoreskontraamme.<\/p>\n<p>Luoston porosafarit Oy<br \/>Y-tunnus 2764319-6<\/p>\n<\/div>\n<p><a href=\"https:\/\/verkkolaskuosoite.fi\/client\/index.html#\/detail?id=934155&#038;searchText=luoston%20poro\">Verkkolaskutusosoite<\/a><\/p>\n<\/div>\n<p><p>\n        <a href=\"#\">Tietosuoja- ja rekisteriseloste<\/a>\n    <\/p>\n<\/p>\n<div><iframe src=\"https:\/\/www.google.com\/maps\/embed?pb=!1m14!1m8!1m3!1d49406.39660561586!2d26.841348!3d67.233751!3m2!1i1024!2i768!4f13.1!3m3!1m2!1s0x442cce191fb2a9d9%3A0xac27aba8a32215a4!2sJaakkola%20Reindeer%20Farm!5e0!3m2!1sen!2sfi!4v1757412677550!5m2!1sen!2sfi\" width=\"100%\" height=\"550\" style=\"border:0;\" allowfullscreen=\"\" loading=\"lazy\" referrerpolicy=\"no-referrer-when-downgrade\"><\/iframe><\/div>\n<p><!--more--><br \/>\n<!-- {\"type\":\"layout\",\"children\":[{\"type\":\"section\",\"props\":{\"header_transparent\":true,\"header_transparent_noplaceholder\":false,\"header_transparent_text_color\":\"light\",\"height\":\"viewport\",\"height_offset_top\":false,\"height_viewport\":90,\"image\":\"wp-content\\\/uploads\\\/2025\\\/09\\\/jaakkola-reindeer-farm-sighn.jpg\",\"image_effect\":\"parallax\",\"image_loading\":true,\"image_parallax_bgx\":\"100\",\"image_position\":\"center-center\",\"image_size\":\"cover\",\"image_width\":\"2560\",\"media_overlay\":\"rgba(62, 21, 0, 0.75)\",\"media_overlay_parallax_opacity\":\"0.1,1\",\"media_overlay_parallax_start\":\"25%\",\"padding\":\"xlarge\",\"sticky\":\"cover\",\"style\":\"default\",\"text_color\":\"light\",\"title_breakpoint\":\"xl\",\"title_position\":\"top-left\",\"title_rotation\":\"left\",\"vertical_align\":\"bottom\",\"width\":\"expand\"},\"children\":[{\"type\":\"row\",\"children\":[{\"type\":\"column\",\"props\":{\"image_position\":\"center-center\",\"position_sticky_breakpoint\":\"m\",\"vertical_align\":\"middle\"},\"children\":[{\"type\":\"headline\",\"props\":{\"content\":\"Tervetuloa Jaakkolan\",\"margin_remove_top\":true,\"maxwidth\":\"2xlarge\",\"title_element\":\"div\",\"title_style\":\"h2\",\"visibility\":\"m\"}},{\"type\":\"headline\",\"props\":{\"content\":\"Tervetuloa Jaakkolan\",\"margin_remove_top\":true,\"maxwidth\":\"large\",\"title_element\":\"div\",\"title_style\":\"h4\",\"visibility\":\"hidden-m\"}},{\"type\":\"headline\",\"props\":{\"content\":\"Porotilalle\",\"margin\":\"default\",\"maxwidth\":\"2xlarge\",\"title_element\":\"h1\",\"title_style\":\"heading-xlarge\"}}]}],\"props\":{\"row_gap\":\"large\"}}],\"name\":\"Hero 2\"},{\"type\":\"section\",\"props\":{\"header_transparent\":true,\"height\":\"viewport\",\"height_viewport\":90,\"image\":\"wp-content\\\/uploads\\\/2025\\\/09\\\/puuta.jpg\",\"image_position\":\"center-center\",\"media_overlay\":\"rgba(78, 12, 10, 0.65)\",\"media_overlay_gradient\":\"radial-gradient(circle,rgba(78, 12, 10, 0.5) 22%, rgba(8, 0, 0, 0.75) 87%);\",\"style\":\"default\",\"title_breakpoint\":\"xl\",\"title_position\":\"top-left\",\"title_rotation\":\"left\",\"vertical_align\":\"middle\",\"width\":\"small\"},\"children\":[{\"type\":\"row\",\"props\":{\"layout\":\"1-2,1-2\",\"parallax\":false},\"children\":[{\"type\":\"column\",\"props\":{\"image_position\":\"center-center\",\"position_sticky_breakpoint\":\"m\",\"width_medium\":\"1-2\"},\"children\":[{\"type\":\"panel\",\"props\":{\"block_align\":\"right\",\"content\":\"\n\n<p><strong>Luoston porosafarit<\\\/strong><\\\/p>\\n\n\n<p>Alakitisentie 899<br \\\/>FI \\u2013 99555 Luosto<\\\/p>\\n\n\n<p>Y-tunnus: 2764319-6<\\\/p>\\n\n\n<p><a href=\\\"mailto:info@jaakkolareindeerfarm.com\\\">info@jaakkolareindeerfarm.com<\\\/a><\\\/p>\\n\n\n<p><a href=\\\"tel:+358401634270\\\">+358 40 163 4270<\\\/a><\\\/p>\",\"content_column_breakpoint\":\"m\",\"icon_width\":80,\"image_align\":\"top\",\"image_grid_breakpoint\":\"m\",\"image_grid_width\":\"1-2\",\"image_svg_color\":\"emphasis\",\"link_style\":\"primary\",\"link_text\":\"Experience\",\"margin\":\"default\",\"maxwidth\":\"large\",\"meta_align\":\"below-title\",\"meta_element\":\"div\",\"meta_style\":\"text-meta\",\"panel_link\":true,\"panel_padding\":\"default\",\"panel_style\":\"card-default\",\"title\":\"Jaakkolan porotila\",\"title_align\":\"top\",\"title_element\":\"h3\",\"title_grid_breakpoint\":\"m\",\"title_grid_width\":\"1-2\",\"title_hover_style\":\"reset\",\"title_style\":\"h2\"},\"name\":\"paneli\"},{\"type\":\"panel\",\"props\":{\"block_align\":\"right\",\"content\":\"\n\n<p><em><strong>Varaathan vierailusi verkkokauppamme kautta.<\\\/strong><\\\/em> Jos varauskalenterissa ei ole saatavuutta, tai kyseess\\u00e4 on ryhm\\u00e4varaus, l\\u00e4het\\u00e4 varauspyynt\\u00f6 s\\u00e4hk\\u00f6postitse <a href=\\\"mailto:info@jaakkolareindeerfarm.com\\\">info@jaakkolareindeerfarm.com<\\\/a>.<\\\/p>\\n\n\n<h3>Puhelimitse yhteydenotto<\\\/h3>\\n\n\n<p>Kiireellisiss\\u00e4 tapauksissa voit yritt\\u00e4\\u00e4 tavoittaa meit\\u00e4 puhelimitse arkisin ja lauantaisin klo 09:00\\u201316:00 v\\u00e4lill\\u00e4. <em><strong>Emme kuitenkaan aina pysty vastaamaan puheluihin ollessamme asiakkaiden parissa.<\\\/strong><\\\/em> Sunnuntaisin emme ole tavoitettavissa.<\\\/p>\",\"content_column_breakpoint\":\"m\",\"icon_width\":80,\"image_align\":\"top\",\"image_grid_breakpoint\":\"m\",\"image_grid_width\":\"1-2\",\"image_svg_color\":\"emphasis\",\"link_style\":\"primary\",\"link_text\":\"Experience\",\"margin\":\"default\",\"maxwidth\":\"large\",\"meta_align\":\"below-title\",\"meta_element\":\"div\",\"meta_style\":\"text-meta\",\"panel_link\":true,\"panel_padding\":\"default\",\"panel_style\":\"card-default\",\"title\":\"Varaa helposti verkossa\",\"title_align\":\"top\",\"title_element\":\"h3\",\"title_grid_breakpoint\":\"m\",\"title_grid_width\":\"1-2\",\"title_hover_style\":\"reset\",\"title_style\":\"h2\"},\"name\":\"paneli\"}]},{\"type\":\"column\",\"props\":{\"image_position\":\"center-center\",\"position_sticky_breakpoint\":\"m\",\"width_medium\":\"1-2\"},\"children\":[{\"type\":\"panel\",\"props\":{\"block_align\":\"right\",\"content\":\"\n\n<p>Otamme mieluiten vastaan verkkolaskuja. Mik\\u00e4li verkkolaskutusmahdollisuutta ei ole, pyyd\\u00e4mme toimittamaan laskut s\\u00e4hk\\u00f6postitse omana pdf-tiedostona osoitteeseen: laskut@administer.fi josta ne skannataan ostoreskontraamme.<\\\/p>\\n\n\n<p>Luoston porosafarit Oy<br \\\/>Y-tunnus 2764319-6<\\\/p>\",\"content_column_breakpoint\":\"m\",\"icon_width\":80,\"image_align\":\"top\",\"image_grid_breakpoint\":\"m\",\"image_grid_width\":\"1-2\",\"image_svg_color\":\"emphasis\",\"link\":\"https:\\\/\\\/verkkolaskuosoite.fi\\\/client\\\/index.html#\\\/detail?id=934155&searchText=luoston%20poro\",\"link_aria_label\":\"Verkkolaskutusosoite\",\"link_style\":\"text\",\"link_target\":true,\"link_text\":\"Verkkolaskutusosoite\",\"margin\":\"default\",\"maxwidth\":\"large\",\"meta_align\":\"below-title\",\"meta_element\":\"div\",\"meta_style\":\"text-meta\",\"panel_link\":true,\"panel_padding\":\"default\",\"panel_style\":\"card-default\",\"title\":\"Laskutus\",\"title_align\":\"top\",\"title_element\":\"h3\",\"title_grid_breakpoint\":\"m\",\"title_grid_width\":\"1-2\",\"title_hover_style\":\"reset\",\"title_style\":\"h2\"},\"name\":\"paneli\"},{\"type\":\"button\",\"props\":{\"grid_column_gap\":\"small\",\"grid_row_gap\":\"small\",\"margin\":\"default\"},\"children\":[{\"type\":\"button_item\",\"props\":{\"button_style\":\"primary\",\"content\":\"Tietosuoja- ja rekisteriseloste\",\"dialog_layout\":\"modal\",\"dialog_offcanvas_flip\":true,\"icon_align\":\"left\",\"link\":\"#\",\"link_aria_label\":\"Tietosuoja- ja rekisteriseloste\"}}]}]}]}]},{\"type\":\"section\",\"props\":{\"height_viewport\":50,\"image_position\":\"center-center\",\"padding\":\"none\",\"style\":\"default\",\"title_breakpoint\":\"xl\",\"title_position\":\"top-left\",\"title_rotation\":\"left\",\"vertical_align\":\"middle\",\"width\":\"\"},\"children\":[{\"type\":\"row\",\"children\":[{\"type\":\"column\",\"props\":{\"image_position\":\"center-center\",\"position_sticky_breakpoint\":\"m\"},\"children\":[{\"type\":\"text\",\"props\":{\"column_breakpoint\":\"m\",\"content\":\"<iframe src=\\\"https:\\\/\\\/www.google.com\\\/maps\\\/embed?pb=!1m14!1m8!1m3!1d49406.39660561586!2d26.841348!3d67.233751!3m2!1i1024!2i768!4f13.1!3m3!1m2!1s0x442cce191fb2a9d9%3A0xac27aba8a32215a4!2sJaakkola%20Reindeer%20Farm!5e0!3m2!1sen!2sfi!4v1757412677550!5m2!1sen!2sfi\\\" width=\\\"100%\\\" height=\\\"550\\\" style=\\\"border:0;\\\" allowfullscreen=\\\"\\\" loading=\\\"lazy\\\" referrerpolicy=\\\"no-referrer-when-downgrade\\\"><\\\/iframe>\",\"margin\":\"default\"}}]}]}]}],\"version\":\"4.5.27\"} --><\/p>\n","protected":false},"excerpt":{"rendered":"<p>Tervetuloa Jaakkolan Tervetuloa Jaakkolan Porotilalle Jaakkolan porotila Luoston porosafarit Alakitisentie 899FI \u2013 99555 Luosto Y-tunnus: 2764319-6 info@jaakkolareindeerfarm.com +358 40 163 4270 Varaa helposti verkossa Varaathan vierailusi verkkokauppamme kautta. Jos varauskalenterissa ei ole saatavuutta, tai kyseess\u00e4 on ryhm\u00e4varaus, l\u00e4het\u00e4 varauspyynt\u00f6 s\u00e4hk\u00f6postitse info@jaakkolareindeerfarm.com. Puhelimitse yhteydenotto Kiireellisiss\u00e4 tapauksissa voit yritt\u00e4\u00e4 tavoittaa meit\u00e4 puhelimitse arkisin ja lauantaisin klo 09:00\u201316:00 [&hellip;]<\/p>\n","protected":false},"author":1,"featured_media":0,"parent":0,"menu_order":0,"comment_status":"closed","ping_status":"closed","template":"","meta":{"footnotes":""},"class_list":["post-267","page","type-page","status-publish","hentry"],"yoast_head":"<!-- This site is optimized with the Yoast SEO plugin v27.1.1 - https:\/\/yoast.com\/product\/yoast-seo-wordpress\/ -->\n<title>Yhteystiedot - Jaakkola Reindeer Farm<\/title>\n<meta name=\"description\" content=\"T\u00e4lt\u00e4 sivulta l\u00f6yd\u00e4t Jaakkolan Porotilan yhteystiedot, varausohjeet ja laskutustiedot.\" \/>\n<meta name=\"robots\" content=\"index, follow, max-snippet:-1, max-image-preview:large, max-video-preview:-1\" \/>\n<link rel=\"canonical\" href=\"https:\/\/jaakkolareindeerfarm.com\/fi\/ota-yhteytta\/\" \/>\n<meta property=\"og:locale\" content=\"fi_FI\" \/>\n<meta property=\"og:type\" content=\"article\" \/>\n<meta property=\"og:title\" content=\"Yhteystiedot - Jaakkola Reindeer Farm\" \/>\n<meta property=\"og:description\" content=\"T\u00e4lt\u00e4 sivulta l\u00f6yd\u00e4t Jaakkolan Porotilan yhteystiedot, varausohjeet ja laskutustiedot.\" \/>\n<meta property=\"og:url\" content=\"https:\/\/jaakkolareindeerfarm.com\/fi\/ota-yhteytta\/\" \/>\n<meta property=\"og:site_name\" content=\"Jaakkola Reindeer Farm\" \/>\n<meta property=\"article:publisher\" content=\"https:\/\/www.facebook.com\/Jaakkolareindeerfarm\/\" \/>\n<meta property=\"article:modified_time\" content=\"2025-09-29T07:45:00+00:00\" \/>\n<meta property=\"og:image\" content=\"https:\/\/jaakkolareindeerfarm.com\/wp-content\/uploads\/2025\/09\/Anu-ja-Jani-porojen-kanssa.jpg\" \/>\n\t<meta property=\"og:image:width\" content=\"1920\" \/>\n\t<meta property=\"og:image:height\" content=\"1280\" \/>\n\t<meta property=\"og:image:type\" content=\"image\/jpeg\" \/>\n<meta name=\"twitter:card\" content=\"summary_large_image\" \/>\n<meta name=\"twitter:label1\" content=\"Arvioitu lukuaika\" \/>\n\t<meta name=\"twitter:data1\" content=\"1 minuutti\" \/>\n<script type=\"application\/ld+json\" class=\"yoast-schema-graph\">{\"@context\":\"https:\/\/schema.org\",\"@graph\":[{\"@type\":[\"WebPage\",\"ContactPage\"],\"@id\":\"https:\/\/jaakkolareindeerfarm.com\/fi\/ota-yhteytta\/\",\"url\":\"https:\/\/jaakkolareindeerfarm.com\/fi\/ota-yhteytta\/\",\"name\":\"Yhteystiedot - Jaakkola Reindeer Farm\",\"isPartOf\":{\"@id\":\"https:\/\/jaakkolareindeerfarm.com\/fi\/#website\"},\"datePublished\":\"2025-09-08T07:21:13+00:00\",\"dateModified\":\"2025-09-29T07:45:00+00:00\",\"description\":\"T\u00e4lt\u00e4 sivulta l\u00f6yd\u00e4t Jaakkolan Porotilan yhteystiedot, varausohjeet ja laskutustiedot.\",\"breadcrumb\":{\"@id\":\"https:\/\/jaakkolareindeerfarm.com\/fi\/ota-yhteytta\/#breadcrumb\"},\"inLanguage\":\"fi\",\"potentialAction\":[{\"@type\":\"ReadAction\",\"target\":[\"https:\/\/jaakkolareindeerfarm.com\/fi\/ota-yhteytta\/\"]}]},{\"@type\":\"BreadcrumbList\",\"@id\":\"https:\/\/jaakkolareindeerfarm.com\/fi\/ota-yhteytta\/#breadcrumb\",\"itemListElement\":[{\"@type\":\"ListItem\",\"position\":1,\"name\":\"Home\",\"item\":\"https:\/\/jaakkolareindeerfarm.com\/fi\/\"},{\"@type\":\"ListItem\",\"position\":2,\"name\":\"Ota yhteytt\u00e4\"}]},{\"@type\":\"WebSite\",\"@id\":\"https:\/\/jaakkolareindeerfarm.com\/fi\/#website\",\"url\":\"https:\/\/jaakkolareindeerfarm.com\/fi\/\",\"name\":\"Jaakkola Reindeer Farm\",\"description\":\"Reindeer programs in Finnish Lapland\",\"publisher\":{\"@id\":\"https:\/\/jaakkolareindeerfarm.com\/fi\/#organization\"},\"potentialAction\":[{\"@type\":\"SearchAction\",\"target\":{\"@type\":\"EntryPoint\",\"urlTemplate\":\"https:\/\/jaakkolareindeerfarm.com\/fi\/?s={search_term_string}\"},\"query-input\":{\"@type\":\"PropertyValueSpecification\",\"valueRequired\":true,\"valueName\":\"search_term_string\"}}],\"inLanguage\":\"fi\"},{\"@type\":\"Organization\",\"@id\":\"https:\/\/jaakkolareindeerfarm.com\/fi\/#organization\",\"name\":\"Jaakkola Reindeer Farm, Finnish Lapland\",\"alternateName\":\"Authentic Reindeer Farm in Lapland, Finland\",\"url\":\"https:\/\/jaakkolareindeerfarm.com\/fi\/\",\"logo\":{\"@type\":\"ImageObject\",\"inLanguage\":\"fi\",\"@id\":\"https:\/\/jaakkolareindeerfarm.com\/fi\/#\/schema\/logo\/image\/\",\"url\":\"https:\/\/jaakkolareindeerfarm.com\/wp-content\/uploads\/2025\/09\/cropped-jaakkola_symboli2-1.png\",\"contentUrl\":\"https:\/\/jaakkolareindeerfarm.com\/wp-content\/uploads\/2025\/09\/cropped-jaakkola_symboli2-1.png\",\"width\":512,\"height\":512,\"caption\":\"Jaakkola Reindeer Farm, Finnish Lapland\"},\"image\":{\"@id\":\"https:\/\/jaakkolareindeerfarm.com\/fi\/#\/schema\/logo\/image\/\"},\"sameAs\":[\"https:\/\/www.facebook.com\/Jaakkolareindeerfarm\/\",\"https:\/\/www.instagram.com\/\",\"https:\/\/www.tripadvisor.fi\/Attraction_Review-g1393474-d9743575-Reviews-Jaakkola_Reindeer_Farm-Luosto_Lapland.html\",\"https:\/\/www.youtube.com\/watch?v=7s6ynyg8pwg\"]}]}<\/script>\n<!-- \/ Yoast SEO plugin. -->","yoast_head_json":{"title":"Yhteystiedot - Jaakkola Reindeer Farm","description":"T\u00e4lt\u00e4 sivulta l\u00f6yd\u00e4t Jaakkolan Porotilan yhteystiedot, varausohjeet ja laskutustiedot.","robots":{"index":"index","follow":"follow","max-snippet":"max-snippet:-1","max-image-preview":"max-image-preview:large","max-video-preview":"max-video-preview:-1"},"canonical":"https:\/\/jaakkolareindeerfarm.com\/fi\/ota-yhteytta\/","og_locale":"fi_FI","og_type":"article","og_title":"Yhteystiedot - Jaakkola Reindeer Farm","og_description":"T\u00e4lt\u00e4 sivulta l\u00f6yd\u00e4t Jaakkolan Porotilan yhteystiedot, varausohjeet ja laskutustiedot.","og_url":"https:\/\/jaakkolareindeerfarm.com\/fi\/ota-yhteytta\/","og_site_name":"Jaakkola Reindeer Farm","article_publisher":"https:\/\/www.facebook.com\/Jaakkolareindeerfarm\/","article_modified_time":"2025-09-29T07:45:00+00:00","og_image":[{"width":1920,"height":1280,"url":"https:\/\/jaakkolareindeerfarm.com\/wp-content\/uploads\/2025\/09\/Anu-ja-Jani-porojen-kanssa.jpg","type":"image\/jpeg"}],"twitter_card":"summary_large_image","twitter_misc":{"Arvioitu lukuaika":"1 minuutti"},"schema":{"@context":"https:\/\/schema.org","@graph":[{"@type":["WebPage","ContactPage"],"@id":"https:\/\/jaakkolareindeerfarm.com\/fi\/ota-yhteytta\/","url":"https:\/\/jaakkolareindeerfarm.com\/fi\/ota-yhteytta\/","name":"Yhteystiedot - Jaakkola Reindeer Farm","isPartOf":{"@id":"https:\/\/jaakkolareindeerfarm.com\/fi\/#website"},"datePublished":"2025-09-08T07:21:13+00:00","dateModified":"2025-09-29T07:45:00+00:00","description":"T\u00e4lt\u00e4 sivulta l\u00f6yd\u00e4t Jaakkolan Porotilan yhteystiedot, varausohjeet ja laskutustiedot.","breadcrumb":{"@id":"https:\/\/jaakkolareindeerfarm.com\/fi\/ota-yhteytta\/#breadcrumb"},"inLanguage":"fi","potentialAction":[{"@type":"ReadAction","target":["https:\/\/jaakkolareindeerfarm.com\/fi\/ota-yhteytta\/"]}]},{"@type":"BreadcrumbList","@id":"https:\/\/jaakkolareindeerfarm.com\/fi\/ota-yhteytta\/#breadcrumb","itemListElement":[{"@type":"ListItem","position":1,"name":"Home","item":"https:\/\/jaakkolareindeerfarm.com\/fi\/"},{"@type":"ListItem","position":2,"name":"Ota yhteytt\u00e4"}]},{"@type":"WebSite","@id":"https:\/\/jaakkolareindeerfarm.com\/fi\/#website","url":"https:\/\/jaakkolareindeerfarm.com\/fi\/","name":"Jaakkola Reindeer Farm","description":"Reindeer programs in Finnish Lapland","publisher":{"@id":"https:\/\/jaakkolareindeerfarm.com\/fi\/#organization"},"potentialAction":[{"@type":"SearchAction","target":{"@type":"EntryPoint","urlTemplate":"https:\/\/jaakkolareindeerfarm.com\/fi\/?s={search_term_string}"},"query-input":{"@type":"PropertyValueSpecification","valueRequired":true,"valueName":"search_term_string"}}],"inLanguage":"fi"},{"@type":"Organization","@id":"https:\/\/jaakkolareindeerfarm.com\/fi\/#organization","name":"Jaakkola Reindeer Farm, Finnish Lapland","alternateName":"Authentic Reindeer Farm in Lapland, Finland","url":"https:\/\/jaakkolareindeerfarm.com\/fi\/","logo":{"@type":"ImageObject","inLanguage":"fi","@id":"https:\/\/jaakkolareindeerfarm.com\/fi\/#\/schema\/logo\/image\/","url":"https:\/\/jaakkolareindeerfarm.com\/wp-content\/uploads\/2025\/09\/cropped-jaakkola_symboli2-1.png","contentUrl":"https:\/\/jaakkolareindeerfarm.com\/wp-content\/uploads\/2025\/09\/cropped-jaakkola_symboli2-1.png","width":512,"height":512,"caption":"Jaakkola Reindeer Farm, Finnish Lapland"},"image":{"@id":"https:\/\/jaakkolareindeerfarm.com\/fi\/#\/schema\/logo\/image\/"},"sameAs":["https:\/\/www.facebook.com\/Jaakkolareindeerfarm\/","https:\/\/www.instagram.com\/","https:\/\/www.tripadvisor.fi\/Attraction_Review-g1393474-d9743575-Reviews-Jaakkola_Reindeer_Farm-Luosto_Lapland.html","https:\/\/www.youtube.com\/watch?v=7s6ynyg8pwg"]}]}},"_links":{"self":[{"href":"https:\/\/jaakkolareindeerfarm.com\/fi\/wp-json\/wp\/v2\/pages\/267","targetHints":{"allow":["GET"]}}],"collection":[{"href":"https:\/\/jaakkolareindeerfarm.com\/fi\/wp-json\/wp\/v2\/pages"}],"about":[{"href":"https:\/\/jaakkolareindeerfarm.com\/fi\/wp-json\/wp\/v2\/types\/page"}],"author":[{"embeddable":true,"href":"https:\/\/jaakkolareindeerfarm.com\/fi\/wp-json\/wp\/v2\/users\/1"}],"replies":[{"embeddable":true,"href":"https:\/\/jaakkolareindeerfarm.com\/fi\/wp-json\/wp\/v2\/comments?post=267"}],"version-history":[{"count":9,"href":"https:\/\/jaakkolareindeerfarm.com\/fi\/wp-json\/wp\/v2\/pages\/267\/revisions"}],"predecessor-version":[{"id":618,"href":"https:\/\/jaakkolareindeerfarm.com\/fi\/wp-json\/wp\/v2\/pages\/267\/revisions\/618"}],"wp:attachment":[{"href":"https:\/\/jaakkolareindeerfarm.com\/fi\/wp-json\/wp\/v2\/media?parent=267"}],"curies":[{"name":"wp","href":"https:\/\/api.w.org\/{rel}","templated":true}]}}