{"id":359,"date":"2025-09-04T12:23:25","date_gmt":"2025-09-04T09:23:25","guid":{"rendered":"https:\/\/jaakkolareindeerfarm.com\/tietosuoja-ja-rekisteriseloste\/"},"modified":"2025-09-15T10:31:38","modified_gmt":"2025-09-15T07:31:38","slug":"tietosuoja-ja-rekisteriseloste","status":"publish","type":"page","link":"https:\/\/jaakkolareindeerfarm.com\/fi\/tietosuoja-ja-rekisteriseloste\/","title":{"rendered":"Tietosuoja ja rekisteriseloste"},"content":{"rendered":"\n<h3 class=\"wp-block-heading\">REKISTERINPIT\u00c4J\u00c4<\/h3>\n\n\n\n<p>Luoston porosafarit Ky.<br>Y-tunnus: 2764319-6<\/p>\n\n\n\n<h3 class=\"wp-block-heading\">YHTEYSHENKIL\u00d6 REKISTERI\u00c4 KOSKEVISSA ASIOISSA<\/h3>\n\n\n\n<p>Anu Magga<br>posti@luostonporosafarit.fi<br>p. 0400 920 918<\/p>\n\n\n\n<h3 class=\"wp-block-heading\">REKISTERIN NIMI<\/h3>\n\n\n\n<p>Luoston porosafarit Ky. asiakasrekisteri<\/p>\n\n\n\n<h3 class=\"wp-block-heading\">HENKIL\u00d6TIETOREKISTERIN K\u00c4SITTELYN TARKOITUS<\/h3>\n\n\n\n<p>Rekisterin k\u00e4ytt\u00f6tarkoitus on asiakassuhteen luominen, hallinta, yll\u00e4pito ja laskutus. Rekisterin<br>pit\u00e4misen ja henkil\u00f6tietojen k\u00e4sittelyn peruste on asiakkaan ja rekisterinpit\u00e4j\u00e4n velvollisuuksien<br>toteuttaminen.<\/p>\n\n\n\n<h3 class=\"wp-block-heading\">REKISTERIN TIETOSIS\u00c4LT\u00d6<\/h3>\n\n\n\n<p>Rekisteri sis\u00e4lt\u00e4\u00e4 Luoston porosafarit Ky:n asiakkaiden nimi- ja yhteystietoja, kansallisuuden,<br>majoituspaikan alueella sek\u00e4 tietoja asiakkaiden varaamista ja maksamista tuotteista sek\u00e4 palveluista.<\/p>\n\n\n\n<h3 class=\"wp-block-heading\">S\u00c4\u00c4NN\u00d6NMUKAISET TIETOL\u00c4HTEET<\/h3>\n\n\n\n<p>Tietoja ker\u00e4t\u00e4\u00e4n asiakkaalta itselt\u00e4\u00e4n esim. nettisivujen kautta l\u00e4hetett\u00e4v\u00e4n SSL-varmenteella<br>suojatun varauskyselylomakkeen kautta sek\u00e4 puhelin- tai s\u00e4hk\u00f6postivarausten tekemisen yhteydess\u00e4.<br>Henkil\u00f6tietoden ker\u00e4\u00e4misen ja k\u00e4sittelyn perusteena on asiakkaan ja rekisterinpit\u00e4j\u00e4n oikeuksien ja<br>velvollisuuksien toteuttaminen. Emme k\u00e4yt\u00e4 Google Analytics-ty\u00f6kalua eik\u00e4 nettisivullamme ole<br>ev\u00e4steit\u00e4.<\/p>\n\n\n\n<h3 class=\"wp-block-heading\">TIETOJEN S\u00c4\u00c4NN\u00d6NMUKAISET LUOVUTUKSET<\/h3>\n\n\n\n<p>Asiakasrekisterin tietoja ei luovuteta eik\u00e4 siirret\u00e4 Luoston porosafarit Ky:n ulkopuolisille tahoille.<br>Rekister\u00f6idyll\u00e4 on mahdollisuus tarkistaa ja rekister\u00f6idyll\u00e4 on oikeus rajoittaa itse\u00e4\u00e4n koskevien<br>tietojen k\u00e4ytt\u00f6\u00e4 markkinointiviestinn\u00e4ss\u00e4.<\/p>\n\n\n\n<h3 class=\"wp-block-heading\">TIETOJEN SIIRTO EU:N TAI ETA:N ULKOPUOLELLE<\/h3>\n\n\n\n<p>Tietoja ei siirret\u00e4 EU:n ulkopuolelle paitsi viranomaisten niin edellytt\u00e4ess\u00e4.<\/p>\n\n\n\n<h3 class=\"wp-block-heading\">REKIST\u00d6R\u00d6IDYN OIKEUDET<\/h3>\n\n\n\n<p>Rekister\u00f6idyll\u00e4 on oikeus tarkistaa itse\u00e4\u00e4n koskevat tiedot rekisterist\u00e4 ja tarvittaessa vaatia<br>tietojen oikaisua tai poistamista.<\/p>\n\n\n\n<h3 class=\"wp-block-heading\">REKISTERIN SUOJAUKSEN JA S\u00c4IL\u00d6MISEN PERIAATTEET<\/h3>\n\n\n\n<p>Rekisteri\u00e4 ei s\u00e4ilytet\u00e4 paperitulosteena. Tietoja s\u00e4ilytet\u00e4\u00e4n ja niit\u00e4 k\u00e4sitell\u00e4\u00e4n luottamuksellisesti, ja<br>rekisteri\u00e4 k\u00e4ytt\u00e4v\u00e4t ainoastaan henkil\u00f6t, joiden toimenkuvaan sen k\u00e4ytt\u00f6 kuuluu. K\u00e4ytt\u00e4ji\u00e4 sitoo<br>vaitiolovelvollisuus. Rekisterin k\u00e4ytt\u00f6oikeuksia my\u00f6nt\u00e4\u00e4 ja valvoo rekisteriasioita hoitava henkil\u00f6.<br>Asiaton p\u00e4\u00e4sty tietoihin on estetty teknisin ja hallinnollisin keinoin. Rekisteri tarkistetaan<br>s\u00e4\u00e4nn\u00f6llisesti ja vanhentuneet tiedot poistetaan asiakassuhteen p\u00e4\u00e4ttymisen j\u00e4lkeen.<\/p>\n","protected":false},"excerpt":{"rendered":"<p>REKISTERINPIT\u00c4J\u00c4 Luoston porosafarit Ky.Y-tunnus: 2764319-6 YHTEYSHENKIL\u00d6 REKISTERI\u00c4 KOSKEVISSA ASIOISSA Anu Maggaposti@luostonporosafarit.fip. 0400 920 918 REKISTERIN NIMI Luoston porosafarit Ky. asiakasrekisteri HENKIL\u00d6TIETOREKISTERIN K\u00c4SITTELYN TARKOITUS Rekisterin k\u00e4ytt\u00f6tarkoitus on asiakassuhteen luominen, hallinta, yll\u00e4pito ja laskutus. Rekisterinpit\u00e4misen ja henkil\u00f6tietojen k\u00e4sittelyn peruste on asiakkaan ja rekisterinpit\u00e4j\u00e4n velvollisuuksientoteuttaminen. REKISTERIN TIETOSIS\u00c4LT\u00d6 Rekisteri sis\u00e4lt\u00e4\u00e4 Luoston porosafarit Ky:n asiakkaiden nimi- ja yhteystietoja, kansallisuuden,majoituspaikan alueella [&hellip;]<\/p>\n","protected":false},"author":1,"featured_media":0,"parent":0,"menu_order":0,"comment_status":"closed","ping_status":"closed","template":"","meta":{"footnotes":""},"class_list":["post-359","page","type-page","status-publish","hentry"],"yoast_head":"<!-- This site is optimized with the Yoast SEO plugin v27.1.1 - https:\/\/yoast.com\/product\/yoast-seo-wordpress\/ -->\n<title>Tietosuoja ja rekisteriseloste - Jaakkola Reindeer Farm<\/title>\n<meta name=\"robots\" content=\"index, follow, max-snippet:-1, max-image-preview:large, max-video-preview:-1\" \/>\n<link rel=\"canonical\" href=\"https:\/\/jaakkolareindeerfarm.com\/fi\/tietosuoja-ja-rekisteriseloste\/\" \/>\n<meta property=\"og:locale\" content=\"fi_FI\" \/>\n<meta property=\"og:type\" content=\"article\" \/>\n<meta property=\"og:title\" content=\"Tietosuoja ja rekisteriseloste - Jaakkola Reindeer Farm\" \/>\n<meta property=\"og:description\" content=\"REKISTERINPIT\u00c4J\u00c4 Luoston porosafarit Ky.Y-tunnus: 2764319-6 YHTEYSHENKIL\u00d6 REKISTERI\u00c4 KOSKEVISSA ASIOISSA Anu Maggaposti@luostonporosafarit.fip. 0400 920 918 REKISTERIN NIMI Luoston porosafarit Ky. asiakasrekisteri HENKIL\u00d6TIETOREKISTERIN K\u00c4SITTELYN TARKOITUS Rekisterin k\u00e4ytt\u00f6tarkoitus on asiakassuhteen luominen, hallinta, yll\u00e4pito ja laskutus. Rekisterinpit\u00e4misen ja henkil\u00f6tietojen k\u00e4sittelyn peruste on asiakkaan ja rekisterinpit\u00e4j\u00e4n velvollisuuksientoteuttaminen. REKISTERIN TIETOSIS\u00c4LT\u00d6 Rekisteri sis\u00e4lt\u00e4\u00e4 Luoston porosafarit Ky:n asiakkaiden nimi- ja yhteystietoja, kansallisuuden,majoituspaikan alueella [&hellip;]\" \/>\n<meta property=\"og:url\" content=\"https:\/\/jaakkolareindeerfarm.com\/fi\/tietosuoja-ja-rekisteriseloste\/\" \/>\n<meta property=\"og:site_name\" content=\"Jaakkola Reindeer Farm\" \/>\n<meta property=\"article:publisher\" content=\"https:\/\/www.facebook.com\/Jaakkolareindeerfarm\/\" \/>\n<meta property=\"article:modified_time\" content=\"2025-09-15T07:31:38+00:00\" \/>\n<meta property=\"og:image\" content=\"https:\/\/jaakkolareindeerfarm.com\/wp-content\/uploads\/2025\/09\/Anu-ja-Jani-porojen-kanssa.jpg\" \/>\n\t<meta property=\"og:image:width\" content=\"1920\" \/>\n\t<meta property=\"og:image:height\" content=\"1280\" \/>\n\t<meta property=\"og:image:type\" content=\"image\/jpeg\" \/>\n<meta name=\"twitter:card\" content=\"summary_large_image\" \/>\n<meta name=\"twitter:label1\" content=\"Arvioitu lukuaika\" \/>\n\t<meta name=\"twitter:data1\" content=\"1 minuutti\" \/>\n<script type=\"application\/ld+json\" class=\"yoast-schema-graph\">{\"@context\":\"https:\/\/schema.org\",\"@graph\":[{\"@type\":\"WebPage\",\"@id\":\"https:\/\/jaakkolareindeerfarm.com\/fi\/tietosuoja-ja-rekisteriseloste\/\",\"url\":\"https:\/\/jaakkolareindeerfarm.com\/fi\/tietosuoja-ja-rekisteriseloste\/\",\"name\":\"Tietosuoja ja rekisteriseloste - Jaakkola Reindeer Farm\",\"isPartOf\":{\"@id\":\"https:\/\/jaakkolareindeerfarm.com\/fi\/#website\"},\"datePublished\":\"2025-09-04T09:23:25+00:00\",\"dateModified\":\"2025-09-15T07:31:38+00:00\",\"breadcrumb\":{\"@id\":\"https:\/\/jaakkolareindeerfarm.com\/fi\/tietosuoja-ja-rekisteriseloste\/#breadcrumb\"},\"inLanguage\":\"fi\",\"potentialAction\":[{\"@type\":\"ReadAction\",\"target\":[\"https:\/\/jaakkolareindeerfarm.com\/fi\/tietosuoja-ja-rekisteriseloste\/\"]}]},{\"@type\":\"BreadcrumbList\",\"@id\":\"https:\/\/jaakkolareindeerfarm.com\/fi\/tietosuoja-ja-rekisteriseloste\/#breadcrumb\",\"itemListElement\":[{\"@type\":\"ListItem\",\"position\":1,\"name\":\"Home\",\"item\":\"https:\/\/jaakkolareindeerfarm.com\/fi\/\"},{\"@type\":\"ListItem\",\"position\":2,\"name\":\"Tietosuoja ja rekisteriseloste\"}]},{\"@type\":\"WebSite\",\"@id\":\"https:\/\/jaakkolareindeerfarm.com\/fi\/#website\",\"url\":\"https:\/\/jaakkolareindeerfarm.com\/fi\/\",\"name\":\"Jaakkola Reindeer Farm\",\"description\":\"Reindeer programs in Finnish Lapland\",\"publisher\":{\"@id\":\"https:\/\/jaakkolareindeerfarm.com\/fi\/#organization\"},\"potentialAction\":[{\"@type\":\"SearchAction\",\"target\":{\"@type\":\"EntryPoint\",\"urlTemplate\":\"https:\/\/jaakkolareindeerfarm.com\/fi\/?s={search_term_string}\"},\"query-input\":{\"@type\":\"PropertyValueSpecification\",\"valueRequired\":true,\"valueName\":\"search_term_string\"}}],\"inLanguage\":\"fi\"},{\"@type\":\"Organization\",\"@id\":\"https:\/\/jaakkolareindeerfarm.com\/fi\/#organization\",\"name\":\"Jaakkola Reindeer Farm, Finnish Lapland\",\"alternateName\":\"Authentic Reindeer Farm in Lapland, Finland\",\"url\":\"https:\/\/jaakkolareindeerfarm.com\/fi\/\",\"logo\":{\"@type\":\"ImageObject\",\"inLanguage\":\"fi\",\"@id\":\"https:\/\/jaakkolareindeerfarm.com\/fi\/#\/schema\/logo\/image\/\",\"url\":\"https:\/\/jaakkolareindeerfarm.com\/wp-content\/uploads\/2025\/09\/cropped-jaakkola_symboli2-1.png\",\"contentUrl\":\"https:\/\/jaakkolareindeerfarm.com\/wp-content\/uploads\/2025\/09\/cropped-jaakkola_symboli2-1.png\",\"width\":512,\"height\":512,\"caption\":\"Jaakkola Reindeer Farm, Finnish Lapland\"},\"image\":{\"@id\":\"https:\/\/jaakkolareindeerfarm.com\/fi\/#\/schema\/logo\/image\/\"},\"sameAs\":[\"https:\/\/www.facebook.com\/Jaakkolareindeerfarm\/\",\"https:\/\/www.instagram.com\/\",\"https:\/\/www.tripadvisor.fi\/Attraction_Review-g1393474-d9743575-Reviews-Jaakkola_Reindeer_Farm-Luosto_Lapland.html\",\"https:\/\/www.youtube.com\/watch?v=7s6ynyg8pwg\"]}]}<\/script>\n<!-- \/ Yoast SEO plugin. -->","yoast_head_json":{"title":"Tietosuoja ja rekisteriseloste - Jaakkola Reindeer Farm","robots":{"index":"index","follow":"follow","max-snippet":"max-snippet:-1","max-image-preview":"max-image-preview:large","max-video-preview":"max-video-preview:-1"},"canonical":"https:\/\/jaakkolareindeerfarm.com\/fi\/tietosuoja-ja-rekisteriseloste\/","og_locale":"fi_FI","og_type":"article","og_title":"Tietosuoja ja rekisteriseloste - Jaakkola Reindeer Farm","og_description":"REKISTERINPIT\u00c4J\u00c4 Luoston porosafarit Ky.Y-tunnus: 2764319-6 YHTEYSHENKIL\u00d6 REKISTERI\u00c4 KOSKEVISSA ASIOISSA Anu Maggaposti@luostonporosafarit.fip. 0400 920 918 REKISTERIN NIMI Luoston porosafarit Ky. asiakasrekisteri HENKIL\u00d6TIETOREKISTERIN K\u00c4SITTELYN TARKOITUS Rekisterin k\u00e4ytt\u00f6tarkoitus on asiakassuhteen luominen, hallinta, yll\u00e4pito ja laskutus. Rekisterinpit\u00e4misen ja henkil\u00f6tietojen k\u00e4sittelyn peruste on asiakkaan ja rekisterinpit\u00e4j\u00e4n velvollisuuksientoteuttaminen. REKISTERIN TIETOSIS\u00c4LT\u00d6 Rekisteri sis\u00e4lt\u00e4\u00e4 Luoston porosafarit Ky:n asiakkaiden nimi- ja yhteystietoja, kansallisuuden,majoituspaikan alueella [&hellip;]","og_url":"https:\/\/jaakkolareindeerfarm.com\/fi\/tietosuoja-ja-rekisteriseloste\/","og_site_name":"Jaakkola Reindeer Farm","article_publisher":"https:\/\/www.facebook.com\/Jaakkolareindeerfarm\/","article_modified_time":"2025-09-15T07:31:38+00:00","og_image":[{"width":1920,"height":1280,"url":"https:\/\/jaakkolareindeerfarm.com\/wp-content\/uploads\/2025\/09\/Anu-ja-Jani-porojen-kanssa.jpg","type":"image\/jpeg"}],"twitter_card":"summary_large_image","twitter_misc":{"Arvioitu lukuaika":"1 minuutti"},"schema":{"@context":"https:\/\/schema.org","@graph":[{"@type":"WebPage","@id":"https:\/\/jaakkolareindeerfarm.com\/fi\/tietosuoja-ja-rekisteriseloste\/","url":"https:\/\/jaakkolareindeerfarm.com\/fi\/tietosuoja-ja-rekisteriseloste\/","name":"Tietosuoja ja rekisteriseloste - Jaakkola Reindeer Farm","isPartOf":{"@id":"https:\/\/jaakkolareindeerfarm.com\/fi\/#website"},"datePublished":"2025-09-04T09:23:25+00:00","dateModified":"2025-09-15T07:31:38+00:00","breadcrumb":{"@id":"https:\/\/jaakkolareindeerfarm.com\/fi\/tietosuoja-ja-rekisteriseloste\/#breadcrumb"},"inLanguage":"fi","potentialAction":[{"@type":"ReadAction","target":["https:\/\/jaakkolareindeerfarm.com\/fi\/tietosuoja-ja-rekisteriseloste\/"]}]},{"@type":"BreadcrumbList","@id":"https:\/\/jaakkolareindeerfarm.com\/fi\/tietosuoja-ja-rekisteriseloste\/#breadcrumb","itemListElement":[{"@type":"ListItem","position":1,"name":"Home","item":"https:\/\/jaakkolareindeerfarm.com\/fi\/"},{"@type":"ListItem","position":2,"name":"Tietosuoja ja rekisteriseloste"}]},{"@type":"WebSite","@id":"https:\/\/jaakkolareindeerfarm.com\/fi\/#website","url":"https:\/\/jaakkolareindeerfarm.com\/fi\/","name":"Jaakkola Reindeer Farm","description":"Reindeer programs in Finnish Lapland","publisher":{"@id":"https:\/\/jaakkolareindeerfarm.com\/fi\/#organization"},"potentialAction":[{"@type":"SearchAction","target":{"@type":"EntryPoint","urlTemplate":"https:\/\/jaakkolareindeerfarm.com\/fi\/?s={search_term_string}"},"query-input":{"@type":"PropertyValueSpecification","valueRequired":true,"valueName":"search_term_string"}}],"inLanguage":"fi"},{"@type":"Organization","@id":"https:\/\/jaakkolareindeerfarm.com\/fi\/#organization","name":"Jaakkola Reindeer Farm, Finnish Lapland","alternateName":"Authentic Reindeer Farm in Lapland, Finland","url":"https:\/\/jaakkolareindeerfarm.com\/fi\/","logo":{"@type":"ImageObject","inLanguage":"fi","@id":"https:\/\/jaakkolareindeerfarm.com\/fi\/#\/schema\/logo\/image\/","url":"https:\/\/jaakkolareindeerfarm.com\/wp-content\/uploads\/2025\/09\/cropped-jaakkola_symboli2-1.png","contentUrl":"https:\/\/jaakkolareindeerfarm.com\/wp-content\/uploads\/2025\/09\/cropped-jaakkola_symboli2-1.png","width":512,"height":512,"caption":"Jaakkola Reindeer Farm, Finnish Lapland"},"image":{"@id":"https:\/\/jaakkolareindeerfarm.com\/fi\/#\/schema\/logo\/image\/"},"sameAs":["https:\/\/www.facebook.com\/Jaakkolareindeerfarm\/","https:\/\/www.instagram.com\/","https:\/\/www.tripadvisor.fi\/Attraction_Review-g1393474-d9743575-Reviews-Jaakkola_Reindeer_Farm-Luosto_Lapland.html","https:\/\/www.youtube.com\/watch?v=7s6ynyg8pwg"]}]}},"_links":{"self":[{"href":"https:\/\/jaakkolareindeerfarm.com\/fi\/wp-json\/wp\/v2\/pages\/359","targetHints":{"allow":["GET"]}}],"collection":[{"href":"https:\/\/jaakkolareindeerfarm.com\/fi\/wp-json\/wp\/v2\/pages"}],"about":[{"href":"https:\/\/jaakkolareindeerfarm.com\/fi\/wp-json\/wp\/v2\/types\/page"}],"author":[{"embeddable":true,"href":"https:\/\/jaakkolareindeerfarm.com\/fi\/wp-json\/wp\/v2\/users\/1"}],"replies":[{"embeddable":true,"href":"https:\/\/jaakkolareindeerfarm.com\/fi\/wp-json\/wp\/v2\/comments?post=359"}],"version-history":[{"count":2,"href":"https:\/\/jaakkolareindeerfarm.com\/fi\/wp-json\/wp\/v2\/pages\/359\/revisions"}],"predecessor-version":[{"id":362,"href":"https:\/\/jaakkolareindeerfarm.com\/fi\/wp-json\/wp\/v2\/pages\/359\/revisions\/362"}],"wp:attachment":[{"href":"https:\/\/jaakkolareindeerfarm.com\/fi\/wp-json\/wp\/v2\/media?parent=359"}],"curies":[{"name":"wp","href":"https:\/\/api.w.org\/{rel}","templated":true}]}}