{"id":382,"date":"2025-09-08T09:20:21","date_gmt":"2025-09-08T06:20:21","guid":{"rendered":"https:\/\/jaakkolareindeerfarm.com\/kota-restaurant-goahti\/"},"modified":"2025-09-29T11:07:36","modified_gmt":"2025-09-29T08:07:36","slug":"kotaravintola-goahti","status":"publish","type":"page","link":"https:\/\/jaakkolareindeerfarm.com\/fi\/kotaravintola-goahti\/","title":{"rendered":"Kotaravintola Goahti"},"content":{"rendered":"<h1>Kotaravintola Goahti<\/h1>\n<div>Aitoja lapin makuja<\/div>\n<div>Aitoja lapin makuja<\/div>\n<h1>Kotaravintola Goahti<\/h1>\n<div>Aitoja lapin makuja<\/div>\n<div>\n<p>Astu sis\u00e4\u00e4n kauniiseen 52-paikkaiseen kotaravintola Goahtiin, ja nauti aidoista lappilaisista herkuista, jotka on valmistettu tuoreista paikallisista raaka-aineista. Oman porotilamme liha, arktinen lohi, l\u00e4hij\u00e4rvien siika sek\u00e4 metsist\u00e4mme ker\u00e4tyt sienet ja marjat tuovat lautasellesi Lapin puhtaan maun.<\/p>\n<p>Suuren tulisijan, perinteisen rakenteen ja luonnonl\u00e4heisyyden ansiosta Goahti ei ole vain ravintola, vaan my\u00f6s unohtumaton juhla-, yksityis- ja kokouspaikka. Kota on varustettu audiovisuaalisella tekniikalla ja internetill\u00e4, joten se soveltuu yht\u00e4 hyvin juhlaviin kokoontumisiin kuin yritystapahtumiin.<\/p>\n<p>Yksityisillallisia j\u00e4rjestet\u00e4\u00e4n<strong><em> v\u00e4hint\u00e4\u00e4n 10 hengen ryhmille<\/em><\/strong>, ja tilavuokra m\u00e4\u00e4r\u00e4ytyy tapahtuman luonteen ja keston mukaan.<\/p>\n<p>Huomioithan, ett\u00e4 Goahti-ravintola on avoinna vain ennakkovarauksesta.<\/p>\n<p><span>Kodalla on anniskeluoikeudet ja valikoimassa pieni valikoima viinej\u00e4, oluita ja muita ruokajuomia lis\u00e4maksusta<\/span><\/p>\n<h3>Paikallisen ruoan ja kulttuurin illat<\/h3>\n<p>Joka keskiviikko <strong><em>yksitt\u00e4iset matkailijat ja pienet ryhm\u00e4t<\/em><\/strong> voivat liitty\u00e4 mukaan Paikallisen ruoan ja kulttuurin iltaan. S\u00e1mi-em\u00e4nt\u00e4 Anu tiimeineen toivottaa vieraat tervetulleiksi porojen ruokintaan, perinteisten tarinoiden pariin sek\u00e4 joiku-esitykseen \u2013 el\u00e4mykseen, jonka muistat koko loppuel\u00e4m\u00e4si.<\/p>\n<h3>Kokkausilta, valmista ruokaa kuin paikallinen<\/h3>\n<p>Liity kokkausiltoihimme ja koe saamelainen ruokakulttuuri k\u00e4yt\u00e4nn\u00f6n kautta. <em><strong>6\u201325 hengen ryhmiss\u00e4<\/strong><\/em> p\u00e4\u00e4sette kokkaamaan yhdess\u00e4, oppimaan perinteisi\u00e4 reseptej\u00e4 ja nauttimaan herkullisen aterian porotilallamme.<\/p>\n<\/div>\n<div>\n<p><johku-widget id=\"jaakkolareindeerfarm\/c4f46b92c0bb0b5e\" locale=\"en_US\"><\/johku-widget><\/p>\n<\/div>\n<ul>\n<li>\n<p>        <img decoding=\"async\" src=\"\/wp-content\/uploads\/2025\/09\/eat-like-local.jpg\" alt=\"\"><\/p>\n<h3>eat-like-local<\/h3>\n<\/li>\n<li>\n<p>        <img decoding=\"async\" src=\"\/wp-content\/uploads\/2025\/09\/Kota-talvella.jpg\" alt=\"\"><\/p>\n<h3>Kota-talvella<\/h3>\n<\/li>\n<\/ul>\n<ul>\n<li>\n<p>        <img decoding=\"async\" src=\"\/wp-content\/uploads\/2025\/09\/Poropyorykat.jpg\" alt=\"\"><\/p>\n<h3>Poropyorykat<\/h3>\n<\/li>\n<li>\n<p>        <img decoding=\"async\" src=\"\/wp-content\/uploads\/2025\/09\/palvelu_kotaruokailu.jpg\" alt=\"\"><\/p>\n<h3>KOta-sisalta<\/h3>\n<\/li>\n<li>\n<p>        <img decoding=\"async\" src=\"\/wp-content\/uploads\/2025\/09\/jaakkola-reindeerfarm-poronkaristys-1080.jpg\" alt=\"\"><\/p>\n<h3>jaakkola-reindeerfarm-poronkaristys-1080<\/h3>\n<\/li>\n<\/ul>\n<p><!--more--><br \/>\n<!-- {\"type\":\"layout\",\"children\":[{\"type\":\"section\",\"props\":{\"animation\":\"slide-bottom\",\"animation_delay\":\"150\",\"class\":\"uk-visible@m\",\"header_transparent\":true,\"header_transparent_noplaceholder\":false,\"header_transparent_text_color\":\"light\",\"height\":\"viewport\",\"height_offset_top\":false,\"image\":\"wp-content\\\/uploads\\\/2025\\\/09\\\/jaakkola-reindeerfarm-joiku.jpg\",\"image_effect\":\"parallax\",\"image_loading\":true,\"image_position\":\"center-center\",\"image_size\":\"cover\",\"image_width\":\"2560\",\"media_overlay\":\"rgba(62, 21, 0, 0.75)\",\"media_overlay_parallax_opacity\":\"0.1,1\",\"media_overlay_parallax_start\":\"25%\",\"padding\":\"xlarge\",\"sticky\":\"cover\",\"style\":\"default\",\"text_color\":\"light\",\"title_breakpoint\":\"xl\",\"title_position\":\"top-left\",\"title_rotation\":\"left\",\"vertical_align\":\"bottom\",\"width\":\"expand\"},\"children\":[{\"type\":\"row\",\"children\":[{\"type\":\"column\",\"props\":{\"image_position\":\"center-center\",\"position_sticky_breakpoint\":\"m\",\"vertical_align\":\"middle\"},\"children\":[{\"type\":\"headline\",\"props\":{\"content\":\"Kotaravintola Goahti\",\"margin\":\"default\",\"maxwidth\":\"2xlarge\",\"title_element\":\"h1\",\"title_style\":\"heading-xlarge\"}},{\"type\":\"headline\",\"props\":{\"content\":\"Aitoja lapin makuja\",\"margin_remove_top\":true,\"maxwidth\":\"large\",\"title_element\":\"div\",\"title_style\":\"h4\",\"visibility\":\"hidden-m\"}},{\"type\":\"headline\",\"props\":{\"content\":\"Aitoja lapin makuja\",\"margin_remove_top\":true,\"maxwidth\":\"2xlarge\",\"title_element\":\"div\",\"title_style\":\"h2\",\"visibility\":\"m\"}}]}],\"props\":{\"row_gap\":\"large\"}}],\"name\":\"Hero 2\"},{\"type\":\"section\",\"props\":{\"animation\":\"slide-bottom\",\"animation_delay\":\"200\",\"class\":\"uk-hidden@m\",\"header_transparent\":true,\"header_transparent_noplaceholder\":false,\"header_transparent_text_color\":\"light\",\"height\":\"viewport\",\"height_offset_top\":false,\"height_viewport\":95,\"image\":\"wp-content\\\/uploads\\\/2025\\\/09\\\/jaakkola-reindeerfarm-joiku.jpg\",\"image_effect\":\"parallax\",\"image_loading\":true,\"image_parallax_bgx\":\"20\",\"image_parallax_bgy\":\"-100\",\"image_position\":\"top-center\",\"image_size\":\"cover\",\"media_focal_point\":\"top-center\",\"media_overlay\":\"rgba(62, 21, 0, 0.75)\",\"media_overlay_parallax_opacity\":\"0.3,1\",\"media_overlay_parallax_start\":\"25%\",\"sticky\":\"cover\",\"style\":\"default\",\"text_color\":\"light\",\"title_breakpoint\":\"xl\",\"title_position\":\"top-left\",\"title_rotation\":\"left\",\"vertical_align\":\"bottom\",\"width\":\"expand\"},\"children\":[{\"type\":\"row\",\"children\":[{\"type\":\"column\",\"props\":{\"image_position\":\"center-center\",\"position_sticky_breakpoint\":\"m\",\"vertical_align\":\"middle\"},\"children\":[{\"type\":\"headline\",\"props\":{\"content\":\"Kotaravintola Goahti\",\"margin\":\"default\",\"margin_remove_bottom\":true,\"margin_remove_top\":false,\"maxwidth\":\"2xlarge\",\"title_element\":\"h1\",\"title_style\":\"heading-small\"}},{\"type\":\"headline\",\"props\":{\"content\":\"Aitoja lapin makuja\",\"margin_remove_bottom\":false,\"margin_remove_top\":true,\"maxwidth\":\"large\",\"title_element\":\"div\",\"title_style\":\"h4\",\"visibility\":\"hidden-m\"}}]}],\"props\":{\"row_gap\":\"large\"}}],\"name\":\"Hero mobiili\"},{\"name\":\"About\",\"type\":\"section\",\"props\":{\"animation\":\"slide-bottom\",\"animation_delay\":\"250\",\"height\":\"viewport\",\"height_viewport\":80,\"image\":\"wp-content\\\/uploads\\\/2025\\\/09\\\/puuta.jpg\",\"image_loading\":false,\"image_position\":\"center-center\",\"image_size\":\"cover\",\"media_overlay\":\"rgba(8, 4, 0, 0.5)\",\"media_overlay_gradient\":\"radial-gradient(circle,rgba(78, 12, 10, 0.5) 22%, rgba(8, 0, 0, 0.75) 87%);\",\"style\":\"default\",\"text_color\":\"light\",\"title_breakpoint\":\"xl\",\"title_position\":\"top-left\",\"title_rotation\":\"left\",\"vertical_align\":\"middle\",\"width\":\"large\"},\"children\":[{\"type\":\"row\",\"children\":[{\"type\":\"column\",\"props\":{\"image_position\":\"center-center\",\"position_sticky_breakpoint\":\"m\",\"width_medium\":\"1-1\"},\"children\":[{\"type\":\"text\",\"props\":{\"animation\":\"none\",\"column\":\"1-2\",\"column_breakpoint\":\"m\",\"column_divider\":false,\"content\":\"\n\n<p>Astu sis\\u00e4\\u00e4n kauniiseen 52-paikkaiseen kotaravintola Goahtiin, ja nauti aidoista lappilaisista herkuista, jotka on valmistettu tuoreista paikallisista raaka-aineista. Oman porotilamme liha, arktinen lohi, l\\u00e4hij\\u00e4rvien siika sek\\u00e4 metsist\\u00e4mme ker\\u00e4tyt sienet ja marjat tuovat lautasellesi Lapin puhtaan maun.<\\\/p>\\n\n\n<p>Suuren tulisijan, perinteisen rakenteen ja luonnonl\\u00e4heisyyden ansiosta Goahti ei ole vain ravintola, vaan my\\u00f6s unohtumaton juhla-, yksityis- ja kokouspaikka. Kota on varustettu audiovisuaalisella tekniikalla ja internetill\\u00e4, joten se soveltuu yht\\u00e4 hyvin juhlaviin kokoontumisiin kuin yritystapahtumiin.<\\\/p>\\n\n\n<p>Yksityisillallisia j\\u00e4rjestet\\u00e4\\u00e4n<strong><em> v\\u00e4hint\\u00e4\\u00e4n 10 hengen ryhmille<\\\/em><\\\/strong>, ja tilavuokra m\\u00e4\\u00e4r\\u00e4ytyy tapahtuman luonteen ja keston mukaan.<\\\/p>\\n\n\n<p>Huomioithan, ett\\u00e4 Goahti-ravintola on avoinna vain ennakkovarauksesta.<\\\/p>\\n\n\n<p><span>Kodalla on anniskeluoikeudet ja valikoimassa pieni valikoima viinej\\u00e4, oluita ja muita ruokajuomia lis\\u00e4maksusta<\\\/span><\\\/p>\\n\n\n<h3>Paikallisen ruoan ja kulttuurin illat<\\\/h3>\\n\n\n<p>Joka keskiviikko <strong><em>yksitt\\u00e4iset matkailijat ja pienet ryhm\\u00e4t<\\\/em><\\\/strong> voivat liitty\\u00e4 mukaan Paikallisen ruoan ja kulttuurin iltaan. S\\u00e1mi-em\\u00e4nt\\u00e4 Anu tiimeineen toivottaa vieraat tervetulleiksi porojen ruokintaan, perinteisten tarinoiden pariin sek\\u00e4 joiku-esitykseen \\u2013 el\\u00e4mykseen, jonka muistat koko loppuel\\u00e4m\\u00e4si.<\\\/p>\\n\n\n<h3>Kokkausilta, valmista ruokaa kuin paikallinen<\\\/h3>\\n\n\n<p>Liity kokkausiltoihimme ja koe saamelainen ruokakulttuuri k\\u00e4yt\\u00e4nn\\u00f6n kautta. <em><strong>6\\u201325 hengen ryhmiss\\u00e4<\\\/strong><\\\/em> p\\u00e4\\u00e4sette kokkaamaan yhdess\\u00e4, oppimaan perinteisi\\u00e4 reseptej\\u00e4 ja nauttimaan herkullisen aterian porotilallamme.<\\\/p>\",\"margin\":\"large\"}}]}]}]},{\"type\":\"section\",\"props\":{\"image_position\":\"center-center\",\"padding\":\"large\",\"style\":\"default\",\"title_breakpoint\":\"xl\",\"title_position\":\"top-left\",\"title_rotation\":\"left\",\"vertical_align\":\"middle\",\"width\":\"default\"},\"children\":[{\"type\":\"row\",\"children\":[{\"type\":\"column\",\"props\":{\"image_position\":\"center-center\",\"position_sticky_breakpoint\":\"m\"},\"children\":[{\"type\":\"text\",\"props\":{\"column_breakpoint\":\"m\",\"content\":\"\n\n<p><johku-widget id=\\\"jaakkolareindeerfarm\\\/c4f46b92c0bb0b5e\\\" locale=\\\"en_US\\\"><\\\/johku-widget><\\\/p>\",\"margin\":\"default\"}}]}]}]},{\"name\":\"Gallery\",\"type\":\"section\",\"props\":{\"image_position\":\"center-center\",\"style\":\"default\",\"title_breakpoint\":\"xl\",\"title_position\":\"top-left\",\"title_rotation\":\"left\",\"vertical_align\":\"\",\"width\":\"xlarge\"},\"children\":[{\"type\":\"row\",\"children\":[{\"type\":\"column\",\"props\":{\"image_position\":\"center-center\",\"position_sticky_breakpoint\":\"m\",\"width_medium\":\"1-1\"},\"children\":[{\"type\":\"gallery\",\"props\":{\"animation\":\"parallax\",\"filter_align\":\"left\",\"filter_all\":true,\"filter_grid_breakpoint\":\"m\",\"filter_grid_width\":\"auto\",\"filter_position\":\"top\",\"filter_style\":\"tab\",\"grid_column_gap\":\"small\",\"grid_default\":\"1\",\"grid_medium\":\"2\",\"grid_row_gap\":\"small\",\"image_height\":600,\"image_transition\":\"scale-up\",\"image_width\":\"900\",\"item_animation\":true,\"lightbox\":true,\"lightbox_bg_close\":true,\"link_style\":\"default\",\"link_text\":\"\",\"margin\":\"small\",\"meta_align\":\"below-title\",\"meta_element\":\"div\",\"meta_style\":\"text-meta\",\"overlay_hover\":false,\"overlay_link\":true,\"overlay_mode\":\"cover\",\"overlay_position\":\"center\",\"overlay_style\":\"\",\"overlay_transition\":\"fade\",\"parallax_breakpoint\":\"m\",\"parallax_easing\":\"1\",\"parallax_end\":\"70vh + 70%\",\"parallax_opacity\":\"0.7,1\",\"parallax_y\":\"40,0\",\"show_content\":true,\"show_hover_image\":true,\"show_hover_video\":true,\"show_link\":true,\"show_meta\":true,\"show_title\":false,\"text_align\":\"center\",\"text_color\":\"light\",\"title_element\":\"h3\",\"title_hover_style\":\"reset\"},\"children\":[{\"type\":\"gallery_item\",\"props\":{\"image\":\"wp-content\\\/uploads\\\/2025\\\/09\\\/eat-like-local.jpg\",\"title\":\"eat-like-local\"}},{\"type\":\"gallery_item\",\"props\":{\"image\":\"wp-content\\\/uploads\\\/2025\\\/09\\\/Kota-talvella.jpg\",\"title\":\"Kota-talvella\"}}]},{\"type\":\"gallery\",\"props\":{\"animation\":\"parallax\",\"filter_align\":\"left\",\"filter_all\":true,\"filter_grid_breakpoint\":\"m\",\"filter_grid_width\":\"auto\",\"filter_position\":\"top\",\"filter_style\":\"tab\",\"grid_column_gap\":\"small\",\"grid_default\":\"1\",\"grid_medium\":\"3\",\"grid_row_gap\":\"small\",\"image_height\":600,\"image_transition\":\"scale-up\",\"image_width\":\"900\",\"item_animation\":true,\"lightbox\":true,\"lightbox_bg_close\":true,\"link_style\":\"default\",\"link_text\":\"\",\"margin\":\"\",\"meta_align\":\"below-title\",\"meta_element\":\"div\",\"meta_style\":\"text-meta\",\"overlay_hover\":false,\"overlay_link\":true,\"overlay_mode\":\"cover\",\"overlay_position\":\"center\",\"overlay_style\":\"\",\"overlay_transition\":\"fade\",\"parallax_breakpoint\":\"m\",\"parallax_easing\":\"1\",\"parallax_end\":\"70vh + 70%\",\"parallax_opacity\":\"0.7,1\",\"parallax_y\":\"40,0\",\"show_content\":true,\"show_hover_image\":true,\"show_hover_video\":true,\"show_link\":true,\"show_meta\":true,\"show_title\":false,\"text_align\":\"center\",\"text_color\":\"light\",\"title_element\":\"h3\",\"title_hover_style\":\"reset\"},\"children\":[{\"type\":\"gallery_item\",\"props\":{\"image\":\"wp-content\\\/uploads\\\/2025\\\/09\\\/Poropyorykat.jpg\",\"title\":\"Poropyorykat\"}},{\"type\":\"gallery_item\",\"props\":{\"image\":\"wp-content\\\/uploads\\\/2025\\\/09\\\/palvelu_kotaruokailu.jpg\",\"title\":\"KOta-sisalta\"}},{\"type\":\"gallery_item\",\"props\":{\"image\":\"wp-content\\\/uploads\\\/2025\\\/09\\\/jaakkola-reindeerfarm-poronkaristys-1080.jpg\",\"title\":\"jaakkola-reindeerfarm-poronkaristys-1080\"}}]}]}]}]}],\"version\":\"4.5.27\"} --><\/p>\n","protected":false},"excerpt":{"rendered":"<p>Kotaravintola Goahti Aitoja lapin makuja Aitoja lapin makuja Kotaravintola Goahti Aitoja lapin makuja Astu sis\u00e4\u00e4n kauniiseen 52-paikkaiseen kotaravintola Goahtiin, ja nauti aidoista lappilaisista herkuista, jotka on valmistettu tuoreista paikallisista raaka-aineista. Oman porotilamme liha, arktinen lohi, l\u00e4hij\u00e4rvien siika sek\u00e4 metsist\u00e4mme ker\u00e4tyt sienet ja marjat tuovat lautasellesi Lapin puhtaan maun. Suuren tulisijan, perinteisen rakenteen ja luonnonl\u00e4heisyyden ansiosta [&hellip;]<\/p>\n","protected":false},"author":1,"featured_media":0,"parent":0,"menu_order":0,"comment_status":"closed","ping_status":"closed","template":"","meta":{"footnotes":""},"class_list":["post-382","page","type-page","status-publish","hentry"],"yoast_head":"<!-- This site is optimized with the Yoast SEO plugin v27.1.1 - https:\/\/yoast.com\/product\/yoast-seo-wordpress\/ -->\n<title>Kotaravintola Goahti - Jaakkola Reindeer Farm<\/title>\n<meta name=\"description\" content=\"Kotaravintola Goahtissa nautit aidoista lappilaisista herkuista. Varaa kokkausilta tai yksityisilta ryhm\u00e4llesi.\" \/>\n<meta name=\"robots\" content=\"index, follow, max-snippet:-1, max-image-preview:large, max-video-preview:-1\" \/>\n<link rel=\"canonical\" href=\"https:\/\/jaakkolareindeerfarm.com\/fi\/kotaravintola-goahti\/\" \/>\n<meta property=\"og:locale\" content=\"fi_FI\" \/>\n<meta property=\"og:type\" content=\"article\" \/>\n<meta property=\"og:title\" content=\"Kotaravintola Goahti - Jaakkola Reindeer Farm\" \/>\n<meta property=\"og:description\" content=\"Kotaravintola Goahtissa nautit aidoista lappilaisista herkuista. Varaa kokkausilta tai yksityisilta ryhm\u00e4llesi.\" \/>\n<meta property=\"og:url\" content=\"https:\/\/jaakkolareindeerfarm.com\/fi\/kotaravintola-goahti\/\" \/>\n<meta property=\"og:site_name\" content=\"Jaakkola Reindeer Farm\" \/>\n<meta property=\"article:publisher\" content=\"https:\/\/www.facebook.com\/Jaakkolareindeerfarm\/\" \/>\n<meta property=\"article:modified_time\" content=\"2025-09-29T08:07:36+00:00\" \/>\n<meta property=\"og:image\" content=\"https:\/\/jaakkolareindeerfarm.com\/wp-content\/uploads\/2025\/09\/Anu-ja-Jani-porojen-kanssa.jpg\" \/>\n\t<meta property=\"og:image:width\" content=\"1920\" \/>\n\t<meta property=\"og:image:height\" content=\"1280\" \/>\n\t<meta property=\"og:image:type\" content=\"image\/jpeg\" \/>\n<meta name=\"twitter:card\" content=\"summary_large_image\" \/>\n<meta name=\"twitter:label1\" content=\"Arvioitu lukuaika\" \/>\n\t<meta name=\"twitter:data1\" content=\"2 minuuttia\" \/>\n<script type=\"application\/ld+json\" class=\"yoast-schema-graph\">{\"@context\":\"https:\/\/schema.org\",\"@graph\":[{\"@type\":\"WebPage\",\"@id\":\"https:\/\/jaakkolareindeerfarm.com\/fi\/kotaravintola-goahti\/\",\"url\":\"https:\/\/jaakkolareindeerfarm.com\/fi\/kotaravintola-goahti\/\",\"name\":\"Kotaravintola Goahti - Jaakkola Reindeer Farm\",\"isPartOf\":{\"@id\":\"https:\/\/jaakkolareindeerfarm.com\/fi\/#website\"},\"datePublished\":\"2025-09-08T06:20:21+00:00\",\"dateModified\":\"2025-09-29T08:07:36+00:00\",\"description\":\"Kotaravintola Goahtissa nautit aidoista lappilaisista herkuista. Varaa kokkausilta tai yksityisilta ryhm\u00e4llesi.\",\"breadcrumb\":{\"@id\":\"https:\/\/jaakkolareindeerfarm.com\/fi\/kotaravintola-goahti\/#breadcrumb\"},\"inLanguage\":\"fi\",\"potentialAction\":[{\"@type\":\"ReadAction\",\"target\":[\"https:\/\/jaakkolareindeerfarm.com\/fi\/kotaravintola-goahti\/\"]}]},{\"@type\":\"BreadcrumbList\",\"@id\":\"https:\/\/jaakkolareindeerfarm.com\/fi\/kotaravintola-goahti\/#breadcrumb\",\"itemListElement\":[{\"@type\":\"ListItem\",\"position\":1,\"name\":\"Home\",\"item\":\"https:\/\/jaakkolareindeerfarm.com\/fi\/\"},{\"@type\":\"ListItem\",\"position\":2,\"name\":\"Kotaravintola Goahti\"}]},{\"@type\":\"WebSite\",\"@id\":\"https:\/\/jaakkolareindeerfarm.com\/fi\/#website\",\"url\":\"https:\/\/jaakkolareindeerfarm.com\/fi\/\",\"name\":\"Jaakkola Reindeer Farm\",\"description\":\"Reindeer programs in Finnish Lapland\",\"publisher\":{\"@id\":\"https:\/\/jaakkolareindeerfarm.com\/fi\/#organization\"},\"potentialAction\":[{\"@type\":\"SearchAction\",\"target\":{\"@type\":\"EntryPoint\",\"urlTemplate\":\"https:\/\/jaakkolareindeerfarm.com\/fi\/?s={search_term_string}\"},\"query-input\":{\"@type\":\"PropertyValueSpecification\",\"valueRequired\":true,\"valueName\":\"search_term_string\"}}],\"inLanguage\":\"fi\"},{\"@type\":\"Organization\",\"@id\":\"https:\/\/jaakkolareindeerfarm.com\/fi\/#organization\",\"name\":\"Jaakkola Reindeer Farm, Finnish Lapland\",\"alternateName\":\"Authentic Reindeer Farm in Lapland, Finland\",\"url\":\"https:\/\/jaakkolareindeerfarm.com\/fi\/\",\"logo\":{\"@type\":\"ImageObject\",\"inLanguage\":\"fi\",\"@id\":\"https:\/\/jaakkolareindeerfarm.com\/fi\/#\/schema\/logo\/image\/\",\"url\":\"https:\/\/jaakkolareindeerfarm.com\/wp-content\/uploads\/2025\/09\/cropped-jaakkola_symboli2-1.png\",\"contentUrl\":\"https:\/\/jaakkolareindeerfarm.com\/wp-content\/uploads\/2025\/09\/cropped-jaakkola_symboli2-1.png\",\"width\":512,\"height\":512,\"caption\":\"Jaakkola Reindeer Farm, Finnish Lapland\"},\"image\":{\"@id\":\"https:\/\/jaakkolareindeerfarm.com\/fi\/#\/schema\/logo\/image\/\"},\"sameAs\":[\"https:\/\/www.facebook.com\/Jaakkolareindeerfarm\/\",\"https:\/\/www.instagram.com\/\",\"https:\/\/www.tripadvisor.fi\/Attraction_Review-g1393474-d9743575-Reviews-Jaakkola_Reindeer_Farm-Luosto_Lapland.html\",\"https:\/\/www.youtube.com\/watch?v=7s6ynyg8pwg\"]}]}<\/script>\n<!-- \/ Yoast SEO plugin. -->","yoast_head_json":{"title":"Kotaravintola Goahti - Jaakkola Reindeer Farm","description":"Kotaravintola Goahtissa nautit aidoista lappilaisista herkuista. Varaa kokkausilta tai yksityisilta ryhm\u00e4llesi.","robots":{"index":"index","follow":"follow","max-snippet":"max-snippet:-1","max-image-preview":"max-image-preview:large","max-video-preview":"max-video-preview:-1"},"canonical":"https:\/\/jaakkolareindeerfarm.com\/fi\/kotaravintola-goahti\/","og_locale":"fi_FI","og_type":"article","og_title":"Kotaravintola Goahti - Jaakkola Reindeer Farm","og_description":"Kotaravintola Goahtissa nautit aidoista lappilaisista herkuista. Varaa kokkausilta tai yksityisilta ryhm\u00e4llesi.","og_url":"https:\/\/jaakkolareindeerfarm.com\/fi\/kotaravintola-goahti\/","og_site_name":"Jaakkola Reindeer Farm","article_publisher":"https:\/\/www.facebook.com\/Jaakkolareindeerfarm\/","article_modified_time":"2025-09-29T08:07:36+00:00","og_image":[{"width":1920,"height":1280,"url":"https:\/\/jaakkolareindeerfarm.com\/wp-content\/uploads\/2025\/09\/Anu-ja-Jani-porojen-kanssa.jpg","type":"image\/jpeg"}],"twitter_card":"summary_large_image","twitter_misc":{"Arvioitu lukuaika":"2 minuuttia"},"schema":{"@context":"https:\/\/schema.org","@graph":[{"@type":"WebPage","@id":"https:\/\/jaakkolareindeerfarm.com\/fi\/kotaravintola-goahti\/","url":"https:\/\/jaakkolareindeerfarm.com\/fi\/kotaravintola-goahti\/","name":"Kotaravintola Goahti - Jaakkola Reindeer Farm","isPartOf":{"@id":"https:\/\/jaakkolareindeerfarm.com\/fi\/#website"},"datePublished":"2025-09-08T06:20:21+00:00","dateModified":"2025-09-29T08:07:36+00:00","description":"Kotaravintola Goahtissa nautit aidoista lappilaisista herkuista. Varaa kokkausilta tai yksityisilta ryhm\u00e4llesi.","breadcrumb":{"@id":"https:\/\/jaakkolareindeerfarm.com\/fi\/kotaravintola-goahti\/#breadcrumb"},"inLanguage":"fi","potentialAction":[{"@type":"ReadAction","target":["https:\/\/jaakkolareindeerfarm.com\/fi\/kotaravintola-goahti\/"]}]},{"@type":"BreadcrumbList","@id":"https:\/\/jaakkolareindeerfarm.com\/fi\/kotaravintola-goahti\/#breadcrumb","itemListElement":[{"@type":"ListItem","position":1,"name":"Home","item":"https:\/\/jaakkolareindeerfarm.com\/fi\/"},{"@type":"ListItem","position":2,"name":"Kotaravintola Goahti"}]},{"@type":"WebSite","@id":"https:\/\/jaakkolareindeerfarm.com\/fi\/#website","url":"https:\/\/jaakkolareindeerfarm.com\/fi\/","name":"Jaakkola Reindeer Farm","description":"Reindeer programs in Finnish Lapland","publisher":{"@id":"https:\/\/jaakkolareindeerfarm.com\/fi\/#organization"},"potentialAction":[{"@type":"SearchAction","target":{"@type":"EntryPoint","urlTemplate":"https:\/\/jaakkolareindeerfarm.com\/fi\/?s={search_term_string}"},"query-input":{"@type":"PropertyValueSpecification","valueRequired":true,"valueName":"search_term_string"}}],"inLanguage":"fi"},{"@type":"Organization","@id":"https:\/\/jaakkolareindeerfarm.com\/fi\/#organization","name":"Jaakkola Reindeer Farm, Finnish Lapland","alternateName":"Authentic Reindeer Farm in Lapland, Finland","url":"https:\/\/jaakkolareindeerfarm.com\/fi\/","logo":{"@type":"ImageObject","inLanguage":"fi","@id":"https:\/\/jaakkolareindeerfarm.com\/fi\/#\/schema\/logo\/image\/","url":"https:\/\/jaakkolareindeerfarm.com\/wp-content\/uploads\/2025\/09\/cropped-jaakkola_symboli2-1.png","contentUrl":"https:\/\/jaakkolareindeerfarm.com\/wp-content\/uploads\/2025\/09\/cropped-jaakkola_symboli2-1.png","width":512,"height":512,"caption":"Jaakkola Reindeer Farm, Finnish Lapland"},"image":{"@id":"https:\/\/jaakkolareindeerfarm.com\/fi\/#\/schema\/logo\/image\/"},"sameAs":["https:\/\/www.facebook.com\/Jaakkolareindeerfarm\/","https:\/\/www.instagram.com\/","https:\/\/www.tripadvisor.fi\/Attraction_Review-g1393474-d9743575-Reviews-Jaakkola_Reindeer_Farm-Luosto_Lapland.html","https:\/\/www.youtube.com\/watch?v=7s6ynyg8pwg"]}]}},"_links":{"self":[{"href":"https:\/\/jaakkolareindeerfarm.com\/fi\/wp-json\/wp\/v2\/pages\/382","targetHints":{"allow":["GET"]}}],"collection":[{"href":"https:\/\/jaakkolareindeerfarm.com\/fi\/wp-json\/wp\/v2\/pages"}],"about":[{"href":"https:\/\/jaakkolareindeerfarm.com\/fi\/wp-json\/wp\/v2\/types\/page"}],"author":[{"embeddable":true,"href":"https:\/\/jaakkolareindeerfarm.com\/fi\/wp-json\/wp\/v2\/users\/1"}],"replies":[{"embeddable":true,"href":"https:\/\/jaakkolareindeerfarm.com\/fi\/wp-json\/wp\/v2\/comments?post=382"}],"version-history":[{"count":11,"href":"https:\/\/jaakkolareindeerfarm.com\/fi\/wp-json\/wp\/v2\/pages\/382\/revisions"}],"predecessor-version":[{"id":605,"href":"https:\/\/jaakkolareindeerfarm.com\/fi\/wp-json\/wp\/v2\/pages\/382\/revisions\/605"}],"wp:attachment":[{"href":"https:\/\/jaakkolareindeerfarm.com\/fi\/wp-json\/wp\/v2\/media?parent=382"}],"curies":[{"name":"wp","href":"https:\/\/api.w.org\/{rel}","templated":true}]}}