{"id":383,"date":"2025-09-08T12:33:42","date_gmt":"2025-09-08T09:33:42","guid":{"rendered":"https:\/\/jaakkolareindeerfarm.com\/restaurant-catering\/"},"modified":"2025-10-30T12:24:30","modified_gmt":"2025-10-30T10:24:30","slug":"ravintola-catering","status":"publish","type":"page","link":"https:\/\/jaakkolareindeerfarm.com\/fi\/ravintola-catering\/","title":{"rendered":"Ravintola &#038; Catering"},"content":{"rendered":"<h1>Ravintola &#038; Catering<\/h1>\n<div>\n<\/div>\n<div>\n<h3>Illallinen Kotaravintola Goahtissa<\/h3>\n<p>Aitoja lapin makuja<\/p>\n<div>\n<p>Nauti perinteisist\u00e4 lapin herkuista tunnelmallisessa 52-paikkaisessa ruokakodassamme. Omasta porosta arktiseen loheen, paikalliseen siikaan, sieniin ja marjoihin \u2013 jokainen annos on pala Lapin makumaailmaa.<\/p>\n<p><em><strong>Huomioithan, ett\u00e4 Goahti-ravintola on avoinna vain ennakkovarauksesta. <br \/><\/strong><\/em>Emme ota vastaan k\u00e4vij\u00f6it\u00e4 ilman varausta.<\/p>\n<\/div>\n<p><a href=\"https:\/\/jaakkolareindeerfarm.com\/fi\/kotaravintola-goahti\/\">Varaa lappilainen illallisel\u00e4mys<\/a><\/p>\n<\/div>\n<div>\n<p>        <img decoding=\"async\" src=\"\/wp-content\/uploads\/2025\/09\/restaurant-coahti-noitarumpu.jpg\" alt=\"Lappilainen illallisel\u00e4mys\"><\/p>\n<h3>Illallinen Kotaravintola Goahtissa<\/h3>\n<p>Aitoja lapin makuja<\/p>\n<div>\n<p>Nauti perinteisist\u00e4 lapin herkuista tunnelmallisessa 52-paikkaisessa ruokakodassamme. Omasta porosta arktiseen loheen, paikalliseen siikaan, sieniin ja marjoihin \u2013 jokainen annos on pala Lapin makumaailmaa.<\/p>\n<p><em><strong>Huomioithan, ett\u00e4 Goahti-ravintola on avoinna vain ennakkovarauksesta.<br \/><\/strong><\/em>Emme ota vastaan k\u00e4vij\u00f6it\u00e4 ilman varausta.<\/p>\n<\/div>\n<p><a href=\"https:\/\/jaakkolareindeerfarm.com\/fi\/kotaravintola-goahti\/\">Varaa illallisel\u00e4mys<\/a><\/p>\n<\/div>\n<div>\n<h3>Catering Uksakka<\/h3>\n<p>Lapin makuja arkeen ja juhlaan<\/p>\n<div>Tee juhlastasi unohtumaton Uksakan cateringin avulla Lapissa. H\u00e4ist\u00e4 ja perhejuhlista yritystapahtumiin \u2013 tuomme aitoja makuja ja l\u00e4mmint\u00e4 vieraanvaraisuutta erityiseen p\u00e4iv\u00e4\u00e4si.<\/div>\n<p><a href=\"https:\/\/www.uksakka.fi\/\">Catering Uksakka<\/a><\/p>\n<\/div>\n<div>\n<p>        <img decoding=\"async\" src=\"\/wp-content\/uploads\/2025\/09\/jaakkola-reindeerfarm-poronkaristys-1080.jpg\" alt=\"\"><\/p>\n<h3>Catering Uksakka<\/h3>\n<p>Lapin makuja arkeen ja juhlaan<\/p>\n<div>Tee juhlastasi unohtumaton Uksakan cateringin avulla Lapissa. H\u00e4ist\u00e4 ja perhejuhlista yritystapahtumiin \u2013 tuomme aitoja makuja ja l\u00e4mmint\u00e4 vieraanvaraisuutta erityiseen p\u00e4iv\u00e4\u00e4si.\n<\/div>\n<p><a href=\"https:\/\/www.uksakka.fi\/\">Catering Uksakka<\/a><\/p>\n<\/div>\n<p><!--more--><br \/>\n<!-- {\"type\":\"layout\",\"children\":[{\"type\":\"section\",\"props\":{\"header_transparent\":true,\"header_transparent_noplaceholder\":false,\"header_transparent_text_color\":\"light\",\"height\":\"viewport\",\"height_offset_top\":false,\"image\":\"wp-content\\\/uploads\\\/2025\\\/09\\\/latyt-ja-marjat.jpg\",\"image_loading\":true,\"image_parallax_bgx\":\"100\",\"image_position\":\"center-center\",\"image_size\":\"cover\",\"image_width\":\"2560\",\"media_overlay\":\"rgba(62, 21, 0, 0.75)\",\"media_overlay_parallax_opacity\":\"0.25,1\",\"media_overlay_parallax_start\":\"25%\",\"sticky\":\"cover\",\"style\":\"default\",\"text_color\":\"light\",\"title_breakpoint\":\"xl\",\"title_position\":\"top-left\",\"title_rotation\":\"left\",\"vertical_align\":\"bottom\",\"width\":\"expand\"},\"children\":[{\"type\":\"row\",\"children\":[{\"type\":\"column\",\"props\":{\"image_position\":\"center-center\",\"position_sticky_breakpoint\":\"m\",\"vertical_align\":\"middle\"},\"children\":[{\"type\":\"headline\",\"props\":{\"content\":\"Ravintola & Catering\",\"margin\":\"default\",\"maxwidth\":\"2xlarge\",\"title_element\":\"h1\",\"title_style\":\"heading-xlarge\"}},{\"type\":\"list\",\"props\":{\"column_breakpoint\":\"m\",\"content_style\":\"h3\",\"image_align\":\"left\",\"image_svg_color\":\"emphasis\",\"image_vertical_align\":true,\"list_element\":\"ul\",\"list_horizontal_separator\":\", \",\"list_type\":\"vertical\",\"show_image\":true,\"show_link\":true},\"children\":[{\"type\":\"list_item\",\"source\":{\"query\":{\"name\":\"posts.customPosts\",\"arguments\":{\"terms\":[2],\"category_operator\":\"IN\",\"post_tag_operator\":\"IN\",\"users\":[],\"users_operator\":\"IN\",\"offset\":0,\"limit\":5,\"order\":\"date\",\"order_direction\":\"DESC\"}},\"props\":{\"content\":{\"name\":\"title\"},\"link\":{\"name\":\"link\"}}}}],\"name\":\"ajankohtaista lista\"}]}],\"props\":{\"row_gap\":\"large\"}}],\"name\":\"Hero 2\"},{\"type\":\"section\",\"props\":{\"class\":\"uk-visible@m\",\"height\":\"viewport\",\"id\":\"permanent-makeup\",\"image\":\"wp-content\\\/uploads\\\/2025\\\/09\\\/jaakkola-reindeerfarm-joiku.jpg\",\"image_effect\":\"parallax\",\"image_parallax_bgy\":\"-30vh\",\"image_parallax_end\":\"100%\",\"image_parallax_start\":\"-100vh\",\"image_parallax_target\":\"![class*='uk-section-'] ~ [class*='uk-section-']\",\"image_position\":\"center-center\",\"image_size\":\"cover\",\"image_width\":\"2560\",\"media_overlay\":\"rgba(62, 21, 0, 0.75)\",\"media_overlay_parallax_end\":\"100%\",\"media_overlay_parallax_opacity\":\"0\",\"media_overlay_parallax_target\":\"![class*='uk-section-'] ~ [class*='uk-section-']\",\"padding\":\"large\",\"preserve_color\":true,\"sticky\":\"cover\",\"style\":\"secondary\",\"title_breakpoint\":\"xl\",\"title_position\":\"top-left\",\"title_rotation\":\"left\",\"vertical_align\":\"middle\",\"width\":\"xlarge\"},\"children\":[{\"type\":\"row\",\"children\":[{\"type\":\"column\",\"props\":{\"image_position\":\"center-center\",\"position_sticky_breakpoint\":\"m\"},\"children\":[{\"type\":\"panel\",\"props\":{\"block_align\":\"right\",\"content\":\"\n\n<p>Nauti perinteisist\\u00e4 lapin herkuista tunnelmallisessa 52-paikkaisessa ruokakodassamme. Omasta porosta arktiseen loheen, paikalliseen siikaan, sieniin ja marjoihin \\u2013 jokainen annos on pala Lapin makumaailmaa.<\\\/p>\\n\n\n<p><em><strong>Huomioithan, ett\\u00e4 Goahti-ravintola on avoinna vain ennakkovarauksesta. <br \\\/><\\\/strong><\\\/em>Emme ota vastaan k\\u00e4vij\\u00f6it\\u00e4 ilman varausta.<\\\/p>\",\"content_column_breakpoint\":\"m\",\"icon_width\":80,\"image_align\":\"top\",\"image_grid_breakpoint\":\"m\",\"image_grid_width\":\"1-2\",\"image_svg_color\":\"emphasis\",\"link\":\"fi\\\/kotaravintola-goahti\\\/\",\"link_aria_label\":\"Varaa lappilainen illallisel\\u00e4mys\",\"link_style\":\"primary\",\"link_text\":\"Varaa lappilainen illallisel\\u00e4mys\",\"margin\":\"default\",\"maxwidth\":\"large\",\"meta\":\"Aitoja lapin makuja\",\"meta_align\":\"below-title\",\"meta_element\":\"div\",\"meta_style\":\"text-meta\",\"panel_link\":true,\"panel_padding\":\"default\",\"panel_style\":\"card-default\",\"title\":\"Illallinen Kotaravintola Goahtissa\",\"title_align\":\"top\",\"title_element\":\"h3\",\"title_grid_breakpoint\":\"m\",\"title_grid_width\":\"1-2\",\"title_hover_style\":\"reset\",\"title_style\":\"heading-medium\"}}]}]}],\"name\":\"Goahti\"},{\"type\":\"section\",\"props\":{\"class\":\"uk-hidden@m\",\"id\":\"permanent-makeup\",\"image_effect\":\"parallax\",\"image_parallax_bgy\":\"-30vh\",\"image_parallax_end\":\"100%\",\"image_parallax_start\":\"-100vh\",\"image_parallax_target\":\"![class*='uk-section-'] ~ [class*='uk-section-']\",\"image_position\":\"center-center\",\"image_size\":\"cover\",\"image_width\":\"2560\",\"media_overlay\":\"rgba(62, 21, 0, 0.75)\",\"media_overlay_parallax_end\":\"100%\",\"media_overlay_parallax_opacity\":\"0,0.7\",\"media_overlay_parallax_target\":\"![class*='uk-section-'] ~ [class*='uk-section-']\",\"preserve_color\":true,\"style\":\"primary\",\"title_breakpoint\":\"xl\",\"title_position\":\"top-left\",\"title_rotation\":\"left\",\"vertical_align\":\"middle\",\"width\":\"xlarge\"},\"children\":[{\"type\":\"row\",\"children\":[{\"type\":\"column\",\"props\":{\"image_position\":\"center-center\",\"position_sticky_breakpoint\":\"m\"},\"children\":[{\"type\":\"panel\",\"props\":{\"block_align\":\"right\",\"content\":\"\n\n<p>Nauti perinteisist\\u00e4 lapin herkuista tunnelmallisessa 52-paikkaisessa ruokakodassamme. Omasta porosta arktiseen loheen, paikalliseen siikaan, sieniin ja marjoihin \\u2013 jokainen annos on pala Lapin makumaailmaa.<\\\/p>\\n\n\n<p><em><strong>Huomioithan, ett\\u00e4 Goahti-ravintola on avoinna vain ennakkovarauksesta.<br \\\/><\\\/strong><\\\/em>Emme ota vastaan k\\u00e4vij\\u00f6it\\u00e4 ilman varausta.<\\\/p>\",\"content_column_breakpoint\":\"m\",\"icon_width\":80,\"image\":\"wp-content\\\/uploads\\\/2025\\\/09\\\/restaurant-coahti-noitarumpu.jpg\",\"image_align\":\"top\",\"image_alt\":\"Lappilainen illallisel\\u00e4mys\",\"image_grid_breakpoint\":\"m\",\"image_grid_width\":\"1-2\",\"image_link\":true,\"image_svg_color\":\"emphasis\",\"image_transition\":\"scale-up\",\"link\":\"fi\\\/kotaravintola-goahti\\\/\",\"link_aria_label\":\"Varaa illallisel\\u00e4mys\",\"link_style\":\"primary\",\"link_text\":\"Varaa illallisel\\u00e4mys\",\"margin\":\"default\",\"meta\":\"Aitoja lapin makuja\",\"meta_align\":\"below-title\",\"meta_element\":\"div\",\"meta_style\":\"text-meta\",\"panel_image_no_padding\":true,\"panel_link\":true,\"panel_padding\":\"default\",\"panel_style\":\"card-default\",\"title\":\"Illallinen Kotaravintola Goahtissa\",\"title_align\":\"top\",\"title_element\":\"h3\",\"title_grid_breakpoint\":\"m\",\"title_grid_width\":\"1-2\",\"title_hover_style\":\"reset\",\"title_style\":\"heading-medium\"}}]}]}],\"name\":\"Goahti mobi\"},{\"type\":\"section\",\"props\":{\"class\":\"uk-visible@m\",\"height\":\"viewport\",\"id\":\"permanent-makeup\",\"image\":\"wp-content\\\/uploads\\\/2025\\\/09\\\/jaakkola-reindeerfarm-poronkaristys.jpg\",\"image_effect\":\"parallax\",\"image_parallax_bgy\":\"-30vh\",\"image_parallax_end\":\"100%\",\"image_parallax_start\":\"-100vh\",\"image_parallax_target\":\"![class*='uk-section-'] ~ [class*='uk-section-']\",\"image_position\":\"center-center\",\"image_size\":\"cover\",\"image_width\":\"2560\",\"media_overlay\":\"rgba(62, 21, 0, 0.75)\",\"media_overlay_parallax_end\":\"100%\",\"media_overlay_parallax_opacity\":\"0,0.7\",\"media_overlay_parallax_target\":\"![class*='uk-section-'] ~ [class*='uk-section-']\",\"preserve_color\":true,\"sticky\":\"cover\",\"style\":\"secondary\",\"title_breakpoint\":\"xl\",\"title_position\":\"top-left\",\"title_rotation\":\"left\",\"vertical_align\":\"middle\",\"width\":\"xlarge\"},\"children\":[{\"type\":\"row\",\"children\":[{\"type\":\"column\",\"props\":{\"image_position\":\"center-center\",\"position_sticky_breakpoint\":\"m\"},\"children\":[{\"type\":\"panel\",\"props\":{\"block_align\":\"right\",\"content\":\"Tee juhlastasi unohtumaton Uksakan cateringin avulla Lapissa. H\\u00e4ist\\u00e4 ja perhejuhlista yritystapahtumiin \\u2013 tuomme aitoja makuja ja l\\u00e4mmint\\u00e4 vieraanvaraisuutta erityiseen p\\u00e4iv\\u00e4\\u00e4si.\",\"content_column_breakpoint\":\"m\",\"icon_width\":80,\"image_align\":\"top\",\"image_grid_breakpoint\":\"m\",\"image_grid_width\":\"1-2\",\"image_svg_color\":\"emphasis\",\"link\":\"https:\\\/\\\/www.uksakka.fi\\\/\",\"link_aria_label\":\"Catering Uksakka\",\"link_style\":\"primary\",\"link_target\":true,\"link_text\":\"Catering Uksakka\",\"margin\":\"default\",\"maxwidth\":\"large\",\"meta\":\"Lapin makuja arkeen ja juhlaan\",\"meta_align\":\"below-title\",\"meta_element\":\"div\",\"meta_style\":\"text-meta\",\"panel_link\":true,\"panel_padding\":\"default\",\"panel_style\":\"card-default\",\"title\":\"Catering Uksakka\",\"title_align\":\"top\",\"title_element\":\"h3\",\"title_grid_breakpoint\":\"m\",\"title_grid_width\":\"1-2\",\"title_hover_style\":\"reset\",\"title_style\":\"heading-medium\"}}]}]}],\"name\":\"Catering\"},{\"type\":\"section\",\"props\":{\"class\":\"uk-hidden@m\",\"id\":\"permanent-makeup\",\"image_effect\":\"parallax\",\"image_parallax_bgy\":\"-30vh\",\"image_parallax_end\":\"100%\",\"image_parallax_start\":\"-100vh\",\"image_parallax_target\":\"![class*='uk-section-'] ~ [class*='uk-section-']\",\"image_position\":\"center-center\",\"image_size\":\"cover\",\"image_width\":\"2560\",\"media_overlay\":\"rgba(62, 21, 0, 0.75)\",\"media_overlay_parallax_end\":\"100%\",\"media_overlay_parallax_opacity\":\"0,0.7\",\"media_overlay_parallax_target\":\"![class*='uk-section-'] ~ [class*='uk-section-']\",\"preserve_color\":true,\"style\":\"primary\",\"title_breakpoint\":\"xl\",\"title_position\":\"top-left\",\"title_rotation\":\"left\",\"vertical_align\":\"middle\",\"width\":\"xlarge\"},\"children\":[{\"type\":\"row\",\"children\":[{\"type\":\"column\",\"props\":{\"image_position\":\"center-center\",\"position_sticky_breakpoint\":\"m\"},\"children\":[{\"type\":\"panel\",\"props\":{\"block_align\":\"right\",\"content\":\"Tee juhlastasi unohtumaton Uksakan cateringin avulla Lapissa. H\\u00e4ist\\u00e4 ja perhejuhlista yritystapahtumiin \\u2013 tuomme aitoja makuja ja l\\u00e4mmint\\u00e4 vieraanvaraisuutta erityiseen p\\u00e4iv\\u00e4\\u00e4si.\\n\",\"content_column_breakpoint\":\"m\",\"icon_width\":80,\"image\":\"wp-content\\\/uploads\\\/2025\\\/09\\\/jaakkola-reindeerfarm-poronkaristys-1080.jpg\",\"image_align\":\"top\",\"image_grid_breakpoint\":\"m\",\"image_grid_width\":\"1-2\",\"image_link\":true,\"image_svg_color\":\"emphasis\",\"image_transition\":\"scale-up\",\"link\":\"https:\\\/\\\/www.uksakka.fi\\\/\",\"link_aria_label\":\"Catering Uksakka\",\"link_style\":\"primary\",\"link_target\":true,\"link_text\":\"Catering Uksakka\",\"margin\":\"default\",\"meta\":\"Lapin makuja arkeen ja juhlaan\",\"meta_align\":\"below-title\",\"meta_element\":\"div\",\"meta_style\":\"text-meta\",\"panel_image_no_padding\":true,\"panel_link\":true,\"panel_padding\":\"default\",\"panel_style\":\"card-default\",\"title\":\"Catering Uksakka\",\"title_align\":\"top\",\"title_element\":\"h3\",\"title_grid_breakpoint\":\"m\",\"title_grid_width\":\"1-2\",\"title_hover_style\":\"reset\",\"title_style\":\"heading-medium\"}}]}]}],\"name\":\"Catering mobi\"}],\"version\":\"4.5.28\"} --><\/p>\n","protected":false},"excerpt":{"rendered":"<p>Ravintola &#038; Catering Illallinen Kotaravintola Goahtissa Aitoja lapin makuja Nauti perinteisist\u00e4 lapin herkuista tunnelmallisessa 52-paikkaisessa ruokakodassamme. Omasta porosta arktiseen loheen, paikalliseen siikaan, sieniin ja marjoihin \u2013 jokainen annos on pala Lapin makumaailmaa. Huomioithan, ett\u00e4 Goahti-ravintola on avoinna vain ennakkovarauksesta. Emme ota vastaan k\u00e4vij\u00f6it\u00e4 ilman varausta. Varaa lappilainen illallisel\u00e4mys Illallinen Kotaravintola Goahtissa Aitoja lapin makuja Nauti [&hellip;]<\/p>\n","protected":false},"author":1,"featured_media":0,"parent":0,"menu_order":0,"comment_status":"closed","ping_status":"closed","template":"","meta":{"footnotes":""},"class_list":["post-383","page","type-page","status-publish","hentry"],"yoast_head":"<!-- This site is optimized with the Yoast SEO plugin v27.1.1 - https:\/\/yoast.com\/product\/yoast-seo-wordpress\/ -->\n<title>Ravintola &amp; Catering - Jaakkola Reindeer Farm<\/title>\n<meta name=\"description\" content=\"Tutustu aitoihin lapin makuihin varaamalla paikkasi Jaakkolan porotilan ravintola Goahtiin tai tilaa tapahtumaasi catering-palvelu Uksakasta.\" \/>\n<meta name=\"robots\" content=\"index, follow, max-snippet:-1, max-image-preview:large, max-video-preview:-1\" \/>\n<link rel=\"canonical\" href=\"https:\/\/jaakkolareindeerfarm.com\/fi\/ravintola-catering\/\" \/>\n<meta property=\"og:locale\" content=\"fi_FI\" \/>\n<meta property=\"og:type\" content=\"article\" \/>\n<meta property=\"og:title\" content=\"Ravintola &amp; Catering - Jaakkola Reindeer Farm\" \/>\n<meta property=\"og:description\" content=\"Tutustu aitoihin lapin makuihin varaamalla paikkasi Jaakkolan porotilan ravintola Goahtiin tai tilaa tapahtumaasi catering-palvelu Uksakasta.\" \/>\n<meta property=\"og:url\" content=\"https:\/\/jaakkolareindeerfarm.com\/fi\/ravintola-catering\/\" \/>\n<meta property=\"og:site_name\" content=\"Jaakkola Reindeer Farm\" \/>\n<meta property=\"article:publisher\" content=\"https:\/\/www.facebook.com\/Jaakkolareindeerfarm\/\" \/>\n<meta property=\"article:modified_time\" content=\"2025-10-30T10:24:30+00:00\" \/>\n<meta property=\"og:image\" content=\"https:\/\/jaakkolareindeerfarm.com\/wp-content\/uploads\/2025\/09\/Anu-ja-Jani-porojen-kanssa.jpg\" \/>\n\t<meta property=\"og:image:width\" content=\"1920\" \/>\n\t<meta property=\"og:image:height\" content=\"1280\" \/>\n\t<meta property=\"og:image:type\" content=\"image\/jpeg\" \/>\n<meta name=\"twitter:card\" content=\"summary_large_image\" \/>\n<meta name=\"twitter:label1\" content=\"Arvioitu lukuaika\" \/>\n\t<meta name=\"twitter:data1\" content=\"2 minuuttia\" \/>\n<script type=\"application\/ld+json\" class=\"yoast-schema-graph\">{\"@context\":\"https:\/\/schema.org\",\"@graph\":[{\"@type\":\"WebPage\",\"@id\":\"https:\/\/jaakkolareindeerfarm.com\/fi\/ravintola-catering\/\",\"url\":\"https:\/\/jaakkolareindeerfarm.com\/fi\/ravintola-catering\/\",\"name\":\"Ravintola & Catering - Jaakkola Reindeer Farm\",\"isPartOf\":{\"@id\":\"https:\/\/jaakkolareindeerfarm.com\/fi\/#website\"},\"datePublished\":\"2025-09-08T09:33:42+00:00\",\"dateModified\":\"2025-10-30T10:24:30+00:00\",\"description\":\"Tutustu aitoihin lapin makuihin varaamalla paikkasi Jaakkolan porotilan ravintola Goahtiin tai tilaa tapahtumaasi catering-palvelu Uksakasta.\",\"breadcrumb\":{\"@id\":\"https:\/\/jaakkolareindeerfarm.com\/fi\/ravintola-catering\/#breadcrumb\"},\"inLanguage\":\"fi\",\"potentialAction\":[{\"@type\":\"ReadAction\",\"target\":[\"https:\/\/jaakkolareindeerfarm.com\/fi\/ravintola-catering\/\"]}]},{\"@type\":\"BreadcrumbList\",\"@id\":\"https:\/\/jaakkolareindeerfarm.com\/fi\/ravintola-catering\/#breadcrumb\",\"itemListElement\":[{\"@type\":\"ListItem\",\"position\":1,\"name\":\"Home\",\"item\":\"https:\/\/jaakkolareindeerfarm.com\/fi\/\"},{\"@type\":\"ListItem\",\"position\":2,\"name\":\"Ravintola &#038; Catering\"}]},{\"@type\":\"WebSite\",\"@id\":\"https:\/\/jaakkolareindeerfarm.com\/fi\/#website\",\"url\":\"https:\/\/jaakkolareindeerfarm.com\/fi\/\",\"name\":\"Jaakkola Reindeer Farm\",\"description\":\"Reindeer programs in Finnish Lapland\",\"publisher\":{\"@id\":\"https:\/\/jaakkolareindeerfarm.com\/fi\/#organization\"},\"potentialAction\":[{\"@type\":\"SearchAction\",\"target\":{\"@type\":\"EntryPoint\",\"urlTemplate\":\"https:\/\/jaakkolareindeerfarm.com\/fi\/?s={search_term_string}\"},\"query-input\":{\"@type\":\"PropertyValueSpecification\",\"valueRequired\":true,\"valueName\":\"search_term_string\"}}],\"inLanguage\":\"fi\"},{\"@type\":\"Organization\",\"@id\":\"https:\/\/jaakkolareindeerfarm.com\/fi\/#organization\",\"name\":\"Jaakkola Reindeer Farm, Finnish Lapland\",\"alternateName\":\"Authentic Reindeer Farm in Lapland, Finland\",\"url\":\"https:\/\/jaakkolareindeerfarm.com\/fi\/\",\"logo\":{\"@type\":\"ImageObject\",\"inLanguage\":\"fi\",\"@id\":\"https:\/\/jaakkolareindeerfarm.com\/fi\/#\/schema\/logo\/image\/\",\"url\":\"https:\/\/jaakkolareindeerfarm.com\/wp-content\/uploads\/2025\/09\/cropped-jaakkola_symboli2-1.png\",\"contentUrl\":\"https:\/\/jaakkolareindeerfarm.com\/wp-content\/uploads\/2025\/09\/cropped-jaakkola_symboli2-1.png\",\"width\":512,\"height\":512,\"caption\":\"Jaakkola Reindeer Farm, Finnish Lapland\"},\"image\":{\"@id\":\"https:\/\/jaakkolareindeerfarm.com\/fi\/#\/schema\/logo\/image\/\"},\"sameAs\":[\"https:\/\/www.facebook.com\/Jaakkolareindeerfarm\/\",\"https:\/\/www.instagram.com\/\",\"https:\/\/www.tripadvisor.fi\/Attraction_Review-g1393474-d9743575-Reviews-Jaakkola_Reindeer_Farm-Luosto_Lapland.html\",\"https:\/\/www.youtube.com\/watch?v=7s6ynyg8pwg\"]}]}<\/script>\n<!-- \/ Yoast SEO plugin. -->","yoast_head_json":{"title":"Ravintola & Catering - Jaakkola Reindeer Farm","description":"Tutustu aitoihin lapin makuihin varaamalla paikkasi Jaakkolan porotilan ravintola Goahtiin tai tilaa tapahtumaasi catering-palvelu Uksakasta.","robots":{"index":"index","follow":"follow","max-snippet":"max-snippet:-1","max-image-preview":"max-image-preview:large","max-video-preview":"max-video-preview:-1"},"canonical":"https:\/\/jaakkolareindeerfarm.com\/fi\/ravintola-catering\/","og_locale":"fi_FI","og_type":"article","og_title":"Ravintola & Catering - Jaakkola Reindeer Farm","og_description":"Tutustu aitoihin lapin makuihin varaamalla paikkasi Jaakkolan porotilan ravintola Goahtiin tai tilaa tapahtumaasi catering-palvelu Uksakasta.","og_url":"https:\/\/jaakkolareindeerfarm.com\/fi\/ravintola-catering\/","og_site_name":"Jaakkola Reindeer Farm","article_publisher":"https:\/\/www.facebook.com\/Jaakkolareindeerfarm\/","article_modified_time":"2025-10-30T10:24:30+00:00","og_image":[{"width":1920,"height":1280,"url":"https:\/\/jaakkolareindeerfarm.com\/wp-content\/uploads\/2025\/09\/Anu-ja-Jani-porojen-kanssa.jpg","type":"image\/jpeg"}],"twitter_card":"summary_large_image","twitter_misc":{"Arvioitu lukuaika":"2 minuuttia"},"schema":{"@context":"https:\/\/schema.org","@graph":[{"@type":"WebPage","@id":"https:\/\/jaakkolareindeerfarm.com\/fi\/ravintola-catering\/","url":"https:\/\/jaakkolareindeerfarm.com\/fi\/ravintola-catering\/","name":"Ravintola & Catering - Jaakkola Reindeer Farm","isPartOf":{"@id":"https:\/\/jaakkolareindeerfarm.com\/fi\/#website"},"datePublished":"2025-09-08T09:33:42+00:00","dateModified":"2025-10-30T10:24:30+00:00","description":"Tutustu aitoihin lapin makuihin varaamalla paikkasi Jaakkolan porotilan ravintola Goahtiin tai tilaa tapahtumaasi catering-palvelu Uksakasta.","breadcrumb":{"@id":"https:\/\/jaakkolareindeerfarm.com\/fi\/ravintola-catering\/#breadcrumb"},"inLanguage":"fi","potentialAction":[{"@type":"ReadAction","target":["https:\/\/jaakkolareindeerfarm.com\/fi\/ravintola-catering\/"]}]},{"@type":"BreadcrumbList","@id":"https:\/\/jaakkolareindeerfarm.com\/fi\/ravintola-catering\/#breadcrumb","itemListElement":[{"@type":"ListItem","position":1,"name":"Home","item":"https:\/\/jaakkolareindeerfarm.com\/fi\/"},{"@type":"ListItem","position":2,"name":"Ravintola &#038; Catering"}]},{"@type":"WebSite","@id":"https:\/\/jaakkolareindeerfarm.com\/fi\/#website","url":"https:\/\/jaakkolareindeerfarm.com\/fi\/","name":"Jaakkola Reindeer Farm","description":"Reindeer programs in Finnish Lapland","publisher":{"@id":"https:\/\/jaakkolareindeerfarm.com\/fi\/#organization"},"potentialAction":[{"@type":"SearchAction","target":{"@type":"EntryPoint","urlTemplate":"https:\/\/jaakkolareindeerfarm.com\/fi\/?s={search_term_string}"},"query-input":{"@type":"PropertyValueSpecification","valueRequired":true,"valueName":"search_term_string"}}],"inLanguage":"fi"},{"@type":"Organization","@id":"https:\/\/jaakkolareindeerfarm.com\/fi\/#organization","name":"Jaakkola Reindeer Farm, Finnish Lapland","alternateName":"Authentic Reindeer Farm in Lapland, Finland","url":"https:\/\/jaakkolareindeerfarm.com\/fi\/","logo":{"@type":"ImageObject","inLanguage":"fi","@id":"https:\/\/jaakkolareindeerfarm.com\/fi\/#\/schema\/logo\/image\/","url":"https:\/\/jaakkolareindeerfarm.com\/wp-content\/uploads\/2025\/09\/cropped-jaakkola_symboli2-1.png","contentUrl":"https:\/\/jaakkolareindeerfarm.com\/wp-content\/uploads\/2025\/09\/cropped-jaakkola_symboli2-1.png","width":512,"height":512,"caption":"Jaakkola Reindeer Farm, Finnish Lapland"},"image":{"@id":"https:\/\/jaakkolareindeerfarm.com\/fi\/#\/schema\/logo\/image\/"},"sameAs":["https:\/\/www.facebook.com\/Jaakkolareindeerfarm\/","https:\/\/www.instagram.com\/","https:\/\/www.tripadvisor.fi\/Attraction_Review-g1393474-d9743575-Reviews-Jaakkola_Reindeer_Farm-Luosto_Lapland.html","https:\/\/www.youtube.com\/watch?v=7s6ynyg8pwg"]}]}},"_links":{"self":[{"href":"https:\/\/jaakkolareindeerfarm.com\/fi\/wp-json\/wp\/v2\/pages\/383","targetHints":{"allow":["GET"]}}],"collection":[{"href":"https:\/\/jaakkolareindeerfarm.com\/fi\/wp-json\/wp\/v2\/pages"}],"about":[{"href":"https:\/\/jaakkolareindeerfarm.com\/fi\/wp-json\/wp\/v2\/types\/page"}],"author":[{"embeddable":true,"href":"https:\/\/jaakkolareindeerfarm.com\/fi\/wp-json\/wp\/v2\/users\/1"}],"replies":[{"embeddable":true,"href":"https:\/\/jaakkolareindeerfarm.com\/fi\/wp-json\/wp\/v2\/comments?post=383"}],"version-history":[{"count":13,"href":"https:\/\/jaakkolareindeerfarm.com\/fi\/wp-json\/wp\/v2\/pages\/383\/revisions"}],"predecessor-version":[{"id":752,"href":"https:\/\/jaakkolareindeerfarm.com\/fi\/wp-json\/wp\/v2\/pages\/383\/revisions\/752"}],"wp:attachment":[{"href":"https:\/\/jaakkolareindeerfarm.com\/fi\/wp-json\/wp\/v2\/media?parent=383"}],"curies":[{"name":"wp","href":"https:\/\/api.w.org\/{rel}","templated":true}]}}