{"id":413,"date":"2025-09-08T10:20:48","date_gmt":"2025-09-08T07:20:48","guid":{"rendered":"https:\/\/jaakkolareindeerfarm.com\/about-us\/"},"modified":"2025-09-29T11:12:27","modified_gmt":"2025-09-29T08:12:27","slug":"meidan-tarina","status":"publish","type":"page","link":"https:\/\/jaakkolareindeerfarm.com\/fi\/meidan-tarina\/","title":{"rendered":"Meid\u00e4n tarina"},"content":{"rendered":"<h1>Meid\u00e4n tarina<\/h1>\n<div>Pienest\u00e4 alusta kasvoi porotila Lapin syd\u00e4mess\u00e4<\/div>\n<div>Pienest\u00e4 alusta kasvoi porotila Lapin syd\u00e4mess\u00e4<\/div>\n<div>\n<h2>Vuodesta 1949<\/h2>\n<p>Jaakkolan porotila \u2013 talleineen, navettoineen ja puuverstaineen \u2013 rakennettiin vuonna 1949, heti sotavuosien j\u00e4lkeen. Tilan perustajat, Martta ja V\u00e4in\u00f6 Jaakkola, eliv\u00e4t poronhoidosta, mets\u00e4t\u00f6ist\u00e4, puuveneiden rakentamisesta, myllytoiminnasta ja pienimuotoisesta maataloudesta. El\u00e4m\u00e4 oli vaativaa mutta t\u00e4ynn\u00e4 merkityst\u00e4 \u2013 ja porot olivat aina sen keski\u00f6ss\u00e4.<\/p>\n<\/div>\n<ul>\n<li>\n<p>        <img decoding=\"async\" src=\"\/wp-content\/uploads\/2025\/09\/poronsarve.jpg\" alt=\"\"><\/p>\n<h3>poronsarve<\/h3>\n<\/li>\n<li>\n<p>        <img decoding=\"async\" src=\"\/wp-content\/uploads\/2025\/09\/ruska-porotilalla.jpg\" alt=\"\"><\/p>\n<h3>ruska-porotilalla<\/h3>\n<\/li>\n<li>\n<p>        <img decoding=\"async\" src=\"\/wp-content\/uploads\/2025\/09\/taljaa-ja-hirsiseinaa.jpg\" alt=\"\"><\/p>\n<h3>taljaa-ja-hirsiseinaa<\/h3>\n<\/li>\n<\/ul>\n<div>\n<h3>Poronhoito kulkee suvussamme<\/h3>\n<p>Pariskunnalle syntyi viisi lasta, joista vanhin, Reino, p\u00e4\u00e4tti j\u00e4\u00e4d\u00e4 tilalle oman perheens\u00e4 kanssa. H\u00e4n auttoi vanhempiaan p\u00e4ivitt\u00e4isiss\u00e4 t\u00f6iss\u00e4 ja kasvatti lapsensa samassa hirsitalossa. 1980-luvulla Reino alkoi tarjota poroajeluja matkailijoille Luoston rinteill\u00e4. Pian h\u00e4n p\u00e4\u00e4tti rakentaa tilalle suuren, modernin kodan, mik\u00e4 avasi oven poro-ohjelmien j\u00e4rjest\u00e4miselle juuri siell\u00e4, miss\u00e4 el\u00e4imet eliv\u00e4t.<\/p>\n<h3>Perinne jatkuu sukupolvelta toiselle<\/h3>\n<p>Reinon poika Jani kasvoi oppien poronhoitoa ja rekien kouluttamista jo hyvin nuoresta pit\u00e4en. Reinon poismenon j\u00e4lkeen vuonna 2006 Jani jatkoi is\u00e4ns\u00e4 el\u00e4m\u00e4nty\u00f6t\u00e4, perien paitsi porotilan my\u00f6s korvaamattoman tiedon porojen kanssa ty\u00f6skentelyst\u00e4 ja niiden hoidosta. Monet pitk\u00e4aikaiset vieraat muistelevat yh\u00e4 l\u00e4mm\u00f6ll\u00e4 Reinon yst\u00e4v\u00e4llist\u00e4 olemusta ja silmien pilkett\u00e4.<\/p>\n<\/div>\n<ul>\n<li>\n<p>        <img decoding=\"async\" src=\"\/wp-content\/uploads\/2025\/09\/jaakkolan-perhe.jpg\" alt=\"\"><\/p>\n<h3>jaakkolan-perhe<\/h3>\n<\/li>\n<li>\n<p>        <img decoding=\"async\" src=\"\/wp-content\/uploads\/2025\/09\/topposest.jpg\" alt=\"\"><\/p>\n<h3>topposest<\/h3>\n<\/li>\n<\/ul>\n<div>\n<h3>Nykyhetki: Perinne jatkuu ja saamelaiskulttuuri el\u00e4\u00e4<\/h3>\n<p>Nyky\u00e4\u00e4n Jani py\u00f6ritt\u00e4\u00e4 tilaa yhdess\u00e4 saamelaisen el\u00e4m\u00e4nkumppaninsa Anun kanssa. Heid\u00e4n arkeaan rytmitt\u00e4v\u00e4t poronhoito, matkailu, lasten kasvattaminen ja saamelaisperinteiden vaaliminen. Anun iloinen ja l\u00e4mmin olemus sek\u00e4 perheen aito vieraanvaraisuus tekev\u00e4t syv\u00e4n vaikutuksen vierailijoihin. Monet palaavatkin vuosi toisensa j\u00e4lkeen \u2013 eiv\u00e4t vain porojen, vaan my\u00f6s niiden taustalla olevien ihmisten vuoksi.<\/p>\n<\/div>\n<div>\n<h3>Tervetuloa aitojen paikallisten el\u00e4mysten pariin<\/h3>\n<div>Jaakkolan porotilalla sinut toivotetaan tervetulleeksi ei vain vieraana, vaan osana kotiamme. T\u00e4\u00e4ll\u00e4 kohtaavat porot, saamelaiskulttuuri ja perinteet. Kutsumme sinut l\u00e4mpim\u00e4sti mukaan tutustumaan paikalliseen el\u00e4m\u00e4\u00e4n ja luomaan muistoja, jotka s\u00e4ilyv\u00e4t koko el\u00e4m\u00e4n.<\/p>\n<\/div>\n<\/div>\n<p><!--more--><br \/>\n<!-- {\"type\":\"layout\",\"children\":[{\"type\":\"section\",\"props\":{\"header_transparent\":true,\"header_transparent_noplaceholder\":false,\"header_transparent_text_color\":\"light\",\"height\":\"viewport\",\"height_offset_top\":false,\"height_viewport\":90,\"image\":\"wp-content\\\/uploads\\\/2025\\\/09\\\/ETUSIVUN_BANNERI_7_1920px.webp\",\"image_effect\":\"parallax\",\"image_loading\":true,\"image_parallax_bgx\":\"100\",\"image_position\":\"center-left\",\"image_size\":\"cover\",\"image_width\":\"2560\",\"media_focal_point\":\"center-left\",\"media_overlay\":\"rgba(62, 21, 0, 0.75)\",\"media_overlay_parallax_opacity\":\"0.1,1\",\"media_overlay_parallax_start\":\"25%\",\"padding\":\"xlarge\",\"sticky\":\"cover\",\"style\":\"default\",\"text_color\":\"light\",\"title_breakpoint\":\"xl\",\"title_position\":\"top-left\",\"title_rotation\":\"left\",\"vertical_align\":\"bottom\",\"width\":\"expand\"},\"children\":[{\"type\":\"row\",\"children\":[{\"type\":\"column\",\"props\":{\"image_position\":\"center-center\",\"position_sticky_breakpoint\":\"m\",\"vertical_align\":\"middle\"},\"children\":[{\"type\":\"headline\",\"props\":{\"content\":\"Meid\\u00e4n tarina\",\"margin\":\"default\",\"maxwidth\":\"2xlarge\",\"title_element\":\"h1\",\"title_style\":\"heading-xlarge\"}},{\"type\":\"headline\",\"props\":{\"content\":\"Pienest\\u00e4 alusta kasvoi porotila Lapin syd\\u00e4mess\\u00e4\",\"margin_remove_top\":true,\"maxwidth\":\"large\",\"title_element\":\"div\",\"title_style\":\"h4\",\"visibility\":\"hidden-m\"}},{\"type\":\"headline\",\"props\":{\"content\":\"Pienest\\u00e4 alusta kasvoi porotila Lapin syd\\u00e4mess\\u00e4\",\"margin_remove_top\":true,\"maxwidth\":\"2xlarge\",\"title_element\":\"div\",\"title_style\":\"h2\",\"visibility\":\"m\"}}]}],\"props\":{\"row_gap\":\"large\"}}],\"name\":\"Hero 2\"},{\"type\":\"section\",\"props\":{\"height\":\"viewport\",\"height_viewport\":60,\"image\":\"wp-content\\\/uploads\\\/2025\\\/09\\\/puuta.jpg\",\"image_position\":\"center-center\",\"image_size\":\"cover\",\"media_overlay\":\"rgba(78, 12, 10, 0.59)\",\"media_overlay_gradient\":\"radial-gradient(circle,rgba(78, 12, 10, 0.5) 22%, rgba(8, 0, 0, 0.75) 87%);\",\"style\":\"default\",\"text_color\":\"light\",\"title_breakpoint\":\"xl\",\"title_position\":\"top-left\",\"title_rotation\":\"left\",\"vertical_align\":\"middle\",\"width\":\"default\"},\"children\":[{\"type\":\"row\",\"children\":[{\"type\":\"column\",\"props\":{\"image_position\":\"center-center\",\"position_sticky_breakpoint\":\"m\"},\"children\":[{\"type\":\"text\",\"props\":{\"block_align\":\"center\",\"column_breakpoint\":\"m\",\"content\":\"\n\n<h2>Vuodesta 1949<\\\/h2>\\n\n\n<p>Jaakkolan porotila \\u2013 talleineen, navettoineen ja puuverstaineen \\u2013 rakennettiin vuonna 1949, heti sotavuosien j\\u00e4lkeen. Tilan perustajat, Martta ja V\\u00e4in\\u00f6 Jaakkola, eliv\\u00e4t poronhoidosta, mets\\u00e4t\\u00f6ist\\u00e4, puuveneiden rakentamisesta, myllytoiminnasta ja pienimuotoisesta maataloudesta. El\\u00e4m\\u00e4 oli vaativaa mutta t\\u00e4ynn\\u00e4 merkityst\\u00e4 \\u2013 ja porot olivat aina sen keski\\u00f6ss\\u00e4.<\\\/p>\",\"margin\":\"default\",\"maxwidth\":\"2xlarge\",\"text_align\":\"center\",\"text_style\":\"large\"}}]}]},{\"type\":\"row\",\"children\":[{\"type\":\"column\",\"props\":{\"image_position\":\"center-center\",\"position_sticky_breakpoint\":\"m\"},\"children\":[{\"name\":\"Gallery Gaps Column None Row Default\",\"type\":\"gallery\",\"children\":[{\"type\":\"gallery_item\",\"props\":{\"image\":\"wp-content\\\/uploads\\\/2025\\\/09\\\/poronsarve.jpg\",\"title\":\"poronsarve\"}},{\"type\":\"gallery_item\",\"props\":{\"image\":\"wp-content\\\/uploads\\\/2025\\\/09\\\/ruska-porotilalla.jpg\",\"title\":\"ruska-porotilalla\"}},{\"type\":\"gallery_item\",\"props\":{\"image\":\"wp-content\\\/uploads\\\/2025\\\/09\\\/taljaa-ja-hirsiseinaa.jpg\",\"title\":\"taljaa-ja-hirsiseinaa\"}}],\"props\":{\"filter_align\":\"left\",\"filter_all\":true,\"filter_grid_breakpoint\":\"m\",\"filter_grid_width\":\"auto\",\"filter_position\":\"top\",\"filter_style\":\"tab\",\"grid_column_align\":false,\"grid_column_gap\":\"collapse\",\"grid_default\":\"1\",\"grid_medium\":\"3\",\"grid_parallax\":\"0\",\"grid_row_align\":false,\"grid_row_gap\":\"collapse\",\"grid_small\":\"3\",\"image_height\":720,\"image_transition\":\"scale-up\",\"image_width\":420,\"item_animation\":true,\"lightbox\":true,\"lightbox_bg_close\":true,\"link_style\":\"default\",\"link_text\":\"\",\"margin\":\"default\",\"meta_align\":\"below-title\",\"meta_element\":\"div\",\"meta_margin\":\"remove\",\"meta_style\":\"text-meta\",\"overlay_hover\":false,\"overlay_link\":true,\"overlay_margin\":\"medium\",\"overlay_mode\":\"cover\",\"overlay_padding\":\"small\",\"overlay_position\":\"center\",\"overlay_style\":\"\",\"overlay_transition\":\"slide-bottom-small\",\"overlay_transition_background\":false,\"parallax_easing\":\"1\",\"show_content\":true,\"show_hover_image\":true,\"show_hover_video\":true,\"show_link\":true,\"show_meta\":true,\"show_title\":false,\"text_align\":\"center\",\"text_color\":\"light\",\"title_element\":\"h3\",\"title_hover_style\":\"reset\",\"title_style\":\"h6\"}}]}]},{\"type\":\"row\",\"children\":[{\"type\":\"column\",\"props\":{\"image_position\":\"center-center\",\"position_sticky_breakpoint\":\"m\"},\"children\":[{\"type\":\"text\",\"props\":{\"block_align\":\"center\",\"column_breakpoint\":\"m\",\"content\":\"\n\n<h3>Poronhoito kulkee suvussamme<\\\/h3>\\n\n\n<p>Pariskunnalle syntyi viisi lasta, joista vanhin, Reino, p\\u00e4\\u00e4tti j\\u00e4\\u00e4d\\u00e4 tilalle oman perheens\\u00e4 kanssa. H\\u00e4n auttoi vanhempiaan p\\u00e4ivitt\\u00e4isiss\\u00e4 t\\u00f6iss\\u00e4 ja kasvatti lapsensa samassa hirsitalossa. 1980-luvulla Reino alkoi tarjota poroajeluja matkailijoille Luoston rinteill\\u00e4. Pian h\\u00e4n p\\u00e4\\u00e4tti rakentaa tilalle suuren, modernin kodan, mik\\u00e4 avasi oven poro-ohjelmien j\\u00e4rjest\\u00e4miselle juuri siell\\u00e4, miss\\u00e4 el\\u00e4imet eliv\\u00e4t.<\\\/p>\\n\n\n<h3>Perinne jatkuu sukupolvelta toiselle<\\\/h3>\\n\n\n<p>Reinon poika Jani kasvoi oppien poronhoitoa ja rekien kouluttamista jo hyvin nuoresta pit\\u00e4en. Reinon poismenon j\\u00e4lkeen vuonna 2006 Jani jatkoi is\\u00e4ns\\u00e4 el\\u00e4m\\u00e4nty\\u00f6t\\u00e4, perien paitsi porotilan my\\u00f6s korvaamattoman tiedon porojen kanssa ty\\u00f6skentelyst\\u00e4 ja niiden hoidosta. Monet pitk\\u00e4aikaiset vieraat muistelevat yh\\u00e4 l\\u00e4mm\\u00f6ll\\u00e4 Reinon yst\\u00e4v\\u00e4llist\\u00e4 olemusta ja silmien pilkett\\u00e4.<\\\/p>\",\"margin\":\"default\",\"maxwidth\":\"2xlarge\"}}]}]}]},{\"type\":\"section\",\"props\":{\"image_position\":\"center-center\",\"style\":\"secondary\",\"title_breakpoint\":\"xl\",\"title_position\":\"top-left\",\"title_rotation\":\"left\",\"vertical_align\":\"middle\",\"width\":\"default\"},\"children\":[{\"type\":\"row\",\"children\":[{\"type\":\"column\",\"props\":{\"image_position\":\"center-center\",\"position_sticky_breakpoint\":\"m\"},\"children\":[{\"name\":\"Gallery Gaps Column None Row Default\",\"type\":\"gallery\",\"children\":[{\"type\":\"gallery_item\",\"props\":{\"image\":\"wp-content\\\/uploads\\\/2025\\\/09\\\/jaakkolan-perhe.jpg\",\"title\":\"jaakkolan-perhe\"}},{\"type\":\"gallery_item\",\"props\":{\"image\":\"wp-content\\\/uploads\\\/2025\\\/09\\\/topposest.jpg\",\"title\":\"topposest\"}}],\"props\":{\"filter_align\":\"left\",\"filter_all\":true,\"filter_grid_breakpoint\":\"m\",\"filter_grid_width\":\"auto\",\"filter_position\":\"top\",\"filter_style\":\"tab\",\"grid_column_align\":false,\"grid_column_gap\":\"collapse\",\"grid_default\":\"1\",\"grid_medium\":\"2\",\"grid_parallax\":\"0\",\"grid_row_align\":false,\"grid_row_gap\":\"collapse\",\"grid_small\":\"2\",\"image_height\":720,\"image_transition\":\"scale-up\",\"image_width\":720,\"item_animation\":true,\"lightbox\":true,\"lightbox_bg_close\":true,\"link_style\":\"default\",\"link_text\":\"\",\"margin\":\"default\",\"meta_align\":\"below-title\",\"meta_element\":\"div\",\"meta_margin\":\"remove\",\"meta_style\":\"text-meta\",\"overlay_hover\":false,\"overlay_link\":true,\"overlay_margin\":\"medium\",\"overlay_mode\":\"cover\",\"overlay_padding\":\"small\",\"overlay_position\":\"center\",\"overlay_style\":\"\",\"overlay_transition\":\"slide-bottom-small\",\"overlay_transition_background\":false,\"parallax_easing\":\"1\",\"show_content\":true,\"show_hover_image\":true,\"show_hover_video\":true,\"show_link\":true,\"show_meta\":true,\"show_title\":false,\"text_align\":\"center\",\"text_color\":\"light\",\"title_element\":\"h3\",\"title_hover_style\":\"reset\",\"title_style\":\"h6\"}}]}]},{\"type\":\"row\",\"children\":[{\"type\":\"column\",\"props\":{\"image_position\":\"center-center\",\"position_sticky_breakpoint\":\"m\"},\"children\":[{\"type\":\"text\",\"props\":{\"block_align\":\"center\",\"column_breakpoint\":\"m\",\"content\":\"\n\n<h3>Nykyhetki: Perinne jatkuu ja saamelaiskulttuuri el\\u00e4\\u00e4<\\\/h3>\\n\n\n<p>Nyky\\u00e4\\u00e4n Jani py\\u00f6ritt\\u00e4\\u00e4 tilaa yhdess\\u00e4 saamelaisen el\\u00e4m\\u00e4nkumppaninsa Anun kanssa. Heid\\u00e4n arkeaan rytmitt\\u00e4v\\u00e4t poronhoito, matkailu, lasten kasvattaminen ja saamelaisperinteiden vaaliminen. Anun iloinen ja l\\u00e4mmin olemus sek\\u00e4 perheen aito vieraanvaraisuus tekev\\u00e4t syv\\u00e4n vaikutuksen vierailijoihin. Monet palaavatkin vuosi toisensa j\\u00e4lkeen \\u2013 eiv\\u00e4t vain porojen, vaan my\\u00f6s niiden taustalla olevien ihmisten vuoksi.<\\\/p>\\n\",\"margin\":\"default\",\"maxwidth\":\"2xlarge\"}}]}]}]},{\"type\":\"section\",\"props\":{\"height\":\"viewport\",\"height_viewport\":90,\"image\":\"wp-content\\\/uploads\\\/2025\\\/09\\\/poronvasat-syo.jpg\",\"image_position\":\"center-center\",\"media_visibility\":\"m\",\"style\":\"secondary\",\"text_color\":\"dark\",\"title_breakpoint\":\"xl\",\"title_position\":\"top-left\",\"title_rotation\":\"left\",\"vertical_align\":\"middle\",\"width\":\"default\"},\"children\":[{\"type\":\"row\",\"children\":[{\"type\":\"column\",\"props\":{\"image_position\":\"center-center\",\"position_sticky_breakpoint\":\"m\"},\"children\":[{\"type\":\"panel\",\"props\":{\"block_align\":\"right\",\"content\":\"Jaakkolan porotilalla sinut toivotetaan tervetulleeksi ei vain vieraana, vaan osana kotiamme. T\\u00e4\\u00e4ll\\u00e4 kohtaavat porot, saamelaiskulttuuri ja perinteet. Kutsumme sinut l\\u00e4mpim\\u00e4sti mukaan tutustumaan paikalliseen el\\u00e4m\\u00e4\\u00e4n ja luomaan muistoja, jotka s\\u00e4ilyv\\u00e4t koko el\\u00e4m\\u00e4n.\\n\\n\",\"content_column_breakpoint\":\"m\",\"icon_width\":80,\"image_align\":\"top\",\"image_grid_breakpoint\":\"m\",\"image_grid_width\":\"1-2\",\"image_svg_color\":\"emphasis\",\"link_style\":\"primary\",\"link_text\":\"Experience\",\"margin\":\"default\",\"maxwidth\":\"large\",\"meta_align\":\"below-title\",\"meta_element\":\"div\",\"meta_style\":\"text-meta\",\"panel_link\":true,\"panel_padding\":\"default\",\"panel_style\":\"card-default\",\"title\":\"Tervetuloa aitojen paikallisten el\\u00e4mysten pariin\",\"title_align\":\"top\",\"title_element\":\"h3\",\"title_grid_breakpoint\":\"m\",\"title_grid_width\":\"1-2\",\"title_hover_style\":\"reset\",\"title_style\":\"heading-medium\"},\"name\":\"paneli\"}]}]}]}],\"version\":\"4.5.27\"} --><\/p>\n","protected":false},"excerpt":{"rendered":"<p>Meid\u00e4n tarina Pienest\u00e4 alusta kasvoi porotila Lapin syd\u00e4mess\u00e4 Pienest\u00e4 alusta kasvoi porotila Lapin syd\u00e4mess\u00e4 Vuodesta 1949 Jaakkolan porotila \u2013 talleineen, navettoineen ja puuverstaineen \u2013 rakennettiin vuonna 1949, heti sotavuosien j\u00e4lkeen. Tilan perustajat, Martta ja V\u00e4in\u00f6 Jaakkola, eliv\u00e4t poronhoidosta, mets\u00e4t\u00f6ist\u00e4, puuveneiden rakentamisesta, myllytoiminnasta ja pienimuotoisesta maataloudesta. El\u00e4m\u00e4 oli vaativaa mutta t\u00e4ynn\u00e4 merkityst\u00e4 \u2013 ja porot olivat [&hellip;]<\/p>\n","protected":false},"author":1,"featured_media":0,"parent":0,"menu_order":0,"comment_status":"closed","ping_status":"closed","template":"","meta":{"footnotes":""},"class_list":["post-413","page","type-page","status-publish","hentry"],"yoast_head":"<!-- This site is optimized with the Yoast SEO plugin v27.1.1 - https:\/\/yoast.com\/product\/yoast-seo-wordpress\/ -->\n<title>Meid\u00e4n tarina - Jaakkola Reindeer Farm<\/title>\n<meta name=\"description\" content=\"Janin ja Anun arkeen kuuluvat poronhoito, matkailu, lapset ja saamelaisperinteet. Jaakkolan porotilalla sinut toivotetaan tervetulleeksi osana kotiamme.\" \/>\n<meta name=\"robots\" content=\"index, follow, max-snippet:-1, max-image-preview:large, max-video-preview:-1\" \/>\n<link rel=\"canonical\" href=\"https:\/\/jaakkolareindeerfarm.com\/fi\/meidan-tarina\/\" \/>\n<meta property=\"og:locale\" content=\"fi_FI\" \/>\n<meta property=\"og:type\" content=\"article\" \/>\n<meta property=\"og:title\" content=\"Meid\u00e4n tarina - Jaakkola Reindeer Farm\" \/>\n<meta property=\"og:description\" content=\"Janin ja Anun arkeen kuuluvat poronhoito, matkailu, lapset ja saamelaisperinteet. Jaakkolan porotilalla sinut toivotetaan tervetulleeksi osana kotiamme.\" \/>\n<meta property=\"og:url\" content=\"https:\/\/jaakkolareindeerfarm.com\/fi\/meidan-tarina\/\" \/>\n<meta property=\"og:site_name\" content=\"Jaakkola Reindeer Farm\" \/>\n<meta property=\"article:publisher\" content=\"https:\/\/www.facebook.com\/Jaakkolareindeerfarm\/\" \/>\n<meta property=\"article:modified_time\" content=\"2025-09-29T08:12:27+00:00\" \/>\n<meta property=\"og:image\" content=\"https:\/\/jaakkolareindeerfarm.com\/wp-content\/uploads\/2025\/09\/Anu-ja-Jani-porojen-kanssa.jpg\" \/>\n\t<meta property=\"og:image:width\" content=\"1920\" \/>\n\t<meta property=\"og:image:height\" content=\"1280\" \/>\n\t<meta property=\"og:image:type\" content=\"image\/jpeg\" \/>\n<meta name=\"twitter:card\" content=\"summary_large_image\" \/>\n<meta name=\"twitter:label1\" content=\"Arvioitu lukuaika\" \/>\n\t<meta name=\"twitter:data1\" content=\"3 minuuttia\" \/>\n<script type=\"application\/ld+json\" class=\"yoast-schema-graph\">{\"@context\":\"https:\/\/schema.org\",\"@graph\":[{\"@type\":\"WebPage\",\"@id\":\"https:\/\/jaakkolareindeerfarm.com\/fi\/meidan-tarina\/\",\"url\":\"https:\/\/jaakkolareindeerfarm.com\/fi\/meidan-tarina\/\",\"name\":\"Meid\u00e4n tarina - Jaakkola Reindeer Farm\",\"isPartOf\":{\"@id\":\"https:\/\/jaakkolareindeerfarm.com\/fi\/#website\"},\"datePublished\":\"2025-09-08T07:20:48+00:00\",\"dateModified\":\"2025-09-29T08:12:27+00:00\",\"description\":\"Janin ja Anun arkeen kuuluvat poronhoito, matkailu, lapset ja saamelaisperinteet. Jaakkolan porotilalla sinut toivotetaan tervetulleeksi osana kotiamme.\",\"breadcrumb\":{\"@id\":\"https:\/\/jaakkolareindeerfarm.com\/fi\/meidan-tarina\/#breadcrumb\"},\"inLanguage\":\"fi\",\"potentialAction\":[{\"@type\":\"ReadAction\",\"target\":[\"https:\/\/jaakkolareindeerfarm.com\/fi\/meidan-tarina\/\"]}]},{\"@type\":\"BreadcrumbList\",\"@id\":\"https:\/\/jaakkolareindeerfarm.com\/fi\/meidan-tarina\/#breadcrumb\",\"itemListElement\":[{\"@type\":\"ListItem\",\"position\":1,\"name\":\"Home\",\"item\":\"https:\/\/jaakkolareindeerfarm.com\/fi\/\"},{\"@type\":\"ListItem\",\"position\":2,\"name\":\"Meid\u00e4n tarina\"}]},{\"@type\":\"WebSite\",\"@id\":\"https:\/\/jaakkolareindeerfarm.com\/fi\/#website\",\"url\":\"https:\/\/jaakkolareindeerfarm.com\/fi\/\",\"name\":\"Jaakkola Reindeer Farm\",\"description\":\"Reindeer programs in Finnish Lapland\",\"publisher\":{\"@id\":\"https:\/\/jaakkolareindeerfarm.com\/fi\/#organization\"},\"potentialAction\":[{\"@type\":\"SearchAction\",\"target\":{\"@type\":\"EntryPoint\",\"urlTemplate\":\"https:\/\/jaakkolareindeerfarm.com\/fi\/?s={search_term_string}\"},\"query-input\":{\"@type\":\"PropertyValueSpecification\",\"valueRequired\":true,\"valueName\":\"search_term_string\"}}],\"inLanguage\":\"fi\"},{\"@type\":\"Organization\",\"@id\":\"https:\/\/jaakkolareindeerfarm.com\/fi\/#organization\",\"name\":\"Jaakkola Reindeer Farm, Finnish Lapland\",\"alternateName\":\"Authentic Reindeer Farm in Lapland, Finland\",\"url\":\"https:\/\/jaakkolareindeerfarm.com\/fi\/\",\"logo\":{\"@type\":\"ImageObject\",\"inLanguage\":\"fi\",\"@id\":\"https:\/\/jaakkolareindeerfarm.com\/fi\/#\/schema\/logo\/image\/\",\"url\":\"https:\/\/jaakkolareindeerfarm.com\/wp-content\/uploads\/2025\/09\/cropped-jaakkola_symboli2-1.png\",\"contentUrl\":\"https:\/\/jaakkolareindeerfarm.com\/wp-content\/uploads\/2025\/09\/cropped-jaakkola_symboli2-1.png\",\"width\":512,\"height\":512,\"caption\":\"Jaakkola Reindeer Farm, Finnish Lapland\"},\"image\":{\"@id\":\"https:\/\/jaakkolareindeerfarm.com\/fi\/#\/schema\/logo\/image\/\"},\"sameAs\":[\"https:\/\/www.facebook.com\/Jaakkolareindeerfarm\/\",\"https:\/\/www.instagram.com\/\",\"https:\/\/www.tripadvisor.fi\/Attraction_Review-g1393474-d9743575-Reviews-Jaakkola_Reindeer_Farm-Luosto_Lapland.html\",\"https:\/\/www.youtube.com\/watch?v=7s6ynyg8pwg\"]}]}<\/script>\n<!-- \/ Yoast SEO plugin. -->","yoast_head_json":{"title":"Meid\u00e4n tarina - Jaakkola Reindeer Farm","description":"Janin ja Anun arkeen kuuluvat poronhoito, matkailu, lapset ja saamelaisperinteet. Jaakkolan porotilalla sinut toivotetaan tervetulleeksi osana kotiamme.","robots":{"index":"index","follow":"follow","max-snippet":"max-snippet:-1","max-image-preview":"max-image-preview:large","max-video-preview":"max-video-preview:-1"},"canonical":"https:\/\/jaakkolareindeerfarm.com\/fi\/meidan-tarina\/","og_locale":"fi_FI","og_type":"article","og_title":"Meid\u00e4n tarina - Jaakkola Reindeer Farm","og_description":"Janin ja Anun arkeen kuuluvat poronhoito, matkailu, lapset ja saamelaisperinteet. Jaakkolan porotilalla sinut toivotetaan tervetulleeksi osana kotiamme.","og_url":"https:\/\/jaakkolareindeerfarm.com\/fi\/meidan-tarina\/","og_site_name":"Jaakkola Reindeer Farm","article_publisher":"https:\/\/www.facebook.com\/Jaakkolareindeerfarm\/","article_modified_time":"2025-09-29T08:12:27+00:00","og_image":[{"width":1920,"height":1280,"url":"https:\/\/jaakkolareindeerfarm.com\/wp-content\/uploads\/2025\/09\/Anu-ja-Jani-porojen-kanssa.jpg","type":"image\/jpeg"}],"twitter_card":"summary_large_image","twitter_misc":{"Arvioitu lukuaika":"3 minuuttia"},"schema":{"@context":"https:\/\/schema.org","@graph":[{"@type":"WebPage","@id":"https:\/\/jaakkolareindeerfarm.com\/fi\/meidan-tarina\/","url":"https:\/\/jaakkolareindeerfarm.com\/fi\/meidan-tarina\/","name":"Meid\u00e4n tarina - Jaakkola Reindeer Farm","isPartOf":{"@id":"https:\/\/jaakkolareindeerfarm.com\/fi\/#website"},"datePublished":"2025-09-08T07:20:48+00:00","dateModified":"2025-09-29T08:12:27+00:00","description":"Janin ja Anun arkeen kuuluvat poronhoito, matkailu, lapset ja saamelaisperinteet. Jaakkolan porotilalla sinut toivotetaan tervetulleeksi osana kotiamme.","breadcrumb":{"@id":"https:\/\/jaakkolareindeerfarm.com\/fi\/meidan-tarina\/#breadcrumb"},"inLanguage":"fi","potentialAction":[{"@type":"ReadAction","target":["https:\/\/jaakkolareindeerfarm.com\/fi\/meidan-tarina\/"]}]},{"@type":"BreadcrumbList","@id":"https:\/\/jaakkolareindeerfarm.com\/fi\/meidan-tarina\/#breadcrumb","itemListElement":[{"@type":"ListItem","position":1,"name":"Home","item":"https:\/\/jaakkolareindeerfarm.com\/fi\/"},{"@type":"ListItem","position":2,"name":"Meid\u00e4n tarina"}]},{"@type":"WebSite","@id":"https:\/\/jaakkolareindeerfarm.com\/fi\/#website","url":"https:\/\/jaakkolareindeerfarm.com\/fi\/","name":"Jaakkola Reindeer Farm","description":"Reindeer programs in Finnish Lapland","publisher":{"@id":"https:\/\/jaakkolareindeerfarm.com\/fi\/#organization"},"potentialAction":[{"@type":"SearchAction","target":{"@type":"EntryPoint","urlTemplate":"https:\/\/jaakkolareindeerfarm.com\/fi\/?s={search_term_string}"},"query-input":{"@type":"PropertyValueSpecification","valueRequired":true,"valueName":"search_term_string"}}],"inLanguage":"fi"},{"@type":"Organization","@id":"https:\/\/jaakkolareindeerfarm.com\/fi\/#organization","name":"Jaakkola Reindeer Farm, Finnish Lapland","alternateName":"Authentic Reindeer Farm in Lapland, Finland","url":"https:\/\/jaakkolareindeerfarm.com\/fi\/","logo":{"@type":"ImageObject","inLanguage":"fi","@id":"https:\/\/jaakkolareindeerfarm.com\/fi\/#\/schema\/logo\/image\/","url":"https:\/\/jaakkolareindeerfarm.com\/wp-content\/uploads\/2025\/09\/cropped-jaakkola_symboli2-1.png","contentUrl":"https:\/\/jaakkolareindeerfarm.com\/wp-content\/uploads\/2025\/09\/cropped-jaakkola_symboli2-1.png","width":512,"height":512,"caption":"Jaakkola Reindeer Farm, Finnish Lapland"},"image":{"@id":"https:\/\/jaakkolareindeerfarm.com\/fi\/#\/schema\/logo\/image\/"},"sameAs":["https:\/\/www.facebook.com\/Jaakkolareindeerfarm\/","https:\/\/www.instagram.com\/","https:\/\/www.tripadvisor.fi\/Attraction_Review-g1393474-d9743575-Reviews-Jaakkola_Reindeer_Farm-Luosto_Lapland.html","https:\/\/www.youtube.com\/watch?v=7s6ynyg8pwg"]}]}},"_links":{"self":[{"href":"https:\/\/jaakkolareindeerfarm.com\/fi\/wp-json\/wp\/v2\/pages\/413","targetHints":{"allow":["GET"]}}],"collection":[{"href":"https:\/\/jaakkolareindeerfarm.com\/fi\/wp-json\/wp\/v2\/pages"}],"about":[{"href":"https:\/\/jaakkolareindeerfarm.com\/fi\/wp-json\/wp\/v2\/types\/page"}],"author":[{"embeddable":true,"href":"https:\/\/jaakkolareindeerfarm.com\/fi\/wp-json\/wp\/v2\/users\/1"}],"replies":[{"embeddable":true,"href":"https:\/\/jaakkolareindeerfarm.com\/fi\/wp-json\/wp\/v2\/comments?post=413"}],"version-history":[{"count":6,"href":"https:\/\/jaakkolareindeerfarm.com\/fi\/wp-json\/wp\/v2\/pages\/413\/revisions"}],"predecessor-version":[{"id":453,"href":"https:\/\/jaakkolareindeerfarm.com\/fi\/wp-json\/wp\/v2\/pages\/413\/revisions\/453"}],"wp:attachment":[{"href":"https:\/\/jaakkolareindeerfarm.com\/fi\/wp-json\/wp\/v2\/media?parent=413"}],"curies":[{"name":"wp","href":"https:\/\/api.w.org\/{rel}","templated":true}]}}