{"id":415,"date":"2025-09-12T12:53:52","date_gmt":"2025-09-12T09:53:52","guid":{"rendered":"https:\/\/jaakkolareindeerfarm.com\/goahti-menu-for-groups\/"},"modified":"2025-09-29T11:01:10","modified_gmt":"2025-09-29T08:01:10","slug":"goahti-menu-ryhmille","status":"publish","type":"page","link":"https:\/\/jaakkolareindeerfarm.com\/fi\/goahti-menu-ryhmille\/","title":{"rendered":"Goahti Menu Ryhmille"},"content":{"rendered":"<h1>Goahti Menu Ryhmille<\/h1>\n<div>Tilauksesta, v\u00e4hint\u00e4\u00e4n 10 hengen ryhmille<\/div>\n<div>Tilauksesta, v\u00e4hint\u00e4\u00e4n 10 hengen ryhmille<\/div>\n<div>\n<p>Yksityinen illallinen onnistuu tilauksesta v\u00e4hint\u00e4\u00e4n 10 hengen ryhmille. Kodan vuokra yksityistilaisuuteen on 30\u2013100 \u20ac\/p\u00e4iv\u00e4 tapahtuman keston ja luonteen mukaan.<\/p>\n<p>Lapset 3\u201314 v. -50 % listahinnasta. Pyyd\u00e4mme valitsemaan saman menun koko seurueelle.<\/p>\n<\/div>\n<h2>GOAHTI ILLALLISMENU<br \/>\n<\/h2>\n<div>\n<h3>54,00 \u20ac<\/h3>\n<p><strong>ALKUPALAT<\/strong><br \/>(valitse yksi)<\/p>\n<p class=\"has-text-align-center\">Kermainen korvasienikeitto, Uksakan perunarieskaa ja tuoretta maalaisleip\u00e4\u00e4<\/p>\n<p>Savuporo-leip\u00e4juustosalaatti, Uksakan perunarieskaa ja tuoretta maalaisleip\u00e4\u00e4<\/p>\n<p class=\"has-text-align-center\">Kermainen savusiika-lohikeitto, Uksakan perunarieskaa ja tuoretta maalaisleip\u00e4\u00e4<\/p>\n<p>Avotulella loimutettua J\u00e4\u00e4meren lohta, vihersalaattia, yrttist\u00e4 punasipulismetanaa, Uksakan perunarieskaa ja tuoretta maalaisleip\u00e4\u00e4<\/p>\n<p><strong>P\u00c4\u00c4RUOAT<\/strong><br \/>(valitse yksi)<\/p>\n<p class=\"has-text-align-center\">Poronk\u00e4ristys, pottumuusi, sokeroitua puolukkaa ja maustekurkkua<\/p>\n<p class=\"has-text-align-center\">Rosmariinilla maustettu poropata, Peruna-palsternakkapyree, hunajaiset rakuunajuurekset, sokeripuolukkaa ja maustekurkkuja<\/p>\n<p class=\"has-text-align-center\">Poropy\u00f6ryk\u00e4t jaloviina-kermakastikkeessa, pottumuusia, hunajaiset rakuunajuurekset, maustekurkkua ja sokeripuolukkaa<\/p>\n<p>Avotulella loimutettua J\u00e4\u00e4meren lohta, juurespyreet\u00e4, kauden kasviksia ja yrttist\u00e4 punasipulismetanaa<\/p>\n<p data-start=\"76\" data-end=\"138\"><strong>J\u00c4LKIRUOAT<br \/><\/strong>(valitse yksi)<\/p>\n<p class=\"has-text-align-center\">Suklaamoussea, suolakinuskikrokantteja ja villivattuja<\/p>\n<p class=\"has-text-align-center\">Valkosuklainen hillajuustokakku<\/p>\n<p class=\"has-text-align-center\">Mustikkapiirakkaa, vaniljavaahtoa ja marenkia<\/p>\n<p class=\"has-text-align-center\">Kinuskikermassa haudutettua leip\u00e4juustoa ja lakkoja\u00a0\u00a0<\/p>\n<\/div>\n<h2>Kotakestit<\/h2>\n<div>\n<h3 id=\"block-51f39b9f-4c2e-41b8-9d17-a82ec4330545\">58,00 \u20ac<\/h3>\n<p>Karpalo Crush-Rosmariinilla maustettu karpalototi<\/p>\n<p>Samettinen nauriskeitto kuksasta, mallasleip\u00e4\u00e4 ja Uksakan perunarieskaa.<\/p>\n<p>Lapin makuja lankulla:<br \/>Vihersalaattia yrtti\u00f6ljyll\u00e4, leip\u00e4juustolla ja kuivatuilla karpaloilla, korvasienisienisalaattia,\u00a0 loimulohta, savumuikkuja, riimiporoa, hirvisalamia, punasipuli-puolukkahilloketta, mummonkurkkuja.<\/p>\n<p>Mureat poropihvit sis\u00e4paistista, punaviini-lakritsikastike, rakuunaiset uunijuurekset, peruna-palsternakkapyree.<\/p>\n<p>Valkosuklainen hillajuustokakku, suklaakonvehteja, nokipannukahvia ja haudutettua teet\u00e4.<\/p>\n<\/div>\n<p><!--more--><br \/>\n<!-- {\"type\":\"layout\",\"children\":[{\"type\":\"section\",\"props\":{\"animation\":\"slide-bottom\",\"animation_delay\":\"150\",\"header_transparent\":true,\"header_transparent_noplaceholder\":false,\"header_transparent_text_color\":\"light\",\"height\":\"viewport\",\"height_offset_top\":false,\"image\":\"wp-content\\\/uploads\\\/2025\\\/09\\\/jaakkola-reindeerfarm-poronkaristys.jpg\",\"image_effect\":\"parallax\",\"image_loading\":true,\"image_parallax_bgx\":\"100\",\"image_position\":\"center-left\",\"image_size\":\"cover\",\"image_width\":\"2560\",\"media_focal_point\":\"center-left\",\"media_overlay\":\"rgba(62, 21, 0, 0.75)\",\"media_overlay_parallax_opacity\":\"0.1,1\",\"media_overlay_parallax_start\":\"25%\",\"padding\":\"xlarge\",\"sticky\":\"cover\",\"style\":\"default\",\"text_color\":\"light\",\"title_breakpoint\":\"xl\",\"title_position\":\"top-left\",\"title_rotation\":\"left\",\"vertical_align\":\"bottom\",\"width\":\"expand\"},\"children\":[{\"type\":\"row\",\"children\":[{\"type\":\"column\",\"props\":{\"image_position\":\"center-center\",\"position_sticky_breakpoint\":\"m\",\"vertical_align\":\"middle\"},\"children\":[{\"type\":\"headline\",\"props\":{\"content\":\"Goahti Menu Ryhmille\",\"margin\":\"default\",\"maxwidth\":\"2xlarge\",\"title_element\":\"h1\",\"title_style\":\"heading-xlarge\"}},{\"type\":\"headline\",\"props\":{\"content\":\"Tilauksesta, v\\u00e4hint\\u00e4\\u00e4n 10 hengen ryhmille\",\"margin_remove_top\":true,\"maxwidth\":\"large\",\"title_element\":\"div\",\"title_style\":\"h4\",\"visibility\":\"hidden-m\"}},{\"type\":\"headline\",\"props\":{\"content\":\"Tilauksesta, v\\u00e4hint\\u00e4\\u00e4n 10 hengen ryhmille\",\"margin_remove_top\":true,\"maxwidth\":\"2xlarge\",\"title_element\":\"div\",\"title_style\":\"h2\",\"visibility\":\"m\"}}]}],\"props\":{\"row_gap\":\"large\"}}],\"name\":\"Hero 2\"},{\"name\":\"About\",\"type\":\"section\",\"props\":{\"animation\":\"slide-bottom\",\"animation_delay\":\"250\",\"height\":\"viewport\",\"height_viewport\":80,\"image\":\"wp-content\\\/uploads\\\/2025\\\/09\\\/puuta.jpg\",\"image_loading\":false,\"image_position\":\"center-center\",\"image_size\":\"cover\",\"media_overlay\":\"rgba(8, 4, 0, 0.5)\",\"media_overlay_gradient\":\"radial-gradient(circle,rgba(78, 12, 10, 0.5) 22%, rgba(8, 0, 0, 0.75) 87%);\",\"style\":\"default\",\"text_color\":\"light\",\"title_breakpoint\":\"xl\",\"title_position\":\"top-left\",\"title_rotation\":\"left\",\"vertical_align\":\"middle\",\"width\":\"small\"},\"children\":[{\"type\":\"row\",\"children\":[{\"type\":\"column\",\"props\":{\"image_position\":\"center-center\",\"position_sticky_breakpoint\":\"m\",\"width_medium\":\"1-1\"},\"children\":[{\"type\":\"text\",\"props\":{\"animation\":\"none\",\"column_breakpoint\":\"m\",\"column_divider\":false,\"content\":\"\n\n<p>Yksityinen illallinen onnistuu tilauksesta v\\u00e4hint\\u00e4\\u00e4n 10 hengen ryhmille. Kodan vuokra yksityistilaisuuteen on 30\\u2013100 \\u20ac\\\/p\\u00e4iv\\u00e4 tapahtuman keston ja luonteen mukaan.<\\\/p>\\n\n\n<p>Lapset 3\\u201314 v. -50 % listahinnasta. Pyyd\\u00e4mme valitsemaan saman menun koko seurueelle.<\\\/p>\",\"margin\":\"large\",\"text_align\":\"center\"}},{\"type\":\"headline\",\"props\":{\"content\":\"GOAHTI ILLALLISMENU\\n\",\"text_align\":\"center\",\"title_element\":\"h2\",\"title_style\":\"heading-medium\"}},{\"type\":\"text\",\"props\":{\"block_align\":\"center\",\"column_breakpoint\":\"m\",\"content\":\"\n\n<h3>54,00 \\u20ac<\\\/h3>\\n\n\n<p><strong>ALKUPALAT<\\\/strong><br \\\/>(valitse yksi)<\\\/p>\\n\n\n<p class=\\\"has-text-align-center\\\">Kermainen korvasienikeitto, Uksakan perunarieskaa ja tuoretta maalaisleip\\u00e4\\u00e4<br \\\/><br \\\/>Savuporo-leip\\u00e4juustosalaatti, Uksakan perunarieskaa ja tuoretta maalaisleip\\u00e4\\u00e4<\\\/p>\\n\n\n<p class=\\\"has-text-align-center\\\">Kermainen savusiika-lohikeitto, Uksakan perunarieskaa ja tuoretta maalaisleip\\u00e4\\u00e4<br \\\/><br \\\/>Avotulella loimutettua J\\u00e4\\u00e4meren lohta, vihersalaattia, yrttist\\u00e4 punasipulismetanaa, Uksakan perunarieskaa ja tuoretta maalaisleip\\u00e4\\u00e4<\\\/p>\\n\n\n<p><strong>P\\u00c4\\u00c4RUOAT<\\\/strong><br \\\/>(valitse yksi)<\\\/p>\\n\n\n<p class=\\\"has-text-align-center\\\">Poronk\\u00e4ristys, pottumuusi, sokeroitua puolukkaa ja maustekurkkua<\\\/p>\\n\n\n<p class=\\\"has-text-align-center\\\">Rosmariinilla maustettu poropata, Peruna-palsternakkapyree, hunajaiset rakuunajuurekset, sokeripuolukkaa ja maustekurkkuja<\\\/p>\\n\n\n<p class=\\\"has-text-align-center\\\">Poropy\\u00f6ryk\\u00e4t jaloviina-kermakastikkeessa, pottumuusia, hunajaiset rakuunajuurekset, maustekurkkua ja sokeripuolukkaa<br \\\/><br \\\/>Avotulella loimutettua J\\u00e4\\u00e4meren lohta, juurespyreet\\u00e4, kauden kasviksia ja yrttist\\u00e4 punasipulismetanaa<\\\/p>\\n\n\n<p data-start=\\\"76\\\" data-end=\\\"138\\\"><strong>J\\u00c4LKIRUOAT<br \\\/><\\\/strong>(valitse yksi)<\\\/p>\\n\n\n<p class=\\\"has-text-align-center\\\">Suklaamoussea, suolakinuskikrokantteja ja villivattuja<\\\/p>\\n\n\n<p class=\\\"has-text-align-center\\\">Valkosuklainen hillajuustokakku<\\\/p>\\n\n\n<p class=\\\"has-text-align-center\\\">Mustikkapiirakkaa, vaniljavaahtoa ja marenkia<\\\/p>\\n\n\n<p class=\\\"has-text-align-center\\\">Kinuskikermassa haudutettua leip\\u00e4juustoa ja lakkoja\\u00a0\\u00a0<\\\/p>\",\"margin\":\"default\",\"maxwidth\":\"2xlarge\",\"text_align\":\"center\"}}]}]}]},{\"name\":\"About\",\"type\":\"section\",\"props\":{\"animation\":\"slide-bottom\",\"animation_delay\":\"250\",\"height\":\"viewport\",\"height_viewport\":80,\"image\":\"wp-content\\\/uploads\\\/2025\\\/09\\\/kotakestit.jpg\",\"image_loading\":false,\"image_position\":\"center-center\",\"image_size\":\"cover\",\"media_overlay_gradient\":\"radial-gradient(circle,rgba(78, 12, 10, 0.5) 22%, rgba(8, 0, 0, 0.75) 87%);\",\"style\":\"secondary\",\"text_color\":\"light\",\"title_breakpoint\":\"xl\",\"title_position\":\"top-left\",\"title_rotation\":\"left\",\"vertical_align\":\"middle\",\"width\":\"small\"},\"children\":[{\"type\":\"row\",\"children\":[{\"type\":\"column\",\"props\":{\"image_position\":\"center-center\",\"position_sticky_breakpoint\":\"m\",\"width_medium\":\"1-1\"},\"children\":[{\"type\":\"headline\",\"props\":{\"content\":\"Kotakestit\",\"text_align\":\"center\",\"title_element\":\"h2\",\"title_style\":\"heading-medium\"}},{\"type\":\"text\",\"props\":{\"column_breakpoint\":\"m\",\"content\":\"\n\n<h3 id=\\\"block-51f39b9f-4c2e-41b8-9d17-a82ec4330545\\\">58,00 \\u20ac<\\\/h3>\\n\n\n<p>Karpalo Crush-Rosmariinilla maustettu karpalototi<\\\/p>\\n\n\n<p>Samettinen nauriskeitto kuksasta, mallasleip\\u00e4\\u00e4 ja Uksakan perunarieskaa.<\\\/p>\\n\n\n<p>Lapin makuja lankulla:<br \\\/>Vihersalaattia yrtti\\u00f6ljyll\\u00e4, leip\\u00e4juustolla ja kuivatuilla karpaloilla, korvasienisienisalaattia,\\u00a0 loimulohta, savumuikkuja, riimiporoa, hirvisalamia, punasipuli-puolukkahilloketta, mummonkurkkuja.<\\\/p>\\n\n\n<p>Mureat poropihvit sis\\u00e4paistista, punaviini-lakritsikastike, rakuunaiset uunijuurekset, peruna-palsternakkapyree.<\\\/p>\\n\n\n<p>Valkosuklainen hillajuustokakku, suklaakonvehteja, nokipannukahvia ja haudutettua teet\\u00e4.<\\\/p>\",\"margin\":\"default\",\"text_align\":\"center\"}}]}]}]},{\"name\":\"Gallery\",\"type\":\"section\",\"props\":{\"image_position\":\"center-center\",\"status\":\"disabled\",\"style\":\"default\",\"title_breakpoint\":\"xl\",\"title_position\":\"top-left\",\"title_rotation\":\"left\",\"vertical_align\":\"\",\"width\":\"xlarge\"},\"children\":[{\"type\":\"row\",\"children\":[{\"type\":\"column\",\"props\":{\"image_position\":\"center-center\",\"position_sticky_breakpoint\":\"m\",\"width_medium\":\"1-1\"},\"children\":[{\"type\":\"gallery\",\"props\":{\"animation\":\"parallax\",\"filter_align\":\"left\",\"filter_all\":true,\"filter_grid_breakpoint\":\"m\",\"filter_grid_width\":\"auto\",\"filter_position\":\"top\",\"filter_style\":\"tab\",\"grid_column_gap\":\"small\",\"grid_default\":\"1\",\"grid_medium\":\"2\",\"grid_row_gap\":\"small\",\"image_height\":600,\"image_transition\":\"scale-up\",\"image_width\":\"900\",\"item_animation\":true,\"lightbox\":true,\"lightbox_bg_close\":true,\"link_style\":\"default\",\"link_text\":\"\",\"margin\":\"small\",\"meta_align\":\"below-title\",\"meta_element\":\"div\",\"meta_style\":\"text-meta\",\"overlay_hover\":false,\"overlay_link\":true,\"overlay_mode\":\"cover\",\"overlay_position\":\"center\",\"overlay_style\":\"\",\"overlay_transition\":\"fade\",\"parallax_breakpoint\":\"m\",\"parallax_easing\":\"1\",\"parallax_end\":\"70vh + 70%\",\"parallax_opacity\":\"0.7,1\",\"parallax_y\":\"40,0\",\"show_content\":true,\"show_hover_image\":true,\"show_hover_video\":true,\"show_link\":true,\"show_meta\":true,\"show_title\":false,\"text_align\":\"center\",\"text_color\":\"light\",\"title_element\":\"h3\",\"title_hover_style\":\"reset\"},\"children\":[{\"type\":\"gallery_item\",\"props\":{\"image\":\"wp-content\\\/uploads\\\/2025\\\/09\\\/eat-like-local.jpg\",\"title\":\"eat-like-local\"}},{\"type\":\"gallery_item\",\"props\":{\"image\":\"wp-content\\\/uploads\\\/2025\\\/09\\\/Kota-talvella.jpg\",\"title\":\"Kota-talvella\"}}]},{\"type\":\"gallery\",\"props\":{\"animation\":\"parallax\",\"filter_align\":\"left\",\"filter_all\":true,\"filter_grid_breakpoint\":\"m\",\"filter_grid_width\":\"auto\",\"filter_position\":\"top\",\"filter_style\":\"tab\",\"grid_column_gap\":\"small\",\"grid_default\":\"1\",\"grid_medium\":\"3\",\"grid_row_gap\":\"small\",\"image_height\":600,\"image_transition\":\"scale-up\",\"image_width\":\"900\",\"item_animation\":true,\"lightbox\":true,\"lightbox_bg_close\":true,\"link_style\":\"default\",\"link_text\":\"\",\"margin\":\"\",\"meta_align\":\"below-title\",\"meta_element\":\"div\",\"meta_style\":\"text-meta\",\"overlay_hover\":false,\"overlay_link\":true,\"overlay_mode\":\"cover\",\"overlay_position\":\"center\",\"overlay_style\":\"\",\"overlay_transition\":\"fade\",\"parallax_breakpoint\":\"m\",\"parallax_easing\":\"1\",\"parallax_end\":\"70vh + 70%\",\"parallax_opacity\":\"0.7,1\",\"parallax_y\":\"40,0\",\"show_content\":true,\"show_hover_image\":true,\"show_hover_video\":true,\"show_link\":true,\"show_meta\":true,\"show_title\":false,\"text_align\":\"center\",\"text_color\":\"light\",\"title_element\":\"h3\",\"title_hover_style\":\"reset\"},\"children\":[{\"type\":\"gallery_item\",\"props\":{\"image\":\"wp-content\\\/uploads\\\/2025\\\/09\\\/Poropyorykat.jpg\",\"title\":\"Poropyorykat\"}},{\"type\":\"gallery_item\",\"props\":{\"image\":\"wp-content\\\/uploads\\\/2025\\\/09\\\/palvelu_kotaruokailu.jpg\",\"title\":\"KOta-sisalta\"}},{\"type\":\"gallery_item\",\"props\":{\"image\":\"wp-content\\\/uploads\\\/2025\\\/09\\\/jaakkola-reindeerfarm-poronkaristys-1080.jpg\",\"title\":\"jaakkola-reindeerfarm-poronkaristys-1080\"}}]}]}]}]}],\"version\":\"4.5.27\"} --><\/p>\n","protected":false},"excerpt":{"rendered":"<p>Goahti Menu Ryhmille Tilauksesta, v\u00e4hint\u00e4\u00e4n 10 hengen ryhmille Tilauksesta, v\u00e4hint\u00e4\u00e4n 10 hengen ryhmille Yksityinen illallinen onnistuu tilauksesta v\u00e4hint\u00e4\u00e4n 10 hengen ryhmille. Kodan vuokra yksityistilaisuuteen on 30\u2013100 \u20ac\/p\u00e4iv\u00e4 tapahtuman keston ja luonteen mukaan. Lapset 3\u201314 v. -50 % listahinnasta. Pyyd\u00e4mme valitsemaan saman menun koko seurueelle. GOAHTI ILLALLISMENU 54,00 \u20ac ALKUPALAT(valitse yksi) Kermainen korvasienikeitto, Uksakan perunarieskaa ja [&hellip;]<\/p>\n","protected":false},"author":1,"featured_media":0,"parent":0,"menu_order":0,"comment_status":"closed","ping_status":"closed","template":"","meta":{"footnotes":""},"class_list":["post-415","page","type-page","status-publish","hentry"],"yoast_head":"<!-- This site is optimized with the Yoast SEO plugin v27.1.1 - https:\/\/yoast.com\/product\/yoast-seo-wordpress\/ -->\n<title>Goahti Menu Ryhmille - Jaakkola Reindeer Farm<\/title>\n<meta name=\"description\" content=\"Katso ravintola Goahtin menu t\u00e4\u00e4lt\u00e4. J\u00e4rjest\u00e4mme ryhm\u00e4llesi t\u00e4ydellisen illallismenuun tai tunnelmalliset kotakestit.\" \/>\n<meta name=\"robots\" content=\"index, follow, max-snippet:-1, max-image-preview:large, max-video-preview:-1\" \/>\n<link rel=\"canonical\" href=\"https:\/\/jaakkolareindeerfarm.com\/fi\/goahti-menu-ryhmille\/\" \/>\n<meta property=\"og:locale\" content=\"fi_FI\" \/>\n<meta property=\"og:type\" content=\"article\" \/>\n<meta property=\"og:title\" content=\"Goahti Menu Ryhmille - Jaakkola Reindeer Farm\" \/>\n<meta property=\"og:description\" content=\"Katso ravintola Goahtin menu t\u00e4\u00e4lt\u00e4. J\u00e4rjest\u00e4mme ryhm\u00e4llesi t\u00e4ydellisen illallismenuun tai tunnelmalliset kotakestit.\" \/>\n<meta property=\"og:url\" content=\"https:\/\/jaakkolareindeerfarm.com\/fi\/goahti-menu-ryhmille\/\" \/>\n<meta property=\"og:site_name\" content=\"Jaakkola Reindeer Farm\" \/>\n<meta property=\"article:publisher\" content=\"https:\/\/www.facebook.com\/Jaakkolareindeerfarm\/\" \/>\n<meta property=\"article:modified_time\" content=\"2025-09-29T08:01:10+00:00\" \/>\n<meta property=\"og:image\" content=\"https:\/\/jaakkolareindeerfarm.com\/wp-content\/uploads\/2025\/09\/Anu-ja-Jani-porojen-kanssa.jpg\" \/>\n\t<meta property=\"og:image:width\" content=\"1920\" \/>\n\t<meta property=\"og:image:height\" content=\"1280\" \/>\n\t<meta property=\"og:image:type\" content=\"image\/jpeg\" \/>\n<meta name=\"twitter:card\" content=\"summary_large_image\" \/>\n<meta name=\"twitter:label1\" content=\"Arvioitu lukuaika\" \/>\n\t<meta name=\"twitter:data1\" content=\"1 minuutti\" \/>\n<script type=\"application\/ld+json\" class=\"yoast-schema-graph\">{\"@context\":\"https:\/\/schema.org\",\"@graph\":[{\"@type\":\"WebPage\",\"@id\":\"https:\/\/jaakkolareindeerfarm.com\/fi\/goahti-menu-ryhmille\/\",\"url\":\"https:\/\/jaakkolareindeerfarm.com\/fi\/goahti-menu-ryhmille\/\",\"name\":\"Goahti Menu Ryhmille - Jaakkola Reindeer Farm\",\"isPartOf\":{\"@id\":\"https:\/\/jaakkolareindeerfarm.com\/fi\/#website\"},\"datePublished\":\"2025-09-12T09:53:52+00:00\",\"dateModified\":\"2025-09-29T08:01:10+00:00\",\"description\":\"Katso ravintola Goahtin menu t\u00e4\u00e4lt\u00e4. J\u00e4rjest\u00e4mme ryhm\u00e4llesi t\u00e4ydellisen illallismenuun tai tunnelmalliset kotakestit.\",\"breadcrumb\":{\"@id\":\"https:\/\/jaakkolareindeerfarm.com\/fi\/goahti-menu-ryhmille\/#breadcrumb\"},\"inLanguage\":\"fi\",\"potentialAction\":[{\"@type\":\"ReadAction\",\"target\":[\"https:\/\/jaakkolareindeerfarm.com\/fi\/goahti-menu-ryhmille\/\"]}]},{\"@type\":\"BreadcrumbList\",\"@id\":\"https:\/\/jaakkolareindeerfarm.com\/fi\/goahti-menu-ryhmille\/#breadcrumb\",\"itemListElement\":[{\"@type\":\"ListItem\",\"position\":1,\"name\":\"Home\",\"item\":\"https:\/\/jaakkolareindeerfarm.com\/fi\/\"},{\"@type\":\"ListItem\",\"position\":2,\"name\":\"Goahti Menu Ryhmille\"}]},{\"@type\":\"WebSite\",\"@id\":\"https:\/\/jaakkolareindeerfarm.com\/fi\/#website\",\"url\":\"https:\/\/jaakkolareindeerfarm.com\/fi\/\",\"name\":\"Jaakkola Reindeer Farm\",\"description\":\"Reindeer programs in Finnish Lapland\",\"publisher\":{\"@id\":\"https:\/\/jaakkolareindeerfarm.com\/fi\/#organization\"},\"potentialAction\":[{\"@type\":\"SearchAction\",\"target\":{\"@type\":\"EntryPoint\",\"urlTemplate\":\"https:\/\/jaakkolareindeerfarm.com\/fi\/?s={search_term_string}\"},\"query-input\":{\"@type\":\"PropertyValueSpecification\",\"valueRequired\":true,\"valueName\":\"search_term_string\"}}],\"inLanguage\":\"fi\"},{\"@type\":\"Organization\",\"@id\":\"https:\/\/jaakkolareindeerfarm.com\/fi\/#organization\",\"name\":\"Jaakkola Reindeer Farm, Finnish Lapland\",\"alternateName\":\"Authentic Reindeer Farm in Lapland, Finland\",\"url\":\"https:\/\/jaakkolareindeerfarm.com\/fi\/\",\"logo\":{\"@type\":\"ImageObject\",\"inLanguage\":\"fi\",\"@id\":\"https:\/\/jaakkolareindeerfarm.com\/fi\/#\/schema\/logo\/image\/\",\"url\":\"https:\/\/jaakkolareindeerfarm.com\/wp-content\/uploads\/2025\/09\/cropped-jaakkola_symboli2-1.png\",\"contentUrl\":\"https:\/\/jaakkolareindeerfarm.com\/wp-content\/uploads\/2025\/09\/cropped-jaakkola_symboli2-1.png\",\"width\":512,\"height\":512,\"caption\":\"Jaakkola Reindeer Farm, Finnish Lapland\"},\"image\":{\"@id\":\"https:\/\/jaakkolareindeerfarm.com\/fi\/#\/schema\/logo\/image\/\"},\"sameAs\":[\"https:\/\/www.facebook.com\/Jaakkolareindeerfarm\/\",\"https:\/\/www.instagram.com\/\",\"https:\/\/www.tripadvisor.fi\/Attraction_Review-g1393474-d9743575-Reviews-Jaakkola_Reindeer_Farm-Luosto_Lapland.html\",\"https:\/\/www.youtube.com\/watch?v=7s6ynyg8pwg\"]}]}<\/script>\n<!-- \/ Yoast SEO plugin. -->","yoast_head_json":{"title":"Goahti Menu Ryhmille - Jaakkola Reindeer Farm","description":"Katso ravintola Goahtin menu t\u00e4\u00e4lt\u00e4. J\u00e4rjest\u00e4mme ryhm\u00e4llesi t\u00e4ydellisen illallismenuun tai tunnelmalliset kotakestit.","robots":{"index":"index","follow":"follow","max-snippet":"max-snippet:-1","max-image-preview":"max-image-preview:large","max-video-preview":"max-video-preview:-1"},"canonical":"https:\/\/jaakkolareindeerfarm.com\/fi\/goahti-menu-ryhmille\/","og_locale":"fi_FI","og_type":"article","og_title":"Goahti Menu Ryhmille - Jaakkola Reindeer Farm","og_description":"Katso ravintola Goahtin menu t\u00e4\u00e4lt\u00e4. J\u00e4rjest\u00e4mme ryhm\u00e4llesi t\u00e4ydellisen illallismenuun tai tunnelmalliset kotakestit.","og_url":"https:\/\/jaakkolareindeerfarm.com\/fi\/goahti-menu-ryhmille\/","og_site_name":"Jaakkola Reindeer Farm","article_publisher":"https:\/\/www.facebook.com\/Jaakkolareindeerfarm\/","article_modified_time":"2025-09-29T08:01:10+00:00","og_image":[{"width":1920,"height":1280,"url":"https:\/\/jaakkolareindeerfarm.com\/wp-content\/uploads\/2025\/09\/Anu-ja-Jani-porojen-kanssa.jpg","type":"image\/jpeg"}],"twitter_card":"summary_large_image","twitter_misc":{"Arvioitu lukuaika":"1 minuutti"},"schema":{"@context":"https:\/\/schema.org","@graph":[{"@type":"WebPage","@id":"https:\/\/jaakkolareindeerfarm.com\/fi\/goahti-menu-ryhmille\/","url":"https:\/\/jaakkolareindeerfarm.com\/fi\/goahti-menu-ryhmille\/","name":"Goahti Menu Ryhmille - Jaakkola Reindeer Farm","isPartOf":{"@id":"https:\/\/jaakkolareindeerfarm.com\/fi\/#website"},"datePublished":"2025-09-12T09:53:52+00:00","dateModified":"2025-09-29T08:01:10+00:00","description":"Katso ravintola Goahtin menu t\u00e4\u00e4lt\u00e4. J\u00e4rjest\u00e4mme ryhm\u00e4llesi t\u00e4ydellisen illallismenuun tai tunnelmalliset kotakestit.","breadcrumb":{"@id":"https:\/\/jaakkolareindeerfarm.com\/fi\/goahti-menu-ryhmille\/#breadcrumb"},"inLanguage":"fi","potentialAction":[{"@type":"ReadAction","target":["https:\/\/jaakkolareindeerfarm.com\/fi\/goahti-menu-ryhmille\/"]}]},{"@type":"BreadcrumbList","@id":"https:\/\/jaakkolareindeerfarm.com\/fi\/goahti-menu-ryhmille\/#breadcrumb","itemListElement":[{"@type":"ListItem","position":1,"name":"Home","item":"https:\/\/jaakkolareindeerfarm.com\/fi\/"},{"@type":"ListItem","position":2,"name":"Goahti Menu Ryhmille"}]},{"@type":"WebSite","@id":"https:\/\/jaakkolareindeerfarm.com\/fi\/#website","url":"https:\/\/jaakkolareindeerfarm.com\/fi\/","name":"Jaakkola Reindeer Farm","description":"Reindeer programs in Finnish Lapland","publisher":{"@id":"https:\/\/jaakkolareindeerfarm.com\/fi\/#organization"},"potentialAction":[{"@type":"SearchAction","target":{"@type":"EntryPoint","urlTemplate":"https:\/\/jaakkolareindeerfarm.com\/fi\/?s={search_term_string}"},"query-input":{"@type":"PropertyValueSpecification","valueRequired":true,"valueName":"search_term_string"}}],"inLanguage":"fi"},{"@type":"Organization","@id":"https:\/\/jaakkolareindeerfarm.com\/fi\/#organization","name":"Jaakkola Reindeer Farm, Finnish Lapland","alternateName":"Authentic Reindeer Farm in Lapland, Finland","url":"https:\/\/jaakkolareindeerfarm.com\/fi\/","logo":{"@type":"ImageObject","inLanguage":"fi","@id":"https:\/\/jaakkolareindeerfarm.com\/fi\/#\/schema\/logo\/image\/","url":"https:\/\/jaakkolareindeerfarm.com\/wp-content\/uploads\/2025\/09\/cropped-jaakkola_symboli2-1.png","contentUrl":"https:\/\/jaakkolareindeerfarm.com\/wp-content\/uploads\/2025\/09\/cropped-jaakkola_symboli2-1.png","width":512,"height":512,"caption":"Jaakkola Reindeer Farm, Finnish Lapland"},"image":{"@id":"https:\/\/jaakkolareindeerfarm.com\/fi\/#\/schema\/logo\/image\/"},"sameAs":["https:\/\/www.facebook.com\/Jaakkolareindeerfarm\/","https:\/\/www.instagram.com\/","https:\/\/www.tripadvisor.fi\/Attraction_Review-g1393474-d9743575-Reviews-Jaakkola_Reindeer_Farm-Luosto_Lapland.html","https:\/\/www.youtube.com\/watch?v=7s6ynyg8pwg"]}]}},"_links":{"self":[{"href":"https:\/\/jaakkolareindeerfarm.com\/fi\/wp-json\/wp\/v2\/pages\/415","targetHints":{"allow":["GET"]}}],"collection":[{"href":"https:\/\/jaakkolareindeerfarm.com\/fi\/wp-json\/wp\/v2\/pages"}],"about":[{"href":"https:\/\/jaakkolareindeerfarm.com\/fi\/wp-json\/wp\/v2\/types\/page"}],"author":[{"embeddable":true,"href":"https:\/\/jaakkolareindeerfarm.com\/fi\/wp-json\/wp\/v2\/users\/1"}],"replies":[{"embeddable":true,"href":"https:\/\/jaakkolareindeerfarm.com\/fi\/wp-json\/wp\/v2\/comments?post=415"}],"version-history":[{"count":8,"href":"https:\/\/jaakkolareindeerfarm.com\/fi\/wp-json\/wp\/v2\/pages\/415\/revisions"}],"predecessor-version":[{"id":592,"href":"https:\/\/jaakkolareindeerfarm.com\/fi\/wp-json\/wp\/v2\/pages\/415\/revisions\/592"}],"wp:attachment":[{"href":"https:\/\/jaakkolareindeerfarm.com\/fi\/wp-json\/wp\/v2\/media?parent=415"}],"curies":[{"name":"wp","href":"https:\/\/api.w.org\/{rel}","templated":true}]}}