{"id":416,"date":"2025-09-12T12:57:58","date_gmt":"2025-09-12T09:57:58","guid":{"rendered":"https:\/\/jaakkolareindeerfarm.com\/join-in-dinner\/"},"modified":"2025-09-29T12:46:02","modified_gmt":"2025-09-29T09:46:02","slug":"illallinen-keskiviikkoisin","status":"publish","type":"page","link":"https:\/\/jaakkolareindeerfarm.com\/fi\/illallinen-keskiviikkoisin\/","title":{"rendered":"Illallinen keskiviikkoisin"},"content":{"rendered":"<h1>Illallinen keski&shy;viikkoisin<\/h1>\n<div>Keskiviikkoillallinen \u2013 nautittavaa yhdess\u00e4oloa perheille ja yst\u00e4ville<\/div>\n<div>Keskiviikkoillallinen \u2013 nautittavaa yhdess\u00e4oloa perheille ja yst\u00e4ville<\/div>\n<div>\n<p data-start=\"55\" data-end=\"218\">Jos matkustat yksin, perheen tai yst\u00e4v\u00e4porukan kanssa, voit keskiviikkoiltaisin nauttia paikallisista herkuista ja kulttuurista Goahti-ravintolassa.<\/p>\n<p data-start=\"220\" data-end=\"479\">Keskiviikkoiltoja is\u00e4nn\u00f6i saamelaisem\u00e4nt\u00e4 Anu yhdess\u00e4 ihastuttavan henkil\u00f6kuntansa kanssa. Ilta sis\u00e4lt\u00e4\u00e4 porojen ruokintaa, tarinankerrontaa ja joikausta \u2013 kokemus, jonka tulet muistamaan loppuel\u00e4m\u00e4si.<\/p>\n<p data-start=\"220\" data-end=\"479\">Tarkempi ohjelma ja menu l\u00f6ytyv\u00e4t verkkokaupastamme.<\/p>\n<\/div>\n<div>\n<p><johku-widget id=\"jaakkolareindeerfarm\/c4f46b92c0bb0b5e\" locale=\"fi_FI\"><\/johku-widget><\/p>\n<\/div>\n<p><!--more--><br \/>\n<!-- {\"type\":\"layout\",\"children\":[{\"type\":\"section\",\"props\":{\"animation\":\"slide-bottom\",\"animation_delay\":\"150\",\"header_transparent\":true,\"header_transparent_noplaceholder\":false,\"header_transparent_text_color\":\"light\",\"height\":\"viewport\",\"height_offset_top\":false,\"image\":\"wp-content\\\/uploads\\\/2025\\\/09\\\/jaakkola-reindeerfarm-annos.jpg\",\"image_effect\":\"parallax\",\"image_loading\":true,\"image_position\":\"center-center\",\"image_size\":\"cover\",\"image_width\":\"2560\",\"media_overlay\":\"rgba(62, 21, 0, 0.75)\",\"media_overlay_parallax_opacity\":\"0.1,1\",\"media_overlay_parallax_start\":\"25%\",\"padding\":\"xlarge\",\"sticky\":\"cover\",\"style\":\"default\",\"text_color\":\"light\",\"title_breakpoint\":\"xl\",\"title_position\":\"top-left\",\"title_rotation\":\"left\",\"vertical_align\":\"bottom\",\"width\":\"expand\"},\"children\":[{\"type\":\"row\",\"children\":[{\"type\":\"column\",\"props\":{\"image_position\":\"center-center\",\"position_sticky_breakpoint\":\"m\",\"vertical_align\":\"middle\"},\"children\":[{\"type\":\"headline\",\"props\":{\"content\":\"Illallinen keski&shy;viikkoisin\",\"margin\":\"default\",\"maxwidth\":\"2xlarge\",\"title_element\":\"h1\",\"title_style\":\"heading-xlarge\"}}]}],\"props\":{\"row_gap\":\"large\"}}],\"name\":\"Hero 2\"},{\"name\":\"About\",\"type\":\"section\",\"props\":{\"animation\":\"slide-bottom\",\"animation_delay\":\"250\",\"height_viewport\":80,\"image\":\"wp-content\\\/uploads\\\/2025\\\/09\\\/puuta.jpg\",\"image_loading\":false,\"image_position\":\"center-center\",\"image_size\":\"cover\",\"media_overlay\":\"rgba(8, 4, 0, 0.5)\",\"media_overlay_gradient\":\"radial-gradient(circle,rgba(78, 12, 10, 0.5) 22%, rgba(8, 0, 0, 0.75) 87%);\",\"padding\":\"large\",\"style\":\"default\",\"text_color\":\"light\",\"title_breakpoint\":\"xl\",\"title_position\":\"top-left\",\"title_rotation\":\"left\",\"vertical_align\":\"middle\",\"width\":\"small\"},\"children\":[{\"type\":\"row\",\"children\":[{\"type\":\"column\",\"props\":{\"image_position\":\"center-center\",\"position_sticky_breakpoint\":\"m\",\"width_medium\":\"1-1\"},\"children\":[{\"type\":\"headline\",\"props\":{\"content\":\"Keskiviikkoillallinen \\u2013 nautittavaa yhdess\\u00e4oloa perheille ja yst\\u00e4ville\",\"margin\":\"remove-vertical\",\"margin_remove_top\":true,\"text_align\":\"center\",\"title_element\":\"div\",\"title_style\":\"h3\",\"visibility\":\"hidden-m\"}},{\"type\":\"headline\",\"props\":{\"content\":\"Keskiviikkoillallinen \\u2013 nautittavaa yhdess\\u00e4oloa perheille ja yst\\u00e4ville\",\"margin\":\"remove-vertical\",\"margin_remove_bottom\":true,\"margin_remove_top\":true,\"text_align\":\"center\",\"title_element\":\"div\",\"title_style\":\"h2\",\"visibility\":\"m\"}},{\"type\":\"text\",\"props\":{\"animation\":\"none\",\"column\":\"1-2\",\"column_breakpoint\":\"m\",\"column_divider\":false,\"content\":\"\n\n<p data-start=\\\"55\\\" data-end=\\\"218\\\">Jos matkustat yksin, perheen tai yst\\u00e4v\\u00e4porukan kanssa, voit keskiviikkoiltaisin nauttia paikallisista herkuista ja kulttuurista Goahti-ravintolassa.<\\\/p>\\n\n\n<p data-start=\\\"220\\\" data-end=\\\"479\\\">Keskiviikkoiltoja is\\u00e4nn\\u00f6i saamelaisem\\u00e4nt\\u00e4 Anu yhdess\\u00e4 ihastuttavan henkil\\u00f6kuntansa kanssa. Ilta sis\\u00e4lt\\u00e4\\u00e4 porojen ruokintaa, tarinankerrontaa ja joikausta \\u2013 kokemus, jonka tulet muistamaan loppuel\\u00e4m\\u00e4si.<\\\/p>\\n\n\n<p data-start=\\\"220\\\" data-end=\\\"479\\\">Tarkempi ohjelma ja menu l\\u00f6ytyv\\u00e4t verkkokaupastamme.<\\\/p>\",\"margin\":\"default\",\"text_align\":\"left\"}}]}]}]},{\"type\":\"section\",\"props\":{\"image_position\":\"center-center\",\"padding\":\"large\",\"style\":\"default\",\"title_breakpoint\":\"xl\",\"title_position\":\"top-left\",\"title_rotation\":\"left\",\"vertical_align\":\"middle\",\"width\":\"default\"},\"children\":[{\"type\":\"row\",\"children\":[{\"type\":\"column\",\"props\":{\"image_position\":\"center-center\",\"position_sticky_breakpoint\":\"m\"},\"children\":[{\"type\":\"text\",\"props\":{\"column_breakpoint\":\"m\",\"content\":\"\n\n<p><johku-widget id=\\\"jaakkolareindeerfarm\\\/c4f46b92c0bb0b5e\\\" locale=\\\"fi_FI\\\"><\\\/johku-widget><\\\/p>\",\"margin\":\"default\"}}]}]}]},{\"name\":\"Gallery\",\"type\":\"section\",\"props\":{\"image_position\":\"center-center\",\"status\":\"disabled\",\"style\":\"default\",\"title_breakpoint\":\"xl\",\"title_position\":\"top-left\",\"title_rotation\":\"left\",\"vertical_align\":\"\",\"width\":\"xlarge\"},\"children\":[{\"type\":\"row\",\"children\":[{\"type\":\"column\",\"props\":{\"image_position\":\"center-center\",\"position_sticky_breakpoint\":\"m\",\"width_medium\":\"1-1\"},\"children\":[{\"type\":\"gallery\",\"props\":{\"animation\":\"parallax\",\"filter_align\":\"left\",\"filter_all\":true,\"filter_grid_breakpoint\":\"m\",\"filter_grid_width\":\"auto\",\"filter_position\":\"top\",\"filter_style\":\"tab\",\"grid_column_gap\":\"small\",\"grid_default\":\"1\",\"grid_medium\":\"2\",\"grid_row_gap\":\"small\",\"image_height\":600,\"image_transition\":\"scale-up\",\"image_width\":\"900\",\"item_animation\":true,\"lightbox\":true,\"lightbox_bg_close\":true,\"link_style\":\"default\",\"link_text\":\"\",\"margin\":\"small\",\"meta_align\":\"below-title\",\"meta_element\":\"div\",\"meta_style\":\"text-meta\",\"overlay_hover\":false,\"overlay_link\":true,\"overlay_mode\":\"cover\",\"overlay_position\":\"center\",\"overlay_style\":\"\",\"overlay_transition\":\"fade\",\"parallax_breakpoint\":\"m\",\"parallax_easing\":\"1\",\"parallax_end\":\"70vh + 70%\",\"parallax_opacity\":\"0.7,1\",\"parallax_y\":\"40,0\",\"show_content\":true,\"show_hover_image\":true,\"show_hover_video\":true,\"show_link\":true,\"show_meta\":true,\"show_title\":false,\"text_align\":\"center\",\"text_color\":\"light\",\"title_element\":\"h3\",\"title_hover_style\":\"reset\"},\"children\":[{\"type\":\"gallery_item\",\"props\":{\"image\":\"wp-content\\\/uploads\\\/2025\\\/09\\\/eat-like-local.jpg\",\"title\":\"eat-like-local\"}},{\"type\":\"gallery_item\",\"props\":{\"image\":\"wp-content\\\/uploads\\\/2025\\\/09\\\/Kota-talvella.jpg\",\"title\":\"Kota-talvella\"}}]},{\"type\":\"gallery\",\"props\":{\"animation\":\"parallax\",\"filter_align\":\"left\",\"filter_all\":true,\"filter_grid_breakpoint\":\"m\",\"filter_grid_width\":\"auto\",\"filter_position\":\"top\",\"filter_style\":\"tab\",\"grid_column_gap\":\"small\",\"grid_default\":\"1\",\"grid_medium\":\"3\",\"grid_row_gap\":\"small\",\"image_height\":600,\"image_transition\":\"scale-up\",\"image_width\":\"900\",\"item_animation\":true,\"lightbox\":true,\"lightbox_bg_close\":true,\"link_style\":\"default\",\"link_text\":\"\",\"margin\":\"\",\"meta_align\":\"below-title\",\"meta_element\":\"div\",\"meta_style\":\"text-meta\",\"overlay_hover\":false,\"overlay_link\":true,\"overlay_mode\":\"cover\",\"overlay_position\":\"center\",\"overlay_style\":\"\",\"overlay_transition\":\"fade\",\"parallax_breakpoint\":\"m\",\"parallax_easing\":\"1\",\"parallax_end\":\"70vh + 70%\",\"parallax_opacity\":\"0.7,1\",\"parallax_y\":\"40,0\",\"show_content\":true,\"show_hover_image\":true,\"show_hover_video\":true,\"show_link\":true,\"show_meta\":true,\"show_title\":false,\"text_align\":\"center\",\"text_color\":\"light\",\"title_element\":\"h3\",\"title_hover_style\":\"reset\"},\"children\":[{\"type\":\"gallery_item\",\"props\":{\"image\":\"wp-content\\\/uploads\\\/2025\\\/09\\\/Poropyorykat.jpg\",\"title\":\"Poropyorykat\"}},{\"type\":\"gallery_item\",\"props\":{\"image\":\"wp-content\\\/uploads\\\/2025\\\/09\\\/palvelu_kotaruokailu.jpg\",\"title\":\"KOta-sisalta\"}},{\"type\":\"gallery_item\",\"props\":{\"image\":\"wp-content\\\/uploads\\\/2025\\\/09\\\/jaakkola-reindeerfarm-poronkaristys-1080.jpg\",\"title\":\"jaakkola-reindeerfarm-poronkaristys-1080\"}}]}]}]}]}],\"version\":\"4.5.27\"} --><\/p>\n","protected":false},"excerpt":{"rendered":"<p>Illallinen keski&shy;viikkoisin Keskiviikkoillallinen \u2013 nautittavaa yhdess\u00e4oloa perheille ja yst\u00e4ville Keskiviikkoillallinen \u2013 nautittavaa yhdess\u00e4oloa perheille ja yst\u00e4ville Jos matkustat yksin, perheen tai yst\u00e4v\u00e4porukan kanssa, voit keskiviikkoiltaisin nauttia paikallisista herkuista ja kulttuurista Goahti-ravintolassa. Keskiviikkoiltoja is\u00e4nn\u00f6i saamelaisem\u00e4nt\u00e4 Anu yhdess\u00e4 ihastuttavan henkil\u00f6kuntansa kanssa. Ilta sis\u00e4lt\u00e4\u00e4 porojen ruokintaa, tarinankerrontaa ja joikausta \u2013 kokemus, jonka tulet muistamaan loppuel\u00e4m\u00e4si. Tarkempi ohjelma ja [&hellip;]<\/p>\n","protected":false},"author":1,"featured_media":0,"parent":0,"menu_order":0,"comment_status":"closed","ping_status":"closed","template":"","meta":{"footnotes":""},"class_list":["post-416","page","type-page","status-publish","hentry"],"yoast_head":"<!-- This site is optimized with the Yoast SEO plugin v27.1.1 - https:\/\/yoast.com\/product\/yoast-seo-wordpress\/ -->\n<title>Illallinen keskiviikkoisin - Jaakkola Reindeer Farm<\/title>\n<meta name=\"description\" content=\"Viet\u00e4 el\u00e4myksellinen keskiviikko-ilta saamelaisem\u00e4nt\u00e4 Anun kera ruokkien poroja, nauttien tarinankerronnasta ja joikauksesta.\" \/>\n<meta name=\"robots\" content=\"index, follow, max-snippet:-1, max-image-preview:large, max-video-preview:-1\" \/>\n<link rel=\"canonical\" href=\"https:\/\/jaakkolareindeerfarm.com\/fi\/illallinen-keskiviikkoisin\/\" \/>\n<meta property=\"og:locale\" content=\"fi_FI\" \/>\n<meta property=\"og:type\" content=\"article\" \/>\n<meta property=\"og:title\" content=\"Illallinen keskiviikkoisin - Jaakkola Reindeer Farm\" \/>\n<meta property=\"og:description\" content=\"Viet\u00e4 el\u00e4myksellinen keskiviikko-ilta saamelaisem\u00e4nt\u00e4 Anun kera ruokkien poroja, nauttien tarinankerronnasta ja joikauksesta.\" \/>\n<meta property=\"og:url\" content=\"https:\/\/jaakkolareindeerfarm.com\/fi\/illallinen-keskiviikkoisin\/\" \/>\n<meta property=\"og:site_name\" content=\"Jaakkola Reindeer Farm\" \/>\n<meta property=\"article:publisher\" content=\"https:\/\/www.facebook.com\/Jaakkolareindeerfarm\/\" \/>\n<meta property=\"article:modified_time\" content=\"2025-09-29T09:46:02+00:00\" \/>\n<meta property=\"og:image\" content=\"https:\/\/jaakkolareindeerfarm.com\/wp-content\/uploads\/2025\/09\/Anu-ja-Jani-porojen-kanssa.jpg\" \/>\n\t<meta property=\"og:image:width\" content=\"1920\" \/>\n\t<meta property=\"og:image:height\" content=\"1280\" \/>\n\t<meta property=\"og:image:type\" content=\"image\/jpeg\" \/>\n<meta name=\"twitter:card\" content=\"summary_large_image\" \/>\n<meta name=\"twitter:label1\" content=\"Arvioitu lukuaika\" \/>\n\t<meta name=\"twitter:data1\" content=\"1 minuutti\" \/>\n<script type=\"application\/ld+json\" class=\"yoast-schema-graph\">{\"@context\":\"https:\/\/schema.org\",\"@graph\":[{\"@type\":\"WebPage\",\"@id\":\"https:\/\/jaakkolareindeerfarm.com\/fi\/illallinen-keskiviikkoisin\/\",\"url\":\"https:\/\/jaakkolareindeerfarm.com\/fi\/illallinen-keskiviikkoisin\/\",\"name\":\"Illallinen keskiviikkoisin - Jaakkola Reindeer Farm\",\"isPartOf\":{\"@id\":\"https:\/\/jaakkolareindeerfarm.com\/fi\/#website\"},\"datePublished\":\"2025-09-12T09:57:58+00:00\",\"dateModified\":\"2025-09-29T09:46:02+00:00\",\"description\":\"Viet\u00e4 el\u00e4myksellinen keskiviikko-ilta saamelaisem\u00e4nt\u00e4 Anun kera ruokkien poroja, nauttien tarinankerronnasta ja joikauksesta.\",\"breadcrumb\":{\"@id\":\"https:\/\/jaakkolareindeerfarm.com\/fi\/illallinen-keskiviikkoisin\/#breadcrumb\"},\"inLanguage\":\"fi\",\"potentialAction\":[{\"@type\":\"ReadAction\",\"target\":[\"https:\/\/jaakkolareindeerfarm.com\/fi\/illallinen-keskiviikkoisin\/\"]}]},{\"@type\":\"BreadcrumbList\",\"@id\":\"https:\/\/jaakkolareindeerfarm.com\/fi\/illallinen-keskiviikkoisin\/#breadcrumb\",\"itemListElement\":[{\"@type\":\"ListItem\",\"position\":1,\"name\":\"Home\",\"item\":\"https:\/\/jaakkolareindeerfarm.com\/fi\/\"},{\"@type\":\"ListItem\",\"position\":2,\"name\":\"Illallinen keskiviikkoisin\"}]},{\"@type\":\"WebSite\",\"@id\":\"https:\/\/jaakkolareindeerfarm.com\/fi\/#website\",\"url\":\"https:\/\/jaakkolareindeerfarm.com\/fi\/\",\"name\":\"Jaakkola Reindeer Farm\",\"description\":\"Reindeer programs in Finnish Lapland\",\"publisher\":{\"@id\":\"https:\/\/jaakkolareindeerfarm.com\/fi\/#organization\"},\"potentialAction\":[{\"@type\":\"SearchAction\",\"target\":{\"@type\":\"EntryPoint\",\"urlTemplate\":\"https:\/\/jaakkolareindeerfarm.com\/fi\/?s={search_term_string}\"},\"query-input\":{\"@type\":\"PropertyValueSpecification\",\"valueRequired\":true,\"valueName\":\"search_term_string\"}}],\"inLanguage\":\"fi\"},{\"@type\":\"Organization\",\"@id\":\"https:\/\/jaakkolareindeerfarm.com\/fi\/#organization\",\"name\":\"Jaakkola Reindeer Farm, Finnish Lapland\",\"alternateName\":\"Authentic Reindeer Farm in Lapland, Finland\",\"url\":\"https:\/\/jaakkolareindeerfarm.com\/fi\/\",\"logo\":{\"@type\":\"ImageObject\",\"inLanguage\":\"fi\",\"@id\":\"https:\/\/jaakkolareindeerfarm.com\/fi\/#\/schema\/logo\/image\/\",\"url\":\"https:\/\/jaakkolareindeerfarm.com\/wp-content\/uploads\/2025\/09\/cropped-jaakkola_symboli2-1.png\",\"contentUrl\":\"https:\/\/jaakkolareindeerfarm.com\/wp-content\/uploads\/2025\/09\/cropped-jaakkola_symboli2-1.png\",\"width\":512,\"height\":512,\"caption\":\"Jaakkola Reindeer Farm, Finnish Lapland\"},\"image\":{\"@id\":\"https:\/\/jaakkolareindeerfarm.com\/fi\/#\/schema\/logo\/image\/\"},\"sameAs\":[\"https:\/\/www.facebook.com\/Jaakkolareindeerfarm\/\",\"https:\/\/www.instagram.com\/\",\"https:\/\/www.tripadvisor.fi\/Attraction_Review-g1393474-d9743575-Reviews-Jaakkola_Reindeer_Farm-Luosto_Lapland.html\",\"https:\/\/www.youtube.com\/watch?v=7s6ynyg8pwg\"]}]}<\/script>\n<!-- \/ Yoast SEO plugin. -->","yoast_head_json":{"title":"Illallinen keskiviikkoisin - Jaakkola Reindeer Farm","description":"Viet\u00e4 el\u00e4myksellinen keskiviikko-ilta saamelaisem\u00e4nt\u00e4 Anun kera ruokkien poroja, nauttien tarinankerronnasta ja joikauksesta.","robots":{"index":"index","follow":"follow","max-snippet":"max-snippet:-1","max-image-preview":"max-image-preview:large","max-video-preview":"max-video-preview:-1"},"canonical":"https:\/\/jaakkolareindeerfarm.com\/fi\/illallinen-keskiviikkoisin\/","og_locale":"fi_FI","og_type":"article","og_title":"Illallinen keskiviikkoisin - Jaakkola Reindeer Farm","og_description":"Viet\u00e4 el\u00e4myksellinen keskiviikko-ilta saamelaisem\u00e4nt\u00e4 Anun kera ruokkien poroja, nauttien tarinankerronnasta ja joikauksesta.","og_url":"https:\/\/jaakkolareindeerfarm.com\/fi\/illallinen-keskiviikkoisin\/","og_site_name":"Jaakkola Reindeer Farm","article_publisher":"https:\/\/www.facebook.com\/Jaakkolareindeerfarm\/","article_modified_time":"2025-09-29T09:46:02+00:00","og_image":[{"width":1920,"height":1280,"url":"https:\/\/jaakkolareindeerfarm.com\/wp-content\/uploads\/2025\/09\/Anu-ja-Jani-porojen-kanssa.jpg","type":"image\/jpeg"}],"twitter_card":"summary_large_image","twitter_misc":{"Arvioitu lukuaika":"1 minuutti"},"schema":{"@context":"https:\/\/schema.org","@graph":[{"@type":"WebPage","@id":"https:\/\/jaakkolareindeerfarm.com\/fi\/illallinen-keskiviikkoisin\/","url":"https:\/\/jaakkolareindeerfarm.com\/fi\/illallinen-keskiviikkoisin\/","name":"Illallinen keskiviikkoisin - Jaakkola Reindeer Farm","isPartOf":{"@id":"https:\/\/jaakkolareindeerfarm.com\/fi\/#website"},"datePublished":"2025-09-12T09:57:58+00:00","dateModified":"2025-09-29T09:46:02+00:00","description":"Viet\u00e4 el\u00e4myksellinen keskiviikko-ilta saamelaisem\u00e4nt\u00e4 Anun kera ruokkien poroja, nauttien tarinankerronnasta ja joikauksesta.","breadcrumb":{"@id":"https:\/\/jaakkolareindeerfarm.com\/fi\/illallinen-keskiviikkoisin\/#breadcrumb"},"inLanguage":"fi","potentialAction":[{"@type":"ReadAction","target":["https:\/\/jaakkolareindeerfarm.com\/fi\/illallinen-keskiviikkoisin\/"]}]},{"@type":"BreadcrumbList","@id":"https:\/\/jaakkolareindeerfarm.com\/fi\/illallinen-keskiviikkoisin\/#breadcrumb","itemListElement":[{"@type":"ListItem","position":1,"name":"Home","item":"https:\/\/jaakkolareindeerfarm.com\/fi\/"},{"@type":"ListItem","position":2,"name":"Illallinen keskiviikkoisin"}]},{"@type":"WebSite","@id":"https:\/\/jaakkolareindeerfarm.com\/fi\/#website","url":"https:\/\/jaakkolareindeerfarm.com\/fi\/","name":"Jaakkola Reindeer Farm","description":"Reindeer programs in Finnish Lapland","publisher":{"@id":"https:\/\/jaakkolareindeerfarm.com\/fi\/#organization"},"potentialAction":[{"@type":"SearchAction","target":{"@type":"EntryPoint","urlTemplate":"https:\/\/jaakkolareindeerfarm.com\/fi\/?s={search_term_string}"},"query-input":{"@type":"PropertyValueSpecification","valueRequired":true,"valueName":"search_term_string"}}],"inLanguage":"fi"},{"@type":"Organization","@id":"https:\/\/jaakkolareindeerfarm.com\/fi\/#organization","name":"Jaakkola Reindeer Farm, Finnish Lapland","alternateName":"Authentic Reindeer Farm in Lapland, Finland","url":"https:\/\/jaakkolareindeerfarm.com\/fi\/","logo":{"@type":"ImageObject","inLanguage":"fi","@id":"https:\/\/jaakkolareindeerfarm.com\/fi\/#\/schema\/logo\/image\/","url":"https:\/\/jaakkolareindeerfarm.com\/wp-content\/uploads\/2025\/09\/cropped-jaakkola_symboli2-1.png","contentUrl":"https:\/\/jaakkolareindeerfarm.com\/wp-content\/uploads\/2025\/09\/cropped-jaakkola_symboli2-1.png","width":512,"height":512,"caption":"Jaakkola Reindeer Farm, Finnish Lapland"},"image":{"@id":"https:\/\/jaakkolareindeerfarm.com\/fi\/#\/schema\/logo\/image\/"},"sameAs":["https:\/\/www.facebook.com\/Jaakkolareindeerfarm\/","https:\/\/www.instagram.com\/","https:\/\/www.tripadvisor.fi\/Attraction_Review-g1393474-d9743575-Reviews-Jaakkola_Reindeer_Farm-Luosto_Lapland.html","https:\/\/www.youtube.com\/watch?v=7s6ynyg8pwg"]}]}},"_links":{"self":[{"href":"https:\/\/jaakkolareindeerfarm.com\/fi\/wp-json\/wp\/v2\/pages\/416","targetHints":{"allow":["GET"]}}],"collection":[{"href":"https:\/\/jaakkolareindeerfarm.com\/fi\/wp-json\/wp\/v2\/pages"}],"about":[{"href":"https:\/\/jaakkolareindeerfarm.com\/fi\/wp-json\/wp\/v2\/types\/page"}],"author":[{"embeddable":true,"href":"https:\/\/jaakkolareindeerfarm.com\/fi\/wp-json\/wp\/v2\/users\/1"}],"replies":[{"embeddable":true,"href":"https:\/\/jaakkolareindeerfarm.com\/fi\/wp-json\/wp\/v2\/comments?post=416"}],"version-history":[{"count":9,"href":"https:\/\/jaakkolareindeerfarm.com\/fi\/wp-json\/wp\/v2\/pages\/416\/revisions"}],"predecessor-version":[{"id":608,"href":"https:\/\/jaakkolareindeerfarm.com\/fi\/wp-json\/wp\/v2\/pages\/416\/revisions\/608"}],"wp:attachment":[{"href":"https:\/\/jaakkolareindeerfarm.com\/fi\/wp-json\/wp\/v2\/media?parent=416"}],"curies":[{"name":"wp","href":"https:\/\/api.w.org\/{rel}","templated":true}]}}