{"id":713,"date":"2025-10-13T09:35:26","date_gmt":"2025-10-13T06:35:26","guid":{"rendered":"https:\/\/jaakkolareindeerfarm.com\/?page_id=713"},"modified":"2025-10-14T16:49:57","modified_gmt":"2025-10-14T13:49:57","slug":"pikkujoulut","status":"publish","type":"page","link":"https:\/\/jaakkolareindeerfarm.com\/fi\/kotaravintola-goahti\/pikkujoulut\/","title":{"rendered":"Pikkujoulut"},"content":{"rendered":"<h1>Pikkujoulut<\/h1>\n<div>Pikkujoulut<\/div>\n<div>\n<p>Saisimmeko kattaa maistuvan pikkujoulup\u00f6yd\u00e4n viihtyis\u00e4\u00e4n kotaravintolaan porotilan kauniiseen pihapiiriin?<\/p>\n<\/div>\n<div>\n<p>Porotilan pikkujoulukausi k\u00e4ynnistyy lokakuun lopulla ja jatkuu aina joulukuun puoleen v\u00e4liin saakka. Porotilan pikkujoulut tarkoittavat mutkatonta palvelua, l\u00e4mminhenkist\u00e4 tunnelmaa, ja taatusti maistuvia tarjoiluja 52-paikkaisessa kotaravintola Goahtissa.<\/p>\n<p>Lis\u00e4maksusta tarjoamme kotakaraokea, j\u00e4rjest\u00e4mme el\u00e4v\u00e4\u00e4 musiikkia tai vaikkapa porotilan em\u00e4nn\u00e4n kotavisat. Kodalla on ostettavissa pieni, huolella valittu valikoima oluita, viinej\u00e4, j\u00e4lkiruokajuomia sek\u00e4 alkoholittomia virvokkeita. Alkuun suosittelemme talon karpalogl\u00f6gi\u00e4, jonka saa my\u00f6s siev\u00e4sti ter\u00e4stettyn\u00e4.<\/p>\n<p>Minimiosallistujam\u00e4\u00e4r\u00e4 pikkujouluille on 10 henke\u00e4, mutta voit tiedustella my\u00f6s mahdollisuutta tulla nautiskelemaan pienemm\u00e4ll\u00e4 porukalla jonkin toisen ryhm\u00e4n kanssa samanaikaisesti.<\/p>\n<p>Jos sopivaa ajankohtaa ei l\u00f6ydy, my\u00f6s vuonna herkulliset pikkujoulutarjoilut voi tilata kauttamme\u00a0 johonkin muuhun juhlapaikkaan.\u00a0<\/p>\n<p>Hyv\u00e4n mielen pikkujouluetuna kirkonkyl\u00e4lt\u00e4 saapuville ryhmille paketoimme bussikuljetukset puoleen hintaan.\u00a0\u00a0<\/p>\n<\/div>\n<p><img decoding=\"async\" src=\"\/wp-content\/uploads\/2025\/09\/tonttu.jpg\" alt=\"\"><\/p>\n<div>Goahtin pikkujoulumenu<\/div>\n<div>\n<p>Leip\u00e4valikoima ja ruskistettua voivaahtoa<br \/>Vihersalaattia ja itsetehtyj\u00e4 kastikkeita<br \/>Marinoituja kasviksia<br \/>Mets\u00e4sienisalaattia<br \/>Lasimestarin silli\u00e4<br \/>Katkarapumoussea<br \/>Graavilohta<\/p>\n<p>Ylikyps\u00e4\u00e4 poroa mausteliemess\u00e4<br \/>Joulukinkkua ja sinappi-kermakastiketta<br \/>Lanttulaatikkoa<br \/>Porkkanalaatikkoa<br \/>Paahdetut rosmariiniperunat<br \/>Uunirosollia ja Aurajuusto-vaahtoa<\/p>\n<p>Jouluinen kerrosj\u00e4lkk\u00e4ri: Piparia, luumumoussea ja paahdettua valkosuklaata<br \/>Suklaakonvehteja<br \/>Kahvia ja teet\u00e4<\/p>\n<p><strong>54 \u20ac<\/strong><\/p>\n<p>Varauskyselyt: <a href=\"mailto:info@jaakkolareineerfarm.com\">info@jaakkolareineerfarm.com\u00a0<\/a>tai <a href=\"tel:+358401634270\">040 163 4270<\/a><\/p>\n<\/div>\n<p><!--more--><br \/>\n<!-- {\"type\":\"layout\",\"children\":[{\"type\":\"section\",\"props\":{\"animation\":\"slide-bottom\",\"animation_delay\":\"150\",\"header_transparent\":true,\"header_transparent_noplaceholder\":false,\"header_transparent_text_color\":\"light\",\"height\":\"viewport\",\"height_offset_top\":false,\"height_viewport\":50,\"image\":\"wp-content\\\/uploads\\\/2025\\\/09\\\/Juustokakku-Goahti.jpg\",\"image_effect\":\"parallax\",\"image_loading\":true,\"image_parallax_bgx\":\"100\",\"image_position\":\"center-right\",\"image_size\":\"cover\",\"image_width\":\"2560\",\"media_focal_point\":\"center-left\",\"media_overlay\":\"rgba(62, 21, 0, 0.75)\",\"media_overlay_parallax_opacity\":\"0.1,1\",\"media_overlay_parallax_start\":\"25%\",\"padding\":\"xlarge\",\"sticky\":\"cover\",\"style\":\"secondary\",\"text_color\":\"light\",\"title_breakpoint\":\"xl\",\"title_position\":\"top-left\",\"title_rotation\":\"left\",\"vertical_align\":\"bottom\",\"width\":\"expand\"},\"children\":[{\"type\":\"row\",\"children\":[{\"type\":\"column\",\"props\":{\"image_position\":\"center-center\",\"position_sticky_breakpoint\":\"m\",\"vertical_align\":\"middle\"},\"children\":[{\"type\":\"headline\",\"props\":{\"content\":\"Pikkujoulut\",\"margin\":\"default\",\"maxwidth\":\"2xlarge\",\"title_element\":\"h1\",\"title_style\":\"heading-xlarge\"}},{\"type\":\"headline\",\"props\":{\"content\":\"Pikkujoulut\",\"margin_remove_top\":true,\"maxwidth\":\"large\",\"title_element\":\"div\",\"title_style\":\"h4\",\"visibility\":\"hidden-m\"}}]}],\"props\":{\"row_gap\":\"large\"}}],\"name\":\"Hero 2\"},{\"name\":\"About\",\"type\":\"section\",\"props\":{\"animation\":\"slide-bottom\",\"animation_delay\":\"250\",\"height\":\"viewport\",\"height_viewport\":80,\"image\":\"wp-content\\\/uploads\\\/2025\\\/09\\\/puuta.jpg\",\"image_loading\":false,\"image_position\":\"center-center\",\"image_size\":\"cover\",\"media_overlay\":\"rgba(8, 4, 0, 0.5)\",\"media_overlay_gradient\":\"radial-gradient(circle,rgba(78, 12, 10, 0.5) 22%, rgba(8, 0, 0, 0.75) 87%);\",\"style\":\"default\",\"text_color\":\"light\",\"title_breakpoint\":\"xl\",\"title_position\":\"top-left\",\"title_rotation\":\"left\",\"vertical_align\":\"middle\",\"width\":\"small\"},\"children\":[{\"type\":\"row\",\"children\":[{\"type\":\"column\",\"props\":{\"image_position\":\"center-center\",\"position_sticky_breakpoint\":\"m\",\"width_medium\":\"1-1\"},\"children\":[{\"type\":\"headline\",\"props\":{\"content\":\"\n\n<p>Saisimmeko kattaa maistuvan pikkujoulup\\u00f6yd\\u00e4n viihtyis\\u00e4\\u00e4n kotaravintolaan porotilan kauniiseen pihapiiriin?<\\\/p>\",\"margin_remove_top\":true,\"maxwidth\":\"2xlarge\",\"title_element\":\"div\",\"title_style\":\"h1\",\"visibility\":\"m\"}},{\"type\":\"text\",\"props\":{\"animation\":\"none\",\"column\":\"1-2\",\"column_breakpoint\":\"m\",\"column_divider\":false,\"content\":\"\n\n<p>Porotilan pikkujoulukausi k\\u00e4ynnistyy lokakuun lopulla ja jatkuu aina joulukuun puoleen v\\u00e4liin saakka. Porotilan pikkujoulut tarkoittavat mutkatonta palvelua, l\\u00e4mminhenkist\\u00e4 tunnelmaa, ja taatusti maistuvia tarjoiluja 52-paikkaisessa kotaravintola Goahtissa.<\\\/p>\\n\n\n<p>Lis\\u00e4maksusta tarjoamme kotakaraokea, j\\u00e4rjest\\u00e4mme el\\u00e4v\\u00e4\\u00e4 musiikkia tai vaikkapa porotilan em\\u00e4nn\\u00e4n kotavisat. Kodalla on ostettavissa pieni, huolella valittu valikoima oluita, viinej\\u00e4, j\\u00e4lkiruokajuomia sek\\u00e4 alkoholittomia virvokkeita. Alkuun suosittelemme talon karpalogl\\u00f6gi\\u00e4, jonka saa my\\u00f6s siev\\u00e4sti ter\\u00e4stettyn\\u00e4.<\\\/p>\\n\n\n<p>Minimiosallistujam\\u00e4\\u00e4r\\u00e4 pikkujouluille on 10 henke\\u00e4, mutta voit tiedustella my\\u00f6s mahdollisuutta tulla nautiskelemaan pienemm\\u00e4ll\\u00e4 porukalla jonkin toisen ryhm\\u00e4n kanssa samanaikaisesti.<\\\/p>\\n\n\n<p>Jos sopivaa ajankohtaa ei l\\u00f6ydy, my\\u00f6s vuonna herkulliset pikkujoulutarjoilut voi tilata kauttamme\\u00a0 johonkin muuhun juhlapaikkaan.\\u00a0<\\\/p>\\n\n\n<p>Hyv\\u00e4n mielen pikkujouluetuna kirkonkyl\\u00e4lt\\u00e4 saapuville ryhmille paketoimme bussikuljetukset puoleen hintaan.\\u00a0\\u00a0<\\\/p>\",\"margin\":\"large\"}},{\"type\":\"image\",\"props\":{\"image\":\"wp-content\\\/uploads\\\/2025\\\/09\\\/tonttu.jpg\",\"image_svg_color\":\"emphasis\",\"margin\":\"default\"}}]}]}]},{\"name\":\"About\",\"type\":\"section\",\"props\":{\"animation\":\"slide-bottom\",\"animation_delay\":\"250\",\"height\":\"viewport\",\"height_viewport\":80,\"image\":\"wp-content\\\/uploads\\\/2025\\\/09\\\/puuta.jpg\",\"image_loading\":false,\"image_position\":\"center-center\",\"image_size\":\"cover\",\"media_overlay\":\"rgba(8, 4, 0, 0.8)\",\"media_overlay_gradient\":\"radial-gradient(circle,rgba(78, 12, 10, 0.5) 22%, rgba(8, 0, 0, 0.75) 87%);\",\"style\":\"default\",\"text_color\":\"light\",\"title_breakpoint\":\"xl\",\"title_position\":\"top-left\",\"title_rotation\":\"left\",\"vertical_align\":\"middle\",\"width\":\"small\"},\"children\":[{\"type\":\"row\",\"children\":[{\"type\":\"column\",\"props\":{\"image_position\":\"center-center\",\"position_sticky_breakpoint\":\"m\",\"width_medium\":\"1-1\"},\"children\":[{\"type\":\"headline\",\"props\":{\"content\":\"Goahtin pikkujoulumenu\",\"margin_remove_top\":true,\"text_align\":\"center\",\"title_element\":\"div\",\"title_style\":\"h1\",\"visibility\":\"m\"}},{\"type\":\"headline\",\"props\":{\"content\":\"\n\n<p>Leip\\u00e4valikoima ja ruskistettua voivaahtoa<br \\\/>Vihersalaattia ja itsetehtyj\\u00e4 kastikkeita<br \\\/>Marinoituja kasviksia<br \\\/>Mets\\u00e4sienisalaattia<br \\\/>Lasimestarin silli\\u00e4<br \\\/>Katkarapumoussea<br \\\/>Graavilohta<\\\/p>\\n\n\n<p>Ylikyps\\u00e4\\u00e4 poroa mausteliemess\\u00e4<br \\\/>Joulukinkkua ja sinappi-kermakastiketta<br \\\/>Lanttulaatikkoa<br \\\/>Porkkanalaatikkoa<br \\\/>Paahdetut rosmariiniperunat<br \\\/>Uunirosollia ja Aurajuusto-vaahtoa<\\\/p>\\n\n\n<p>Jouluinen kerrosj\\u00e4lkk\\u00e4ri: Piparia, luumumoussea ja paahdettua valkosuklaata<br \\\/>Suklaakonvehteja<br \\\/>Kahvia ja teet\\u00e4<\\\/p>\\n\n\n<p><strong>54 \\u20ac<\\\/strong><\\\/p>\\n\n\n<p>Varauskyselyt: <a href=\\\"mailto:info@jaakkolareineerfarm.com\\\">info@jaakkolareineerfarm.com\\u00a0<\\\/a>tai <a href=\\\"tel:+358401634270\\\">040 163 4270<\\\/a><\\\/p>\",\"text_align\":\"center\",\"title_element\":\"div\",\"title_font_family\":\"tertiary\",\"title_style\":\"text-large\"}}]}]}]}],\"version\":\"4.5.28\"} --><\/p>\n","protected":false},"excerpt":{"rendered":"<p>Pikkujoulut Pikkujoulut Saisimmeko kattaa maistuvan pikkujoulup\u00f6yd\u00e4n viihtyis\u00e4\u00e4n kotaravintolaan porotilan kauniiseen pihapiiriin? Porotilan pikkujoulukausi k\u00e4ynnistyy lokakuun lopulla ja jatkuu aina joulukuun puoleen v\u00e4liin saakka. Porotilan pikkujoulut tarkoittavat mutkatonta palvelua, l\u00e4mminhenkist\u00e4 tunnelmaa, ja taatusti maistuvia tarjoiluja 52-paikkaisessa kotaravintola Goahtissa. Lis\u00e4maksusta tarjoamme kotakaraokea, j\u00e4rjest\u00e4mme el\u00e4v\u00e4\u00e4 musiikkia tai vaikkapa porotilan em\u00e4nn\u00e4n kotavisat. Kodalla on ostettavissa pieni, huolella valittu valikoima [&hellip;]<\/p>\n","protected":false},"author":1,"featured_media":0,"parent":382,"menu_order":0,"comment_status":"closed","ping_status":"closed","template":"","meta":{"footnotes":""},"class_list":["post-713","page","type-page","status-publish","hentry"],"yoast_head":"<!-- This site is optimized with the Yoast SEO plugin v27.1.1 - https:\/\/yoast.com\/product\/yoast-seo-wordpress\/ -->\n<title>Pikkujoulut - Jaakkola Reindeer Farm<\/title>\n<meta name=\"robots\" content=\"index, follow, max-snippet:-1, max-image-preview:large, max-video-preview:-1\" \/>\n<link rel=\"canonical\" href=\"https:\/\/jaakkolareindeerfarm.com\/fi\/kotaravintola-goahti\/pikkujoulut\/\" \/>\n<meta property=\"og:locale\" content=\"fi_FI\" \/>\n<meta property=\"og:type\" content=\"article\" \/>\n<meta property=\"og:title\" content=\"Pikkujoulut - Jaakkola Reindeer Farm\" \/>\n<meta property=\"og:description\" content=\"Pikkujoulut Pikkujoulut Saisimmeko kattaa maistuvan pikkujoulup\u00f6yd\u00e4n viihtyis\u00e4\u00e4n kotaravintolaan porotilan kauniiseen pihapiiriin? Porotilan pikkujoulukausi k\u00e4ynnistyy lokakuun lopulla ja jatkuu aina joulukuun puoleen v\u00e4liin saakka. Porotilan pikkujoulut tarkoittavat mutkatonta palvelua, l\u00e4mminhenkist\u00e4 tunnelmaa, ja taatusti maistuvia tarjoiluja 52-paikkaisessa kotaravintola Goahtissa. Lis\u00e4maksusta tarjoamme kotakaraokea, j\u00e4rjest\u00e4mme el\u00e4v\u00e4\u00e4 musiikkia tai vaikkapa porotilan em\u00e4nn\u00e4n kotavisat. Kodalla on ostettavissa pieni, huolella valittu valikoima [&hellip;]\" \/>\n<meta property=\"og:url\" content=\"https:\/\/jaakkolareindeerfarm.com\/fi\/kotaravintola-goahti\/pikkujoulut\/\" \/>\n<meta property=\"og:site_name\" content=\"Jaakkola Reindeer Farm\" \/>\n<meta property=\"article:publisher\" content=\"https:\/\/www.facebook.com\/Jaakkolareindeerfarm\/\" \/>\n<meta property=\"article:modified_time\" content=\"2025-10-14T13:49:57+00:00\" \/>\n<meta property=\"og:image\" content=\"https:\/\/jaakkolareindeerfarm.com\/wp-content\/uploads\/2025\/09\/Anu-ja-Jani-porojen-kanssa.jpg\" \/>\n\t<meta property=\"og:image:width\" content=\"1920\" \/>\n\t<meta property=\"og:image:height\" content=\"1280\" \/>\n\t<meta property=\"og:image:type\" content=\"image\/jpeg\" \/>\n<meta name=\"twitter:card\" content=\"summary_large_image\" \/>\n<script type=\"application\/ld+json\" class=\"yoast-schema-graph\">{\"@context\":\"https:\/\/schema.org\",\"@graph\":[{\"@type\":\"WebPage\",\"@id\":\"https:\/\/jaakkolareindeerfarm.com\/fi\/kotaravintola-goahti\/pikkujoulut\/\",\"url\":\"https:\/\/jaakkolareindeerfarm.com\/fi\/kotaravintola-goahti\/pikkujoulut\/\",\"name\":\"Pikkujoulut - Jaakkola Reindeer Farm\",\"isPartOf\":{\"@id\":\"https:\/\/jaakkolareindeerfarm.com\/fi\/#website\"},\"datePublished\":\"2025-10-13T06:35:26+00:00\",\"dateModified\":\"2025-10-14T13:49:57+00:00\",\"breadcrumb\":{\"@id\":\"https:\/\/jaakkolareindeerfarm.com\/fi\/kotaravintola-goahti\/pikkujoulut\/#breadcrumb\"},\"inLanguage\":\"fi\",\"potentialAction\":[{\"@type\":\"ReadAction\",\"target\":[\"https:\/\/jaakkolareindeerfarm.com\/fi\/kotaravintola-goahti\/pikkujoulut\/\"]}]},{\"@type\":\"BreadcrumbList\",\"@id\":\"https:\/\/jaakkolareindeerfarm.com\/fi\/kotaravintola-goahti\/pikkujoulut\/#breadcrumb\",\"itemListElement\":[{\"@type\":\"ListItem\",\"position\":1,\"name\":\"Home\",\"item\":\"https:\/\/jaakkolareindeerfarm.com\/fi\/\"},{\"@type\":\"ListItem\",\"position\":2,\"name\":\"Kotaravintola Goahti\",\"item\":\"https:\/\/jaakkolareindeerfarm.com\/fi\/kotaravintola-goahti\/\"},{\"@type\":\"ListItem\",\"position\":3,\"name\":\"Pikkujoulut\"}]},{\"@type\":\"WebSite\",\"@id\":\"https:\/\/jaakkolareindeerfarm.com\/fi\/#website\",\"url\":\"https:\/\/jaakkolareindeerfarm.com\/fi\/\",\"name\":\"Jaakkola Reindeer Farm\",\"description\":\"Reindeer programs in Finnish Lapland\",\"publisher\":{\"@id\":\"https:\/\/jaakkolareindeerfarm.com\/fi\/#organization\"},\"potentialAction\":[{\"@type\":\"SearchAction\",\"target\":{\"@type\":\"EntryPoint\",\"urlTemplate\":\"https:\/\/jaakkolareindeerfarm.com\/fi\/?s={search_term_string}\"},\"query-input\":{\"@type\":\"PropertyValueSpecification\",\"valueRequired\":true,\"valueName\":\"search_term_string\"}}],\"inLanguage\":\"fi\"},{\"@type\":\"Organization\",\"@id\":\"https:\/\/jaakkolareindeerfarm.com\/fi\/#organization\",\"name\":\"Jaakkola Reindeer Farm, Finnish Lapland\",\"alternateName\":\"Authentic Reindeer Farm in Lapland, Finland\",\"url\":\"https:\/\/jaakkolareindeerfarm.com\/fi\/\",\"logo\":{\"@type\":\"ImageObject\",\"inLanguage\":\"fi\",\"@id\":\"https:\/\/jaakkolareindeerfarm.com\/fi\/#\/schema\/logo\/image\/\",\"url\":\"https:\/\/jaakkolareindeerfarm.com\/wp-content\/uploads\/2025\/09\/cropped-jaakkola_symboli2-1.png\",\"contentUrl\":\"https:\/\/jaakkolareindeerfarm.com\/wp-content\/uploads\/2025\/09\/cropped-jaakkola_symboli2-1.png\",\"width\":512,\"height\":512,\"caption\":\"Jaakkola Reindeer Farm, Finnish Lapland\"},\"image\":{\"@id\":\"https:\/\/jaakkolareindeerfarm.com\/fi\/#\/schema\/logo\/image\/\"},\"sameAs\":[\"https:\/\/www.facebook.com\/Jaakkolareindeerfarm\/\",\"https:\/\/www.instagram.com\/\",\"https:\/\/www.tripadvisor.fi\/Attraction_Review-g1393474-d9743575-Reviews-Jaakkola_Reindeer_Farm-Luosto_Lapland.html\",\"https:\/\/www.youtube.com\/watch?v=7s6ynyg8pwg\"]}]}<\/script>\n<!-- \/ Yoast SEO plugin. -->","yoast_head_json":{"title":"Pikkujoulut - Jaakkola Reindeer Farm","robots":{"index":"index","follow":"follow","max-snippet":"max-snippet:-1","max-image-preview":"max-image-preview:large","max-video-preview":"max-video-preview:-1"},"canonical":"https:\/\/jaakkolareindeerfarm.com\/fi\/kotaravintola-goahti\/pikkujoulut\/","og_locale":"fi_FI","og_type":"article","og_title":"Pikkujoulut - Jaakkola Reindeer Farm","og_description":"Pikkujoulut Pikkujoulut Saisimmeko kattaa maistuvan pikkujoulup\u00f6yd\u00e4n viihtyis\u00e4\u00e4n kotaravintolaan porotilan kauniiseen pihapiiriin? Porotilan pikkujoulukausi k\u00e4ynnistyy lokakuun lopulla ja jatkuu aina joulukuun puoleen v\u00e4liin saakka. Porotilan pikkujoulut tarkoittavat mutkatonta palvelua, l\u00e4mminhenkist\u00e4 tunnelmaa, ja taatusti maistuvia tarjoiluja 52-paikkaisessa kotaravintola Goahtissa. Lis\u00e4maksusta tarjoamme kotakaraokea, j\u00e4rjest\u00e4mme el\u00e4v\u00e4\u00e4 musiikkia tai vaikkapa porotilan em\u00e4nn\u00e4n kotavisat. Kodalla on ostettavissa pieni, huolella valittu valikoima [&hellip;]","og_url":"https:\/\/jaakkolareindeerfarm.com\/fi\/kotaravintola-goahti\/pikkujoulut\/","og_site_name":"Jaakkola Reindeer Farm","article_publisher":"https:\/\/www.facebook.com\/Jaakkolareindeerfarm\/","article_modified_time":"2025-10-14T13:49:57+00:00","og_image":[{"width":1920,"height":1280,"url":"https:\/\/jaakkolareindeerfarm.com\/wp-content\/uploads\/2025\/09\/Anu-ja-Jani-porojen-kanssa.jpg","type":"image\/jpeg"}],"twitter_card":"summary_large_image","schema":{"@context":"https:\/\/schema.org","@graph":[{"@type":"WebPage","@id":"https:\/\/jaakkolareindeerfarm.com\/fi\/kotaravintola-goahti\/pikkujoulut\/","url":"https:\/\/jaakkolareindeerfarm.com\/fi\/kotaravintola-goahti\/pikkujoulut\/","name":"Pikkujoulut - Jaakkola Reindeer Farm","isPartOf":{"@id":"https:\/\/jaakkolareindeerfarm.com\/fi\/#website"},"datePublished":"2025-10-13T06:35:26+00:00","dateModified":"2025-10-14T13:49:57+00:00","breadcrumb":{"@id":"https:\/\/jaakkolareindeerfarm.com\/fi\/kotaravintola-goahti\/pikkujoulut\/#breadcrumb"},"inLanguage":"fi","potentialAction":[{"@type":"ReadAction","target":["https:\/\/jaakkolareindeerfarm.com\/fi\/kotaravintola-goahti\/pikkujoulut\/"]}]},{"@type":"BreadcrumbList","@id":"https:\/\/jaakkolareindeerfarm.com\/fi\/kotaravintola-goahti\/pikkujoulut\/#breadcrumb","itemListElement":[{"@type":"ListItem","position":1,"name":"Home","item":"https:\/\/jaakkolareindeerfarm.com\/fi\/"},{"@type":"ListItem","position":2,"name":"Kotaravintola Goahti","item":"https:\/\/jaakkolareindeerfarm.com\/fi\/kotaravintola-goahti\/"},{"@type":"ListItem","position":3,"name":"Pikkujoulut"}]},{"@type":"WebSite","@id":"https:\/\/jaakkolareindeerfarm.com\/fi\/#website","url":"https:\/\/jaakkolareindeerfarm.com\/fi\/","name":"Jaakkola Reindeer Farm","description":"Reindeer programs in Finnish Lapland","publisher":{"@id":"https:\/\/jaakkolareindeerfarm.com\/fi\/#organization"},"potentialAction":[{"@type":"SearchAction","target":{"@type":"EntryPoint","urlTemplate":"https:\/\/jaakkolareindeerfarm.com\/fi\/?s={search_term_string}"},"query-input":{"@type":"PropertyValueSpecification","valueRequired":true,"valueName":"search_term_string"}}],"inLanguage":"fi"},{"@type":"Organization","@id":"https:\/\/jaakkolareindeerfarm.com\/fi\/#organization","name":"Jaakkola Reindeer Farm, Finnish Lapland","alternateName":"Authentic Reindeer Farm in Lapland, Finland","url":"https:\/\/jaakkolareindeerfarm.com\/fi\/","logo":{"@type":"ImageObject","inLanguage":"fi","@id":"https:\/\/jaakkolareindeerfarm.com\/fi\/#\/schema\/logo\/image\/","url":"https:\/\/jaakkolareindeerfarm.com\/wp-content\/uploads\/2025\/09\/cropped-jaakkola_symboli2-1.png","contentUrl":"https:\/\/jaakkolareindeerfarm.com\/wp-content\/uploads\/2025\/09\/cropped-jaakkola_symboli2-1.png","width":512,"height":512,"caption":"Jaakkola Reindeer Farm, Finnish Lapland"},"image":{"@id":"https:\/\/jaakkolareindeerfarm.com\/fi\/#\/schema\/logo\/image\/"},"sameAs":["https:\/\/www.facebook.com\/Jaakkolareindeerfarm\/","https:\/\/www.instagram.com\/","https:\/\/www.tripadvisor.fi\/Attraction_Review-g1393474-d9743575-Reviews-Jaakkola_Reindeer_Farm-Luosto_Lapland.html","https:\/\/www.youtube.com\/watch?v=7s6ynyg8pwg"]}]}},"_links":{"self":[{"href":"https:\/\/jaakkolareindeerfarm.com\/fi\/wp-json\/wp\/v2\/pages\/713","targetHints":{"allow":["GET"]}}],"collection":[{"href":"https:\/\/jaakkolareindeerfarm.com\/fi\/wp-json\/wp\/v2\/pages"}],"about":[{"href":"https:\/\/jaakkolareindeerfarm.com\/fi\/wp-json\/wp\/v2\/types\/page"}],"author":[{"embeddable":true,"href":"https:\/\/jaakkolareindeerfarm.com\/fi\/wp-json\/wp\/v2\/users\/1"}],"replies":[{"embeddable":true,"href":"https:\/\/jaakkolareindeerfarm.com\/fi\/wp-json\/wp\/v2\/comments?post=713"}],"version-history":[{"count":9,"href":"https:\/\/jaakkolareindeerfarm.com\/fi\/wp-json\/wp\/v2\/pages\/713\/revisions"}],"predecessor-version":[{"id":726,"href":"https:\/\/jaakkolareindeerfarm.com\/fi\/wp-json\/wp\/v2\/pages\/713\/revisions\/726"}],"up":[{"embeddable":true,"href":"https:\/\/jaakkolareindeerfarm.com\/fi\/wp-json\/wp\/v2\/pages\/382"}],"wp:attachment":[{"href":"https:\/\/jaakkolareindeerfarm.com\/fi\/wp-json\/wp\/v2\/media?parent=713"}],"curies":[{"name":"wp","href":"https:\/\/api.w.org\/{rel}","templated":true}]}}